{"id":6,"date":"2018-01-30T22:30:48","date_gmt":"2018-01-30T21:30:48","guid":{"rendered":"https:\/\/sonnenanker.de\/se\/?page_id=6"},"modified":"2021-03-10T17:42:27","modified_gmt":"2021-03-10T16:42:27","slug":"filmer","status":"publish","type":"page","link":"https:\/\/sonnenanker.com\/se\/filmer\/","title":{"rendered":"Filmer"},"content":{"rendered":"<div class=\"wpb-content-wrapper\"><p>[vc_row row_type=&#8221;row&#8221; use_row_as_full_screen_section=&#8221;no&#8221; type=&#8221;full_width&#8221; text_align=&#8221;left&#8221; background_color=&#8221;#f5f5f5&#8243; background_animation=&#8221;none&#8221; padding_top=&#8221;70&#8243; padding_bottom=&#8221;50&#8243; css_animation=&#8221;&#8221;][vc_column][vc_row_inner row_type=&#8221;row&#8221; type=&#8221;grid&#8221; use_row_as_full_screen_section_slide=&#8221;no&#8221; text_align=&#8221;left&#8221; css_animation=&#8221;&#8221;][vc_column_inner][vc_column_text]<\/p>\n<h2>SOLANKARETS FUNKTION<\/h2>\n<p>[\/vc_column_text][vc_separator type=&#8221;transparent&#8221; border_style=&#8221;&#8221;][vc_video link=&#8221;https:\/\/youtu.be\/XWEEILPN7GM&#8221;][\/vc_column_inner][\/vc_row_inner][\/vc_column][\/vc_row][vc_row row_type=&#8221;row&#8221; use_row_as_full_screen_section=&#8221;no&#8221; type=&#8221;full_width&#8221; text_align=&#8221;left&#8221; background_animation=&#8221;none&#8221; padding_top=&#8221;50&#8243; padding_bottom=&#8221;50&#8243; css_animation=&#8221;&#8221;][vc_column][vc_row_inner row_type=&#8221;row&#8221; type=&#8221;grid&#8221; use_row_as_full_screen_section_slide=&#8221;no&#8221; text_align=&#8221;right&#8221; css_animation=&#8221;&#8221;][vc_column_inner][vc_column_text]<\/p>\n<h2 style=\"text-align: left;\">BARNSLIGT ENKELT ATT FLYTTA SOLANKARET<\/h2>\n<p>[\/vc_column_text][vc_separator type=&#8221;transparent&#8221; border_style=&#8221;&#8221;][vc_video link=&#8221;https:\/\/youtu.be\/pvLhiCqOpVk&#8221;][vc_empty_space height=&#8221;15px&#8221;][vc_column_text]<img loading=\"lazy\" decoding=\"async\" class=\"aligncenter wp-image-22071\" src=\"https:\/\/sonnenanker.de\/wp-content\/uploads\/2015\/08\/sonnenanker.png\" alt=\"sonnenanker\" width=\"70\" height=\"119\" \/>[\/vc_column_text][\/vc_column_inner][\/vc_row_inner][\/vc_column][\/vc_row]<\/p>\n<\/div>","protected":false},"excerpt":{"rendered":"<p>[vc_row row_type=&#8221;row&#8221; use_row_as_full_screen_section=&#8221;no&#8221; type=&#8221;full_width&#8221; text_align=&#8221;left&#8221; background_color=&#8221;#f5f5f5&#8243; background_animation=&#8221;none&#8221; padding_top=&#8221;70&#8243; padding_bottom=&#8221;50&#8243; css_animation=&#8221;&#8221;][vc_column][vc_row_inner row_type=&#8221;row&#8221; type=&#8221;grid&#8221; use_row_as_full_screen_section_slide=&#8221;no&#8221; text_align=&#8221;left&#8221; css_animation=&#8221;&#8221;][vc_column_inner][vc_column_text] SOLANKARETS FUNKTION [\/vc_column_text][vc_separator type=&#8221;transparent&#8221; border_style=&#8221;&#8221;][vc_video link=&#8221;https:\/\/youtu.be\/XWEEILPN7GM&#8221;][\/vc_column_inner][\/vc_row_inner][\/vc_column][\/vc_row][vc_row row_type=&#8221;row&#8221; use_row_as_full_screen_section=&#8221;no&#8221; type=&#8221;full_width&#8221; text_align=&#8221;left&#8221; background_animation=&#8221;none&#8221; padding_top=&#8221;50&#8243; padding_bottom=&#8221;50&#8243; css_animation=&#8221;&#8221;][vc_column][vc_row_inner row_type=&#8221;row&#8221; type=&#8221;grid&#8221; use_row_as_full_screen_section_slide=&#8221;no&#8221; text_align=&#8221;right&#8221; css_animation=&#8221;&#8221;][vc_column_inner][vc_column_text] BARNSLIGT ENKELT ATT FLYTTA SOLANKARET [\/vc_column_text][vc_separator type=&#8221;transparent&#8221; border_style=&#8221;&#8221;][vc_video link=&#8221;https:\/\/youtu.be\/pvLhiCqOpVk&#8221;][vc_empty_space height=&#8221;15px&#8221;][vc_column_text][\/vc_column_text][\/vc_column_inner][\/vc_row_inner][\/vc_column][\/vc_row]<\/p>\n","protected":false},"author":1,"featured_media":0,"parent":0,"menu_order":0,"comment_status":"closed","ping_status":"closed","template":"full_width.php","meta":{"inline_featured_image":false,"footnotes":""},"class_list":["post-6","page","type-page","status-publish","hentry"],"yoast_head":"<!-- This site is optimized with the Yoast SEO Premium plugin v24.9 (Yoast SEO v27.3) - https:\/\/yoast.com\/product\/yoast-seo-premium-wordpress\/ -->\n<title>Filmer - sonnenanker | SE<\/title>\n<meta name=\"robots\" content=\"index, follow, max-snippet:-1, max-image-preview:large, max-video-preview:-1\" \/>\n<link rel=\"canonical\" href=\"https:\/\/sonnenanker.com\/se\/filmer\/\" \/>\n<meta property=\"og:locale\" content=\"sv_SE\" \/>\n<meta property=\"og:type\" content=\"article\" \/>\n<meta property=\"og:title\" content=\"Filmer\" \/>\n<meta property=\"og:description\" content=\"[vc_row row_type=&#8221;row&#8221; use_row_as_full_screen_section=&#8221;no&#8221; type=&#8221;full_width&#8221; text_align=&#8221;left&#8221; background_color=&#8221;#f5f5f5&#8243; background_animation=&#8221;none&#8221; padding_top=&#8221;70&#8243; padding_bottom=&#8221;50&#8243; css_animation=&#8221;&#8221;][vc_column][vc_row_inner row_type=&#8221;row&#8221; type=&#8221;grid&#8221; use_row_as_full_screen_section_slide=&#8221;no&#8221; text_align=&#8221;left&#8221; css_animation=&#8221;&#8221;][vc_column_inner][vc_column_text] SOLANKARETS FUNKTION [\/vc_column_text][vc_separator type=&#8221;transparent&#8221; border_style=&#8221;&#8221;][vc_video link=&#8221;https:\/\/youtu.be\/XWEEILPN7GM&#8221;][\/vc_column_inner][\/vc_row_inner][\/vc_column][\/vc_row][vc_row row_type=&#8221;row&#8221; use_row_as_full_screen_section=&#8221;no&#8221; type=&#8221;full_width&#8221; text_align=&#8221;left&#8221; background_animation=&#8221;none&#8221; padding_top=&#8221;50&#8243; padding_bottom=&#8221;50&#8243; css_animation=&#8221;&#8221;][vc_column][vc_row_inner row_type=&#8221;row&#8221; type=&#8221;grid&#8221; use_row_as_full_screen_section_slide=&#8221;no&#8221; text_align=&#8221;right&#8221; css_animation=&#8221;&#8221;][vc_column_inner][vc_column_text] BARNSLIGT ENKELT ATT FLYTTA SOLANKARET [\/vc_column_text][vc_separator type=&#8221;transparent&#8221; border_style=&#8221;&#8221;][vc_video link=&#8221;https:\/\/youtu.be\/pvLhiCqOpVk&#8221;][vc_empty_space height=&#8221;15px&#8221;][vc_column_text][\/vc_column_text][\/vc_column_inner][\/vc_row_inner][\/vc_column][\/vc_row]\" \/>\n<meta property=\"og:url\" content=\"https:\/\/sonnenanker.com\/se\/filmer\/\" \/>\n<meta property=\"og:site_name\" content=\"sonnenanker | SE\" \/>\n<meta property=\"article:modified_time\" content=\"2021-03-10T16:42:27+00:00\" \/>\n<meta property=\"og:image\" content=\"https:\/\/sonnenanker.de\/wp-content\/uploads\/2015\/08\/sonnenanker.png\" \/>\n<meta name=\"twitter:card\" content=\"summary_large_image\" \/>\n<meta name=\"twitter:label1\" content=\"Ber\u00e4knad l\u00e4stid\" \/>\n\t<meta name=\"twitter:data1\" content=\"1 minut\" \/>\n<script type=\"application\/ld+json\" class=\"yoast-schema-graph\">{\"@context\":\"https:\\\/\\\/schema.org\",\"@graph\":[{\"@type\":\"WebPage\",\"@id\":\"https:\\\/\\\/sonnenanker.com\\\/se\\\/filmer\\\/\",\"url\":\"https:\\\/\\\/sonnenanker.com\\\/se\\\/filmer\\\/\",\"name\":\"Filmer - sonnenanker | SE\",\"isPartOf\":{\"@id\":\"https:\\\/\\\/sonnenanker.com\\\/se\\\/#website\"},\"primaryImageOfPage\":{\"@id\":\"https:\\\/\\\/sonnenanker.com\\\/se\\\/filmer\\\/#primaryimage\"},\"image\":{\"@id\":\"https:\\\/\\\/sonnenanker.com\\\/se\\\/filmer\\\/#primaryimage\"},\"thumbnailUrl\":\"https:\\\/\\\/sonnenanker.de\\\/wp-content\\\/uploads\\\/2015\\\/08\\\/sonnenanker.png\",\"datePublished\":\"2018-01-30T21:30:48+00:00\",\"dateModified\":\"2021-03-10T16:42:27+00:00\",\"breadcrumb\":{\"@id\":\"https:\\\/\\\/sonnenanker.com\\\/se\\\/filmer\\\/#breadcrumb\"},\"inLanguage\":\"sv-SE\",\"potentialAction\":[{\"@type\":\"ReadAction\",\"target\":[\"https:\\\/\\\/sonnenanker.com\\\/se\\\/filmer\\\/\"]}]},{\"@type\":\"ImageObject\",\"inLanguage\":\"sv-SE\",\"@id\":\"https:\\\/\\\/sonnenanker.com\\\/se\\\/filmer\\\/#primaryimage\",\"url\":\"https:\\\/\\\/sonnenanker.de\\\/wp-content\\\/uploads\\\/2015\\\/08\\\/sonnenanker.png\",\"contentUrl\":\"https:\\\/\\\/sonnenanker.de\\\/wp-content\\\/uploads\\\/2015\\\/08\\\/sonnenanker.png\"},{\"@type\":\"BreadcrumbList\",\"@id\":\"https:\\\/\\\/sonnenanker.com\\\/se\\\/filmer\\\/#breadcrumb\",\"itemListElement\":[{\"@type\":\"ListItem\",\"position\":1,\"name\":\"Startseite\",\"item\":\"https:\\\/\\\/sonnenanker.com\\\/se\\\/\"},{\"@type\":\"ListItem\",\"position\":2,\"name\":\"Filmer\"}]},{\"@type\":\"WebSite\",\"@id\":\"https:\\\/\\\/sonnenanker.com\\\/se\\\/#website\",\"url\":\"https:\\\/\\\/sonnenanker.com\\\/se\\\/\",\"name\":\"sonnenanker | SE\",\"description\":\"Uppt\u00e4ck den unika principen f\u00f6r fasts\u00e4ttning av parasoll, bord och h\u00e4ngmattor p\u00e5 terrassgolv\",\"publisher\":{\"@id\":\"https:\\\/\\\/sonnenanker.com\\\/se\\\/#organization\"},\"potentialAction\":[{\"@type\":\"SearchAction\",\"target\":{\"@type\":\"EntryPoint\",\"urlTemplate\":\"https:\\\/\\\/sonnenanker.com\\\/se\\\/?s={search_term_string}\"},\"query-input\":{\"@type\":\"PropertyValueSpecification\",\"valueRequired\":true,\"valueName\":\"search_term_string\"}}],\"inLanguage\":\"sv-SE\"},{\"@type\":\"Organization\",\"@id\":\"https:\\\/\\\/sonnenanker.com\\\/se\\\/#organization\",\"name\":\"sonnenanker\",\"url\":\"https:\\\/\\\/sonnenanker.com\\\/se\\\/\",\"logo\":{\"@type\":\"ImageObject\",\"inLanguage\":\"sv-SE\",\"@id\":\"https:\\\/\\\/sonnenanker.com\\\/se\\\/#\\\/schema\\\/logo\\\/image\\\/\",\"url\":\"https:\\\/\\\/sonnenanker.com\\\/se\\\/wp-content\\\/uploads\\\/sites\\\/6\\\/2020\\\/05\\\/sonnenanker-picture-logo.png\",\"contentUrl\":\"https:\\\/\\\/sonnenanker.com\\\/se\\\/wp-content\\\/uploads\\\/sites\\\/6\\\/2020\\\/05\\\/sonnenanker-picture-logo.png\",\"width\":200,\"height\":392,\"caption\":\"sonnenanker\"},\"image\":{\"@id\":\"https:\\\/\\\/sonnenanker.com\\\/se\\\/#\\\/schema\\\/logo\\\/image\\\/\"}}]}<\/script>\n<!-- \/ Yoast SEO Premium plugin. -->","yoast_head_json":{"title":"Filmer - sonnenanker | SE","robots":{"index":"index","follow":"follow","max-snippet":"max-snippet:-1","max-image-preview":"max-image-preview:large","max-video-preview":"max-video-preview:-1"},"canonical":"https:\/\/sonnenanker.com\/se\/filmer\/","og_locale":"sv_SE","og_type":"article","og_title":"Filmer","og_description":"[vc_row row_type=&#8221;row&#8221; use_row_as_full_screen_section=&#8221;no&#8221; type=&#8221;full_width&#8221; text_align=&#8221;left&#8221; background_color=&#8221;#f5f5f5&#8243; background_animation=&#8221;none&#8221; padding_top=&#8221;70&#8243; padding_bottom=&#8221;50&#8243; css_animation=&#8221;&#8221;][vc_column][vc_row_inner row_type=&#8221;row&#8221; type=&#8221;grid&#8221; use_row_as_full_screen_section_slide=&#8221;no&#8221; text_align=&#8221;left&#8221; css_animation=&#8221;&#8221;][vc_column_inner][vc_column_text] SOLANKARETS FUNKTION [\/vc_column_text][vc_separator type=&#8221;transparent&#8221; border_style=&#8221;&#8221;][vc_video link=&#8221;https:\/\/youtu.be\/XWEEILPN7GM&#8221;][\/vc_column_inner][\/vc_row_inner][\/vc_column][\/vc_row][vc_row row_type=&#8221;row&#8221; use_row_as_full_screen_section=&#8221;no&#8221; type=&#8221;full_width&#8221; text_align=&#8221;left&#8221; background_animation=&#8221;none&#8221; padding_top=&#8221;50&#8243; padding_bottom=&#8221;50&#8243; css_animation=&#8221;&#8221;][vc_column][vc_row_inner row_type=&#8221;row&#8221; type=&#8221;grid&#8221; use_row_as_full_screen_section_slide=&#8221;no&#8221; text_align=&#8221;right&#8221; css_animation=&#8221;&#8221;][vc_column_inner][vc_column_text] BARNSLIGT ENKELT ATT FLYTTA SOLANKARET [\/vc_column_text][vc_separator type=&#8221;transparent&#8221; border_style=&#8221;&#8221;][vc_video link=&#8221;https:\/\/youtu.be\/pvLhiCqOpVk&#8221;][vc_empty_space height=&#8221;15px&#8221;][vc_column_text][\/vc_column_text][\/vc_column_inner][\/vc_row_inner][\/vc_column][\/vc_row]","og_url":"https:\/\/sonnenanker.com\/se\/filmer\/","og_site_name":"sonnenanker | SE","article_modified_time":"2021-03-10T16:42:27+00:00","og_image":[{"url":"https:\/\/sonnenanker.de\/wp-content\/uploads\/2015\/08\/sonnenanker.png","type":"","width":"","height":""}],"twitter_card":"summary_large_image","twitter_misc":{"Ber\u00e4knad l\u00e4stid":"1 minut"},"schema":{"@context":"https:\/\/schema.org","@graph":[{"@type":"WebPage","@id":"https:\/\/sonnenanker.com\/se\/filmer\/","url":"https:\/\/sonnenanker.com\/se\/filmer\/","name":"Filmer - sonnenanker | SE","isPartOf":{"@id":"https:\/\/sonnenanker.com\/se\/#website"},"primaryImageOfPage":{"@id":"https:\/\/sonnenanker.com\/se\/filmer\/#primaryimage"},"image":{"@id":"https:\/\/sonnenanker.com\/se\/filmer\/#primaryimage"},"thumbnailUrl":"https:\/\/sonnenanker.de\/wp-content\/uploads\/2015\/08\/sonnenanker.png","datePublished":"2018-01-30T21:30:48+00:00","dateModified":"2021-03-10T16:42:27+00:00","breadcrumb":{"@id":"https:\/\/sonnenanker.com\/se\/filmer\/#breadcrumb"},"inLanguage":"sv-SE","potentialAction":[{"@type":"ReadAction","target":["https:\/\/sonnenanker.com\/se\/filmer\/"]}]},{"@type":"ImageObject","inLanguage":"sv-SE","@id":"https:\/\/sonnenanker.com\/se\/filmer\/#primaryimage","url":"https:\/\/sonnenanker.de\/wp-content\/uploads\/2015\/08\/sonnenanker.png","contentUrl":"https:\/\/sonnenanker.de\/wp-content\/uploads\/2015\/08\/sonnenanker.png"},{"@type":"BreadcrumbList","@id":"https:\/\/sonnenanker.com\/se\/filmer\/#breadcrumb","itemListElement":[{"@type":"ListItem","position":1,"name":"Startseite","item":"https:\/\/sonnenanker.com\/se\/"},{"@type":"ListItem","position":2,"name":"Filmer"}]},{"@type":"WebSite","@id":"https:\/\/sonnenanker.com\/se\/#website","url":"https:\/\/sonnenanker.com\/se\/","name":"sonnenanker | SE","description":"Uppt\u00e4ck den unika principen f\u00f6r fasts\u00e4ttning av parasoll, bord och h\u00e4ngmattor p\u00e5 terrassgolv","publisher":{"@id":"https:\/\/sonnenanker.com\/se\/#organization"},"potentialAction":[{"@type":"SearchAction","target":{"@type":"EntryPoint","urlTemplate":"https:\/\/sonnenanker.com\/se\/?s={search_term_string}"},"query-input":{"@type":"PropertyValueSpecification","valueRequired":true,"valueName":"search_term_string"}}],"inLanguage":"sv-SE"},{"@type":"Organization","@id":"https:\/\/sonnenanker.com\/se\/#organization","name":"sonnenanker","url":"https:\/\/sonnenanker.com\/se\/","logo":{"@type":"ImageObject","inLanguage":"sv-SE","@id":"https:\/\/sonnenanker.com\/se\/#\/schema\/logo\/image\/","url":"https:\/\/sonnenanker.com\/se\/wp-content\/uploads\/sites\/6\/2020\/05\/sonnenanker-picture-logo.png","contentUrl":"https:\/\/sonnenanker.com\/se\/wp-content\/uploads\/sites\/6\/2020\/05\/sonnenanker-picture-logo.png","width":200,"height":392,"caption":"sonnenanker"},"image":{"@id":"https:\/\/sonnenanker.com\/se\/#\/schema\/logo\/image\/"}}]}},"_links":{"self":[{"href":"https:\/\/sonnenanker.com\/se\/wp-json\/wp\/v2\/pages\/6","targetHints":{"allow":["GET"]}}],"collection":[{"href":"https:\/\/sonnenanker.com\/se\/wp-json\/wp\/v2\/pages"}],"about":[{"href":"https:\/\/sonnenanker.com\/se\/wp-json\/wp\/v2\/types\/page"}],"author":[{"embeddable":true,"href":"https:\/\/sonnenanker.com\/se\/wp-json\/wp\/v2\/users\/1"}],"replies":[{"embeddable":true,"href":"https:\/\/sonnenanker.com\/se\/wp-json\/wp\/v2\/comments?post=6"}],"version-history":[{"count":5,"href":"https:\/\/sonnenanker.com\/se\/wp-json\/wp\/v2\/pages\/6\/revisions"}],"predecessor-version":[{"id":56,"href":"https:\/\/sonnenanker.com\/se\/wp-json\/wp\/v2\/pages\/6\/revisions\/56"}],"wp:attachment":[{"href":"https:\/\/sonnenanker.com\/se\/wp-json\/wp\/v2\/media?parent=6"}],"curies":[{"name":"wp","href":"https:\/\/api.w.org\/{rel}","templated":true}]}}