{"id":2,"date":"2018-01-30T22:06:24","date_gmt":"2018-01-30T21:06:24","guid":{"rendered":"https:\/\/sonnenanker.de\/se\/?page_id=2"},"modified":"2021-11-24T14:36:29","modified_gmt":"2021-11-24T13:36:29","slug":"start","status":"publish","type":"page","link":"https:\/\/sonnenanker.com\/se\/","title":{"rendered":"Start"},"content":{"rendered":"<div class=\"wpb-content-wrapper\"><p>[vc_row row_type=&#8221;row&#8221; use_row_as_full_screen_section=&#8221;no&#8221; type=&#8221;full_width&#8221; text_align=&#8221;left&#8221; background_animation=&#8221;none&#8221; css_animation=&#8221;&#8221;][vc_column]<div class='qode_image_gallery_no_space dark'><div class='qode_image_gallery_holder' style='height: 600px;'><ul><li><div style=\"height: 600px; width:2092px;\"><img decoding=\"async\" src=\"https:\/\/sonnenanker.com\/se\/wp-content\/uploads\/sites\/6\/2018\/01\/start-sonnenanker-solanankere-ankere-parasoll-parasollfot-rostfritt-st\u00e5l-terrassgolv-tr\u00e4-1.jpg\" alt=\"\" \/><\/div><\/li><li><div style=\"height: 600px; width:900px;\"><img decoding=\"async\" src=\"https:\/\/sonnenanker.com\/se\/wp-content\/uploads\/sites\/6\/2018\/01\/start-sonnenanker-solanankere-ankere-parasoll-parasollfot-rostfritt-st\u00e5l-terrassgolv-tr\u00e4-3.jpg\" alt=\"\" \/><\/div><\/li><li><div style=\"height: 600px; width:900px;\"><img decoding=\"async\" src=\"https:\/\/sonnenanker.com\/se\/wp-content\/uploads\/sites\/6\/2018\/01\/start-sonnenanker-solanankere-ankere-parasoll-parasollfot-rostfritt-st\u00e5l-terrassgolv-tr\u00e4-Mediterana-B.jpg\" alt=\"\" \/><\/div><\/li><li><div style=\"height: 600px; width:1100px;\"><img decoding=\"async\" src=\"https:\/\/sonnenanker.com\/se\/wp-content\/uploads\/sites\/6\/2018\/01\/start-sonnenanker-solanankere-ankere-parasoll-parasollfot-rostfritt-st\u00e5l-terrassgolv-tr\u00e4-2.jpg\" alt=\"\" \/><\/div><\/li><li><div style=\"height: 600px; width:1100px;\"><img decoding=\"async\" src=\"https:\/\/sonnenanker.com\/se\/wp-content\/uploads\/sites\/6\/2018\/01\/start-sonnenanker-solanankere-ankere-h\u00e4ngemattor-rostfritt-st\u00e5l-terrassgolv-tr\u00e4-1.jpg\" alt=\"\" \/><\/div><\/li><li><div style=\"height: 600px; width:1295px;\"><img decoding=\"async\" src=\"https:\/\/sonnenanker.com\/se\/wp-content\/uploads\/sites\/6\/2018\/01\/start-sonnenanker-solanankere-ankere-parasoll-parasollfot-rostfritt-st\u00e5l-utm\u00e4rkt-design-terrassgolv-tr\u00e4-.jpg\" alt=\"\" \/><\/div><\/li><li><div style=\"height: 600px; width:1100px;\"><img decoding=\"async\" src=\"https:\/\/sonnenanker.com\/se\/wp-content\/uploads\/sites\/6\/2018\/01\/start-sonnenanker-solanankere-ankere-h\u00e4ngemattor-parasoll-fot-rostfritt-st\u00e5l-terrassgolv-tr\u00e4.jpg\" alt=\"\" \/><\/div><\/li><li><div style=\"height: 600px; width:900px;\"><img decoding=\"async\" src=\"https:\/\/sonnenanker.com\/se\/wp-content\/uploads\/sites\/6\/2018\/01\/start-sonnenanker-solanankere-ankere-bord-tr\u00e4dg\u00e5rdsm\u00f6bel-rostfritt-st\u00e5l-terrassgolv-tr\u00e4-2.jpg\" alt=\"\" \/><\/div><\/li><li><div style=\"height: 600px; width:900px;\"><img decoding=\"async\" src=\"https:\/\/sonnenanker.com\/se\/wp-content\/uploads\/sites\/6\/2018\/01\/start-sonnenanker-solanankere-ankere-parasoll-parasollfot-rostfritt-st\u00e5l-terrassgolv-tr\u00e4-4.jpg\" alt=\"\" \/><\/div><\/li><li><div style=\"height: 600px; width:900px;\"><img decoding=\"async\" src=\"https:\/\/sonnenanker.com\/se\/wp-content\/uploads\/sites\/6\/2018\/01\/start-sonnenanker-solanankere-ankere-bord-tr\u00e4dg\u00e5rdsm\u00f6bel-rostfritt-st\u00e5l-terrassgolv-tr\u00e4-1.jpg\" alt=\"\" \/><\/div><\/li><li><div style=\"height: 600px; width:1100px;\"><img decoding=\"async\" src=\"https:\/\/sonnenanker.com\/se\/wp-content\/uploads\/sites\/6\/2018\/01\/start-sonnenanker-solanankere-ankere-h\u00e4ngemattor-rostfritt-st\u00e5l-terrassgolv-tr\u00e4-3.jpg\" alt=\"\" \/><\/div><\/li><\/ul><\/div><div class=\"controls\"><a class=\"prev-slide\" href=\"#\"><span class=\"arrow_carrot-left\"><\/span><\/a><a class=\"next-slide\" href=\"#\"><span class=\"arrow_carrot-right\"><\/span><\/a><\/div><\/div>[vc_row_inner row_type=&#8221;row&#8221; type=&#8221;grid&#8221; use_row_as_full_screen_section_slide=&#8221;no&#8221; text_align=&#8221;left&#8221; css_animation=&#8221;&#8221;][vc_column_inner][vc_empty_space height=&#8221;30px&#8221;][vc_column_text]<\/p>\n<h1 style=\"text-align: center;\">Forankret s\u00e4kert pa TR\u00c4TERRASSER<\/h1>\n<p>[\/vc_column_text][vc_empty_space height=&#8221;15px&#8221;][vc_column_text]<img loading=\"lazy\" decoding=\"async\" class=\"aligncenter wp-image-22071\" src=\"https:\/\/sonnenanker.de\/wp-content\/uploads\/2015\/08\/sonnenanker.png\" alt=\"sonnenanker\" width=\"70\" height=\"119\" \/>[\/vc_column_text][\/vc_column_inner][\/vc_row_inner][\/vc_column][\/vc_row]<\/p>\n<\/div>","protected":false},"excerpt":{"rendered":"<p>[vc_row row_type=&#8221;row&#8221; use_row_as_full_screen_section=&#8221;no&#8221; type=&#8221;full_width&#8221; text_align=&#8221;left&#8221; background_animation=&#8221;none&#8221; css_animation=&#8221;&#8221;][vc_column][vc_row_inner row_type=&#8221;row&#8221; type=&#8221;grid&#8221; use_row_as_full_screen_section_slide=&#8221;no&#8221; text_align=&#8221;left&#8221; css_animation=&#8221;&#8221;][vc_column_inner][vc_empty_space height=&#8221;30px&#8221;][vc_column_text] Forankret s\u00e4kert pa TR\u00c4TERRASSER [\/vc_column_text][vc_empty_space height=&#8221;15px&#8221;][vc_column_text][\/vc_column_text][\/vc_column_inner][\/vc_row_inner][\/vc_column][\/vc_row]<\/p>\n","protected":false},"author":1,"featured_media":0,"parent":0,"menu_order":0,"comment_status":"closed","ping_status":"open","template":"full_width.php","meta":{"inline_featured_image":false,"footnotes":""},"class_list":["post-2","page","type-page","status-publish","hentry"],"yoast_head":"<!-- This site is optimized with the Yoast SEO Premium plugin v24.9 (Yoast SEO v27.3) - https:\/\/yoast.com\/product\/yoast-seo-premium-wordpress\/ -->\n<title>Start - sonnenanker | SE<\/title>\n<meta name=\"robots\" content=\"index, follow, max-snippet:-1, max-image-preview:large, max-video-preview:-1\" \/>\n<link rel=\"canonical\" href=\"https:\/\/sonnenanker.com\/se\/\" \/>\n<meta property=\"og:locale\" content=\"sv_SE\" \/>\n<meta property=\"og:type\" content=\"article\" \/>\n<meta property=\"og:title\" content=\"Start\" \/>\n<meta property=\"og:description\" content=\"[vc_row row_type=&#8221;row&#8221; use_row_as_full_screen_section=&#8221;no&#8221; type=&#8221;full_width&#8221; text_align=&#8221;left&#8221; background_animation=&#8221;none&#8221; css_animation=&#8221;&#8221;][vc_column][vc_row_inner row_type=&#8221;row&#8221; type=&#8221;grid&#8221; use_row_as_full_screen_section_slide=&#8221;no&#8221; text_align=&#8221;left&#8221; css_animation=&#8221;&#8221;][vc_column_inner][vc_empty_space height=&#8221;30px&#8221;][vc_column_text] Forankret s\u00e4kert pa TR\u00c4TERRASSER [\/vc_column_text][vc_empty_space height=&#8221;15px&#8221;][vc_column_text][\/vc_column_text][\/vc_column_inner][\/vc_row_inner][\/vc_column][\/vc_row]\" \/>\n<meta property=\"og:url\" content=\"https:\/\/sonnenanker.com\/se\/\" \/>\n<meta property=\"og:site_name\" content=\"sonnenanker | SE\" \/>\n<meta property=\"article:modified_time\" content=\"2021-11-24T13:36:29+00:00\" \/>\n<meta property=\"og:image\" content=\"https:\/\/sonnenanker.de\/wp-content\/uploads\/2015\/08\/sonnenanker.png\" \/>\n<meta name=\"twitter:card\" content=\"summary_large_image\" \/>\n<meta name=\"twitter:label1\" content=\"Ber\u00e4knad l\u00e4stid\" \/>\n\t<meta name=\"twitter:data1\" content=\"1 minut\" \/>\n<script type=\"application\/ld+json\" class=\"yoast-schema-graph\">{\"@context\":\"https:\\\/\\\/schema.org\",\"@graph\":[{\"@type\":\"WebPage\",\"@id\":\"https:\\\/\\\/sonnenanker.com\\\/se\\\/\",\"url\":\"https:\\\/\\\/sonnenanker.com\\\/se\\\/\",\"name\":\"Start - sonnenanker | SE\",\"isPartOf\":{\"@id\":\"https:\\\/\\\/sonnenanker.com\\\/se\\\/#website\"},\"primaryImageOfPage\":{\"@id\":\"https:\\\/\\\/sonnenanker.com\\\/se\\\/#primaryimage\"},\"image\":{\"@id\":\"https:\\\/\\\/sonnenanker.com\\\/se\\\/#primaryimage\"},\"thumbnailUrl\":\"https:\\\/\\\/sonnenanker.de\\\/wp-content\\\/uploads\\\/2015\\\/08\\\/sonnenanker.png\",\"datePublished\":\"2018-01-30T21:06:24+00:00\",\"dateModified\":\"2021-11-24T13:36:29+00:00\",\"breadcrumb\":{\"@id\":\"https:\\\/\\\/sonnenanker.com\\\/se\\\/#breadcrumb\"},\"inLanguage\":\"sv-SE\",\"potentialAction\":[{\"@type\":\"ReadAction\",\"target\":[\"https:\\\/\\\/sonnenanker.com\\\/se\\\/\"]}]},{\"@type\":\"ImageObject\",\"inLanguage\":\"sv-SE\",\"@id\":\"https:\\\/\\\/sonnenanker.com\\\/se\\\/#primaryimage\",\"url\":\"https:\\\/\\\/sonnenanker.de\\\/wp-content\\\/uploads\\\/2015\\\/08\\\/sonnenanker.png\",\"contentUrl\":\"https:\\\/\\\/sonnenanker.de\\\/wp-content\\\/uploads\\\/2015\\\/08\\\/sonnenanker.png\"},{\"@type\":\"BreadcrumbList\",\"@id\":\"https:\\\/\\\/sonnenanker.com\\\/se\\\/#breadcrumb\",\"itemListElement\":[{\"@type\":\"ListItem\",\"position\":1,\"name\":\"Startseite\",\"item\":\"https:\\\/\\\/sonnenanker.com\\\/se\\\/\"},{\"@type\":\"ListItem\",\"position\":2,\"name\":\"Start\"}]},{\"@type\":\"WebSite\",\"@id\":\"https:\\\/\\\/sonnenanker.com\\\/se\\\/#website\",\"url\":\"https:\\\/\\\/sonnenanker.com\\\/se\\\/\",\"name\":\"sonnenanker | SE\",\"description\":\"Uppt\u00e4ck den unika principen f\u00f6r fasts\u00e4ttning av parasoll, bord och h\u00e4ngmattor p\u00e5 terrassgolv\",\"publisher\":{\"@id\":\"https:\\\/\\\/sonnenanker.com\\\/se\\\/#organization\"},\"potentialAction\":[{\"@type\":\"SearchAction\",\"target\":{\"@type\":\"EntryPoint\",\"urlTemplate\":\"https:\\\/\\\/sonnenanker.com\\\/se\\\/?s={search_term_string}\"},\"query-input\":{\"@type\":\"PropertyValueSpecification\",\"valueRequired\":true,\"valueName\":\"search_term_string\"}}],\"inLanguage\":\"sv-SE\"},{\"@type\":\"Organization\",\"@id\":\"https:\\\/\\\/sonnenanker.com\\\/se\\\/#organization\",\"name\":\"sonnenanker\",\"url\":\"https:\\\/\\\/sonnenanker.com\\\/se\\\/\",\"logo\":{\"@type\":\"ImageObject\",\"inLanguage\":\"sv-SE\",\"@id\":\"https:\\\/\\\/sonnenanker.com\\\/se\\\/#\\\/schema\\\/logo\\\/image\\\/\",\"url\":\"https:\\\/\\\/sonnenanker.com\\\/se\\\/wp-content\\\/uploads\\\/sites\\\/6\\\/2020\\\/05\\\/sonnenanker-picture-logo.png\",\"contentUrl\":\"https:\\\/\\\/sonnenanker.com\\\/se\\\/wp-content\\\/uploads\\\/sites\\\/6\\\/2020\\\/05\\\/sonnenanker-picture-logo.png\",\"width\":200,\"height\":392,\"caption\":\"sonnenanker\"},\"image\":{\"@id\":\"https:\\\/\\\/sonnenanker.com\\\/se\\\/#\\\/schema\\\/logo\\\/image\\\/\"}}]}<\/script>\n<!-- \/ Yoast SEO Premium plugin. -->","yoast_head_json":{"title":"Start - sonnenanker | SE","robots":{"index":"index","follow":"follow","max-snippet":"max-snippet:-1","max-image-preview":"max-image-preview:large","max-video-preview":"max-video-preview:-1"},"canonical":"https:\/\/sonnenanker.com\/se\/","og_locale":"sv_SE","og_type":"article","og_title":"Start","og_description":"[vc_row row_type=&#8221;row&#8221; use_row_as_full_screen_section=&#8221;no&#8221; type=&#8221;full_width&#8221; text_align=&#8221;left&#8221; background_animation=&#8221;none&#8221; css_animation=&#8221;&#8221;][vc_column][vc_row_inner row_type=&#8221;row&#8221; type=&#8221;grid&#8221; use_row_as_full_screen_section_slide=&#8221;no&#8221; text_align=&#8221;left&#8221; css_animation=&#8221;&#8221;][vc_column_inner][vc_empty_space height=&#8221;30px&#8221;][vc_column_text] Forankret s\u00e4kert pa TR\u00c4TERRASSER [\/vc_column_text][vc_empty_space height=&#8221;15px&#8221;][vc_column_text][\/vc_column_text][\/vc_column_inner][\/vc_row_inner][\/vc_column][\/vc_row]","og_url":"https:\/\/sonnenanker.com\/se\/","og_site_name":"sonnenanker | SE","article_modified_time":"2021-11-24T13:36:29+00:00","og_image":[{"url":"https:\/\/sonnenanker.de\/wp-content\/uploads\/2015\/08\/sonnenanker.png","type":"","width":"","height":""}],"twitter_card":"summary_large_image","twitter_misc":{"Ber\u00e4knad l\u00e4stid":"1 minut"},"schema":{"@context":"https:\/\/schema.org","@graph":[{"@type":"WebPage","@id":"https:\/\/sonnenanker.com\/se\/","url":"https:\/\/sonnenanker.com\/se\/","name":"Start - sonnenanker | SE","isPartOf":{"@id":"https:\/\/sonnenanker.com\/se\/#website"},"primaryImageOfPage":{"@id":"https:\/\/sonnenanker.com\/se\/#primaryimage"},"image":{"@id":"https:\/\/sonnenanker.com\/se\/#primaryimage"},"thumbnailUrl":"https:\/\/sonnenanker.de\/wp-content\/uploads\/2015\/08\/sonnenanker.png","datePublished":"2018-01-30T21:06:24+00:00","dateModified":"2021-11-24T13:36:29+00:00","breadcrumb":{"@id":"https:\/\/sonnenanker.com\/se\/#breadcrumb"},"inLanguage":"sv-SE","potentialAction":[{"@type":"ReadAction","target":["https:\/\/sonnenanker.com\/se\/"]}]},{"@type":"ImageObject","inLanguage":"sv-SE","@id":"https:\/\/sonnenanker.com\/se\/#primaryimage","url":"https:\/\/sonnenanker.de\/wp-content\/uploads\/2015\/08\/sonnenanker.png","contentUrl":"https:\/\/sonnenanker.de\/wp-content\/uploads\/2015\/08\/sonnenanker.png"},{"@type":"BreadcrumbList","@id":"https:\/\/sonnenanker.com\/se\/#breadcrumb","itemListElement":[{"@type":"ListItem","position":1,"name":"Startseite","item":"https:\/\/sonnenanker.com\/se\/"},{"@type":"ListItem","position":2,"name":"Start"}]},{"@type":"WebSite","@id":"https:\/\/sonnenanker.com\/se\/#website","url":"https:\/\/sonnenanker.com\/se\/","name":"sonnenanker | SE","description":"Uppt\u00e4ck den unika principen f\u00f6r fasts\u00e4ttning av parasoll, bord och h\u00e4ngmattor p\u00e5 terrassgolv","publisher":{"@id":"https:\/\/sonnenanker.com\/se\/#organization"},"potentialAction":[{"@type":"SearchAction","target":{"@type":"EntryPoint","urlTemplate":"https:\/\/sonnenanker.com\/se\/?s={search_term_string}"},"query-input":{"@type":"PropertyValueSpecification","valueRequired":true,"valueName":"search_term_string"}}],"inLanguage":"sv-SE"},{"@type":"Organization","@id":"https:\/\/sonnenanker.com\/se\/#organization","name":"sonnenanker","url":"https:\/\/sonnenanker.com\/se\/","logo":{"@type":"ImageObject","inLanguage":"sv-SE","@id":"https:\/\/sonnenanker.com\/se\/#\/schema\/logo\/image\/","url":"https:\/\/sonnenanker.com\/se\/wp-content\/uploads\/sites\/6\/2020\/05\/sonnenanker-picture-logo.png","contentUrl":"https:\/\/sonnenanker.com\/se\/wp-content\/uploads\/sites\/6\/2020\/05\/sonnenanker-picture-logo.png","width":200,"height":392,"caption":"sonnenanker"},"image":{"@id":"https:\/\/sonnenanker.com\/se\/#\/schema\/logo\/image\/"}}]}},"_links":{"self":[{"href":"https:\/\/sonnenanker.com\/se\/wp-json\/wp\/v2\/pages\/2","targetHints":{"allow":["GET"]}}],"collection":[{"href":"https:\/\/sonnenanker.com\/se\/wp-json\/wp\/v2\/pages"}],"about":[{"href":"https:\/\/sonnenanker.com\/se\/wp-json\/wp\/v2\/types\/page"}],"author":[{"embeddable":true,"href":"https:\/\/sonnenanker.com\/se\/wp-json\/wp\/v2\/users\/1"}],"replies":[{"embeddable":true,"href":"https:\/\/sonnenanker.com\/se\/wp-json\/wp\/v2\/comments?post=2"}],"version-history":[{"count":8,"href":"https:\/\/sonnenanker.com\/se\/wp-json\/wp\/v2\/pages\/2\/revisions"}],"predecessor-version":[{"id":1049,"href":"https:\/\/sonnenanker.com\/se\/wp-json\/wp\/v2\/pages\/2\/revisions\/1049"}],"wp:attachment":[{"href":"https:\/\/sonnenanker.com\/se\/wp-json\/wp\/v2\/media?parent=2"}],"curies":[{"name":"wp","href":"https:\/\/api.w.org\/{rel}","templated":true}]}}