{"id":10,"date":"2018-01-30T22:33:18","date_gmt":"2018-01-30T21:33:18","guid":{"rendered":"https:\/\/sonnenanker.de\/se\/?page_id=10"},"modified":"2021-11-24T14:52:38","modified_gmt":"2021-11-24T13:52:38","slug":"iden","status":"publish","type":"page","link":"https:\/\/sonnenanker.com\/se\/iden\/","title":{"rendered":"Id\u00e9n"},"content":{"rendered":"<div class=\"wpb-content-wrapper\"><p>[vc_row row_type=&#8221;row&#8221; use_row_as_full_screen_section=&#8221;no&#8221; type=&#8221;full_width&#8221; text_align=&#8221;left&#8221; background_color=&#8221;#f5f5f5&#8243; padding_top=&#8221;70&#8243; padding_bottom=&#8221;50&#8243; background_animation=&#8221;none&#8221;][vc_column][vc_row_inner row_type=&#8221;row&#8221; type=&#8221;grid&#8221; use_row_as_full_screen_section_slide=&#8221;no&#8221; text_align=&#8221;left&#8221; css_animation=&#8221;&#8221;][vc_column_inner][vc_column_text]En kort introduktion finns att l\u00e4sa p\u00e5 ditt spr\u00e5k.\u00a0Mer information hittar du p\u00e5 sonnenanker.de p\u00e5 <a title=\"\" href=\"https:\/\/sonnenanker.de\" target=\"_blank\" rel=\"noopener\">tyska<\/a> eller <a title=\"\" href=\"https:\/\/sonnenanker.com\" target=\"_blank\" rel=\"noopener\">engelska<\/a>.\u00a0D\u00e4r kan du ocks\u00e5 k\u00f6pa v\u00e5ra produkter.[\/vc_column_text][vc_separator type=&#8221;transparent&#8221; border_style=&#8221;&#8221; up=&#8221;40&#8243; down=&#8221;0&#8243;][\/vc_column_inner][\/vc_row_inner][vc_row_inner row_type=&#8221;row&#8221; type=&#8221;grid&#8221; use_row_as_full_screen_section_slide=&#8221;no&#8221; text_align=&#8221;left&#8221; css_animation=&#8221;&#8221;][vc_column_inner width=&#8221;1\/2&#8243;][vc_single_image image=&#8221;45&#8243; img_size=&#8221;full&#8221; qode_css_animation=&#8221;&#8221;][vc_separator type=&#8221;transparent&#8221; border_style=&#8221;&#8221; up=&#8221;40&#8243; down=&#8221;0&#8243;][\/vc_column_inner][vc_column_inner width=&#8221;1\/2&#8243;][vc_column_text]<\/p>\n<h2>Snyggt, stabilt och barnsligt enkelt<\/h2>\n<p>[\/vc_column_text][vc_separator type=&#8221;transparent&#8221; border_style=&#8221;&#8221; up=&#8221;30&#8243; down=&#8221;0&#8243;][vc_column_text]Till en b\u00f6rjan fanns endast ett ankarst\u00e4ll: ett l\u00e4tt och elegant parasollfot f\u00f6r tr\u00e4terrasser.<\/p>\n<p>&nbsp;<\/p>\n<p>Det prisbel\u00f6nta parasollfot \u00e4r <a title=\"Filmer\" href=\"https:\/\/sonnenanker.com\/se\/filmer\/\">barnsligt enkelt<\/a> att flytta och kopplas ihop med tr\u00e4plankorna, tack vare det unika ankaret i rostfritt st\u00e5l, p\u00e5 din terrass eller balkong.<\/p>\n<p>&nbsp;<\/p>\n<p>Produktserien har nu ut\u00f6kats: f\u00e4sten f\u00f6r h\u00e4ngmattor, bord, sm\u00e5 avsatser och parasollfot: allt fungerar enligt samma princip. D\u00e4rf\u00f6r m\u00e4rker vi alla produkter med solankaret.<\/p>\n<p>&nbsp;<\/p>\n<p>sonnenanker = z \u0254 n \u0259 n a \u014b k \u0250 = solankare<\/p>\n<audio class=\"wp-audio-shortcode\" id=\"audio-10-1\" preload=\"none\" style=\"width: 100%;\" controls=\"controls\"><source type=\"audio\/mpeg\" src=\"https:\/\/sonnenanker.de\/en\/wp-content\/uploads\/sites\/4\/2018\/01\/sonnenanker.mp3?_=1\" \/><a href=\"https:\/\/sonnenanker.de\/en\/wp-content\/uploads\/sites\/4\/2018\/01\/sonnenanker.mp3\">https:\/\/sonnenanker.de\/en\/wp-content\/uploads\/sites\/4\/2018\/01\/sonnenanker.mp3<\/a><\/audio>\n<p>[\/vc_column_text][\/vc_column_inner][\/vc_row_inner][\/vc_column][\/vc_row][vc_row row_type=&#8221;row&#8221; use_row_as_full_screen_section=&#8221;no&#8221; type=&#8221;full_width&#8221; text_align=&#8221;left&#8221; padding_top=&#8221;100&#8243; padding_bottom=&#8221;50&#8243; background_animation=&#8221;none&#8221;][vc_column][vc_row_inner row_type=&#8221;row&#8221; type=&#8221;grid&#8221; use_row_as_full_screen_section_slide=&#8221;no&#8221; text_align=&#8221;right&#8221; css_animation=&#8221;&#8221;][vc_column_inner width=&#8221;1\/2&#8243;][vc_column_text]<\/p>\n<h2 style=\"text-align: right;\">F\u00f6lj solen!<\/h2>\n<p>[\/vc_column_text][vc_separator type=&#8221;transparent&#8221; border_style=&#8221;&#8221; up=&#8221;30&#8243; down=&#8221;0&#8243;][vc_column_text]<\/p>\n<p style=\"text-align: right;\">St\u00e5r solen i en knepig vinkel? Med ett <a title=\"Filmer\" href=\"https:\/\/sonnenanker.com\/se\/filmer\/\">handgrepp<\/a> flyttar du parasollfot dit d\u00e4r det beh\u00f6vs, och f\u00f6rankrar det med en vridning p\u00e5 den nya positionen.<\/p>\n<p>&nbsp;<\/p>\n<p style=\"text-align: right;\">Du beh\u00f6ver aldrig mer rulla eller lyfta tunga parasollfot. Och du har en sak mindre att snubbla \u00f6ver.<\/p>\n<p>&nbsp;<\/p>\n<p style=\"text-align: right;\">Det g\u00e5r till p\u00e5 exakt samma s\u00e4tt med \u00f6vriga produkter i sonnenanker-familjen: f\u00e4stena f\u00f6r h\u00e4ngmattor s\u00e4tts upp och tas ned lekande l\u00e4tt, borden flyttas i en handv\u00e4ndning.<\/p>\n<p>[\/vc_column_text][vc_separator type=&#8221;transparent&#8221; border_style=&#8221;&#8221; up=&#8221;30&#8243; down=&#8221;0&#8243;][\/vc_column_inner][vc_column_inner width=&#8221;1\/2&#8243;][vc_single_image image=&#8221;42&#8243; img_size=&#8221;full&#8221; alignment=&#8221;right&#8221; qode_css_animation=&#8221;&#8221;][vc_separator type=&#8221;transparent&#8221; border_style=&#8221;&#8221; up=&#8221;40&#8243; down=&#8221;0&#8243;][\/vc_column_inner][\/vc_row_inner][\/vc_column][\/vc_row][vc_row row_type=&#8221;row&#8221; use_row_as_full_screen_section=&#8221;no&#8221; type=&#8221;full_width&#8221; text_align=&#8221;left&#8221; background_color=&#8221;#f5f5f5&#8243; padding_top=&#8221;100&#8243; padding_bottom=&#8221;50&#8243; background_animation=&#8221;none&#8221;][vc_column][vc_row_inner row_type=&#8221;row&#8221; type=&#8221;grid&#8221; use_row_as_full_screen_section_slide=&#8221;no&#8221; text_align=&#8221;left&#8221; css_animation=&#8221;&#8221;][vc_column_inner width=&#8221;1\/2&#8243;][vc_single_image image=&#8221;47&#8243; img_size=&#8221;full&#8221; qode_css_animation=&#8221;&#8221;][vc_separator type=&#8221;transparent&#8221; border_style=&#8221;&#8221; up=&#8221;50&#8243; down=&#8221;0&#8243;][\/vc_column_inner][vc_column_inner width=&#8221;1\/2&#8243;][vc_column_text]<\/p>\n<h2>Liten komponent, stor effekt<\/h2>\n<p>[\/vc_column_text][vc_separator type=&#8221;transparent&#8221; border_style=&#8221;&#8221; up=&#8221;30&#8243; down=&#8221;0&#8243;][vc_column_text]Tanken bakom det hela \u00e4r lika enkel som effektiv: plankorna och underkonstruktionen hos tr\u00e4terrasser \u00e4r hopskruvade med varandra p\u00e5 m\u00e5nga st\u00e4llen. Tr\u00e4d\u00e4cket \u00e4r samtidigt en mycket stor och mycket tung fot f\u00f6r ditt parasoll. Det g\u00e4ller bara att f\u00e4sta parasollet p\u00e5 tr\u00e4d\u00e4cket.<\/p>\n<p>&nbsp;<\/p>\n<p>H\u00e4r kommer det in i bilden, v\u00e5rt lilla ankare i rostfritt st\u00e5l p\u00e5 undersidan av parasollfot. S\u00e4tt i det i valfri fog mellan tr\u00e4plankorna och koppla ihop det med tr\u00e4d\u00e4cket genom en l\u00e4tt vridning. St\u00e4llet h\u00e5ller fast parasollet s\u00e4kert upp till en diameter p\u00e5 4 m, upp till vindstyrka 5. Och du kan <a title=\"Filmer\" href=\"https:\/\/sonnenanker.com\/se\/filmer\/\">flytta<\/a> det n\u00e4r som helst, helt utan verktyg.<\/p>\n<p>&nbsp;<\/p>\n<p>Den unika konstruktionen \u00e4r bruksm\u00f6nsterskyddad och \u00e4ven Europa-m\u00f6nsterskyddad.[\/vc_column_text][\/vc_column_inner][\/vc_row_inner][\/vc_column][\/vc_row][vc_row row_type=&#8221;row&#8221; use_row_as_full_screen_section=&#8221;no&#8221; type=&#8221;full_width&#8221; text_align=&#8221;left&#8221; padding_top=&#8221;100&#8243; padding_bottom=&#8221;50&#8243; background_animation=&#8221;none&#8221;][vc_column][vc_row_inner row_type=&#8221;row&#8221; type=&#8221;grid&#8221; use_row_as_full_screen_section_slide=&#8221;no&#8221; text_align=&#8221;left&#8221; css_animation=&#8221;&#8221;][vc_column_inner width=&#8221;1\/2&#8243;][vc_column_text]<\/p>\n<h2 style=\"text-align: right;\">Testa sj\u00e4lv!<\/h2>\n<p>[\/vc_column_text][vc_separator type=&#8221;transparent&#8221; border_style=&#8221;&#8221; up=&#8221;40&#8243; down=&#8221;0&#8243;][vc_column_text]<\/p>\n<p style=\"text-align: right;\">Du kan sj\u00e4lv testa om v\u00e5ra produkter faller dig i smaken. Prova sj\u00e4lv i tv\u00e5 veckor! P\u00e5 din egen terrrass eller balkong.<\/p>\n<p>&nbsp;<\/p>\n<p style=\"text-align: right;\">Om du inte vill beh\u00e5lla produkterna skickar du bara tillbaka dem. Du f\u00e5r tillbaka k\u00f6peskillingen och frakten direkt.<\/p>\n<p>&nbsp;<\/p>\n<p style=\"text-align: right;\">Det \u00e4r enkelt att g\u00f6ra en retur. Den kartong som parasollfotet levereras i \u00e4r robust, kompakt och \u2013 faktiskt \u2013 snygg. Vi avst\u00e5r fr\u00e5n f\u00f6rpackningsskr\u00e4p och d\u00e4rf\u00f6r kan du skicka parasollfot p\u00e5 ett transports\u00e4kert s\u00e4tt<\/p>\n<p>[\/vc_column_text][\/vc_column_inner][vc_column_inner width=&#8221;1\/2&#8243;][vc_single_image image=&#8221;43&#8243; img_size=&#8221;full&#8221; qode_css_animation=&#8221;&#8221;][vc_separator type=&#8221;transparent&#8221; border_style=&#8221;&#8221; up=&#8221;30&#8243; down=&#8221;0&#8243;][\/vc_column_inner][\/vc_row_inner][\/vc_column][\/vc_row][vc_row row_type=&#8221;row&#8221; use_row_as_full_screen_section=&#8221;no&#8221; type=&#8221;full_width&#8221; text_align=&#8221;left&#8221; background_color=&#8221;#f5f5f5&#8243; padding_top=&#8221;100&#8243; padding_bottom=&#8221;50&#8243; background_animation=&#8221;none&#8221;][vc_column][vc_row_inner row_type=&#8221;row&#8221; type=&#8221;grid&#8221; use_row_as_full_screen_section_slide=&#8221;no&#8221; text_align=&#8221;left&#8221; css_animation=&#8221;&#8221;][vc_column_inner width=&#8221;1\/2&#8243;][vc_single_image image=&#8221;48&#8243; img_size=&#8221;full&#8221; qode_css_animation=&#8221;&#8221;][vc_separator type=&#8221;transparent&#8221; border_style=&#8221;&#8221; up=&#8221;30&#8243; down=&#8221;0&#8243;][\/vc_column_inner][vc_column_inner width=&#8221;1\/2&#8243;][vc_column_text]<\/p>\n<h2>Utm\u00e4rkt i design och funktion<\/h2>\n<p>[\/vc_column_text][vc_separator type=&#8221;transparent&#8221; border_style=&#8221;&#8221; up=&#8221;40&#8243; down=&#8221;0&#8243;][vc_column_text]Alla komponenter fr\u00e5n sonnenanker tillverkas i Tyskland av rostfritt st\u00e5l, och finns i olika utf\u00f6randen.<\/p>\n<p>&nbsp;<\/p>\n<p>F\u00f6r det genomt\u00e4nkta konceptet och den \u00f6vertygande utformningen tilldelades parasollfot \u00e5r 2011 <a title=\"Filmer\" href=\"https:\/\/en.red-dot.org\" target=\"_blank\" rel=\"noopener\">red dot design award<\/a> och \u00e5r 2012 nominerades det till <a title=\"\" href=\"http:\/\/www.german-design-award.com\/en\" target=\"_blank\" rel=\"noopener\">German Design Award<\/a>.<\/p>\n<p>&nbsp;<\/p>\n<p>\u00c5r 2013 utm\u00e4rktes parasollfot och st\u00e5bordet med F\u00f6rbundsrepubliken Tysklands designpris i silver, den h\u00f6gsta utm\u00e4rkelsen f\u00f6r briljant design som utdelas i Tyskland.[\/vc_column_text][vc_separator type=&#8221;transparent&#8221; border_style=&#8221;&#8221; up=&#8221;30&#8243; down=&#8221;0&#8243;][\/vc_column_inner][\/vc_row_inner][\/vc_column][\/vc_row][vc_row row_type=&#8221;row&#8221; use_row_as_full_screen_section=&#8221;no&#8221; type=&#8221;full_width&#8221; text_align=&#8221;left&#8221; padding_top=&#8221;100&#8243; padding_bottom=&#8221;50&#8243; background_animation=&#8221;none&#8221;][vc_column][vc_row_inner row_type=&#8221;row&#8221; type=&#8221;grid&#8221; use_row_as_full_screen_section_slide=&#8221;no&#8221; text_align=&#8221;right&#8221; css_animation=&#8221;&#8221;][vc_column_inner width=&#8221;1\/2&#8243;][vc_column_text]<\/p>\n<h2 style=\"text-align: right;\">Ankaret f\u00f6rankrar. Garanterat.<\/h2>\n<p>[\/vc_column_text][vc_separator type=&#8221;transparent&#8221; border_style=&#8221;&#8221; up=&#8221;40&#8243; down=&#8221;0&#8243;][vc_column_text]<\/p>\n<p style=\"text-align: right;\">Men kan ett s\u00e5 litet ankare verkligen fungera? Javisst. Tack vare konstruktionen belastas ankaret endast vid dragp\u00e5k\u00e4nning och klarar dragkrafter p\u00e5 minst 500 kg (5 kN). Det \u00e4r mer \u00e4n vad det tyngsta parasollfot v\u00e4ger.<\/p>\n<p>&nbsp;<\/p>\n<p style=\"text-align: right;\">F\u00f6r parasollfot fr\u00e5n sonnenanker \u00e4r kraftiga vindbyar inget problem \u2013 till skillnad fr\u00e5n de flesta parasoll. D\u00e4rf\u00f6r rekommenderar vi \u2013 precis som m\u00e5nga andra parasolltillverkare \u2013 att man f\u00e4ller ihop parasollen vid vindstyrkor p\u00e5 mer \u00e4n 5 beaufort.<\/p>\n<p>&nbsp;<\/p>\n<p style=\"text-align: right;\">Alla produkter best\u00e5r endast av de komponenter som verkligen beh\u00f6vs. Dessa tillverkas alla med st\u00f6rsta omsorg i Tyskland. Den centrala delen, ankaret, kontrolleras var f\u00f6r sig avseende belastningsf\u00f6rm\u00e5gan.<\/p>\n<p>&nbsp;<\/p>\n<p style=\"text-align: right;\">Vi l\u00e4mnar 10 \u00e5rs garanti p\u00e5 den \u00e4ndam\u00e5lsenliga funktionen hos alla komponenter.<\/p>\n<p>[\/vc_column_text][vc_separator type=&#8221;transparent&#8221; border_style=&#8221;&#8221; up=&#8221;30&#8243; down=&#8221;0&#8243;][\/vc_column_inner][vc_column_inner width=&#8221;1\/2&#8243;][vc_single_image image=&#8221;44&#8243; img_size=&#8221;full&#8221; qode_css_animation=&#8221;&#8221;][vc_separator type=&#8221;transparent&#8221; border_style=&#8221;&#8221; up=&#8221;30&#8243; down=&#8221;0&#8243;][\/vc_column_inner][\/vc_row_inner][\/vc_column][\/vc_row][vc_row row_type=&#8221;row&#8221; use_row_as_full_screen_section=&#8221;no&#8221; type=&#8221;full_width&#8221; text_align=&#8221;left&#8221; background_color=&#8221;#f5f5f5&#8243; padding_top=&#8221;100&#8243; padding_bottom=&#8221;50&#8243; background_animation=&#8221;none&#8221;][vc_column][vc_row_inner row_type=&#8221;row&#8221; type=&#8221;grid&#8221; use_row_as_full_screen_section_slide=&#8221;no&#8221; text_align=&#8221;left&#8221; css_animation=&#8221;&#8221;][vc_column_inner width=&#8221;1\/2&#8243;][vc_single_image image=&#8221;46&#8243; img_size=&#8221;full&#8221; qode_css_animation=&#8221;&#8221;][vc_separator type=&#8221;transparent&#8221; border_style=&#8221;&#8221; up=&#8221;30&#8243; down=&#8221;0&#8243;][\/vc_column_inner][vc_column_inner width=&#8221;1\/2&#8243;][vc_column_text]<\/p>\n<h2>Utrymme f\u00f6r anpassningar<\/h2>\n<p>[\/vc_column_text][vc_separator type=&#8221;transparent&#8221; border_style=&#8221;&#8221; up=&#8221;40&#8243; down=&#8221;0&#8243;][vc_column_text]Bra tr\u00e4d\u00e4ck h\u00e5ller l\u00e4nge, men inte i evighet. Om ditt nya tr\u00e4d\u00e4ck har v\u00e4sentligt tjockare eller tunnare plank beh\u00f6ver du ett annat ankare. Det f\u00e5r du kostnadsfritt hos oss i utbyte.<\/p>\n<p>&nbsp;<\/p>\n<p>Eller du k\u00f6per ett nytt parasoll och den nya stolpen \u00e4r tjockare eller tunnare. Vi byter ut ditt stolpf\u00e4ste mot ett st\u00f6rre eller mindre \u2013 ocks\u00e5 efter flera \u00e5r.<\/p>\n<p>&nbsp;<\/p>\n<p style=\"text-align: left;\">Vi gillar probleml\u00f6sning! Ring oss, eller skriv. M\u00e5nga g\u00e5nger g\u00e5r det att hitta en l\u00f6sning bara genom att anpassa v\u00e5ra komponenter.\u00a0Dessutom har vi vissa produkter som vi (\u00e4nnu) inte erbjuder externt.<\/p>\n<p>[\/vc_column_text][vc_separator type=&#8221;transparent&#8221; border_style=&#8221;&#8221; up=&#8221;30&#8243; down=&#8221;0&#8243;][\/vc_column_inner][\/vc_row_inner][vc_column_text]<img loading=\"lazy\" decoding=\"async\" class=\"aligncenter wp-image-22071\" src=\"https:\/\/sonnenanker.de\/wp-content\/uploads\/2015\/08\/sonnenanker.png\" alt=\"sonnenanker\" width=\"70\" height=\"119\" \/>[\/vc_column_text][\/vc_column][\/vc_row]<\/p>\n<\/div>","protected":false},"excerpt":{"rendered":"<p>[vc_row row_type=&#8221;row&#8221; use_row_as_full_screen_section=&#8221;no&#8221; type=&#8221;full_width&#8221; text_align=&#8221;left&#8221; background_color=&#8221;#f5f5f5&#8243; padding_top=&#8221;70&#8243; padding_bottom=&#8221;50&#8243; background_animation=&#8221;none&#8221;][vc_column][vc_row_inner row_type=&#8221;row&#8221; type=&#8221;grid&#8221; use_row_as_full_screen_section_slide=&#8221;no&#8221; text_align=&#8221;left&#8221; css_animation=&#8221;&#8221;][vc_column_inner][vc_column_text]En kort introduktion finns att l\u00e4sa p\u00e5 ditt spr\u00e5k.\u00a0Mer information hittar du p\u00e5 sonnenanker.de p\u00e5 tyska eller engelska.\u00a0D\u00e4r kan du ocks\u00e5 k\u00f6pa v\u00e5ra produkter.[\/vc_column_text][vc_separator type=&#8221;transparent&#8221; border_style=&#8221;&#8221; up=&#8221;40&#8243; down=&#8221;0&#8243;][\/vc_column_inner][\/vc_row_inner][vc_row_inner row_type=&#8221;row&#8221; type=&#8221;grid&#8221; use_row_as_full_screen_section_slide=&#8221;no&#8221; text_align=&#8221;left&#8221;&#8230;<\/p>\n","protected":false},"author":1,"featured_media":0,"parent":0,"menu_order":0,"comment_status":"closed","ping_status":"closed","template":"full_width.php","meta":{"inline_featured_image":false,"footnotes":""},"class_list":["post-10","page","type-page","status-publish","hentry"],"yoast_head":"<!-- This site is optimized with the Yoast SEO Premium plugin v24.9 (Yoast SEO v27.3) - https:\/\/yoast.com\/product\/yoast-seo-premium-wordpress\/ -->\n<title>Id\u00e9n - sonnenanker | SE<\/title>\n<meta name=\"robots\" content=\"index, follow, max-snippet:-1, max-image-preview:large, max-video-preview:-1\" \/>\n<link rel=\"canonical\" href=\"https:\/\/sonnenanker.com\/se\/iden\/\" \/>\n<meta property=\"og:locale\" content=\"sv_SE\" \/>\n<meta property=\"og:type\" content=\"article\" \/>\n<meta property=\"og:title\" content=\"Id\u00e9n\" \/>\n<meta property=\"og:description\" content=\"[vc_row row_type=&#8221;row&#8221; use_row_as_full_screen_section=&#8221;no&#8221; type=&#8221;full_width&#8221; text_align=&#8221;left&#8221; background_color=&#8221;#f5f5f5&#8243; padding_top=&#8221;70&#8243; padding_bottom=&#8221;50&#8243; background_animation=&#8221;none&#8221;][vc_column][vc_row_inner row_type=&#8221;row&#8221; type=&#8221;grid&#8221; use_row_as_full_screen_section_slide=&#8221;no&#8221; text_align=&#8221;left&#8221; css_animation=&#8221;&#8221;][vc_column_inner][vc_column_text]En kort introduktion finns att l\u00e4sa p\u00e5 ditt spr\u00e5k.\u00a0Mer information hittar du p\u00e5 sonnenanker.de p\u00e5 tyska eller engelska.\u00a0D\u00e4r kan du ocks\u00e5 k\u00f6pa v\u00e5ra produkter.[\/vc_column_text][vc_separator type=&#8221;transparent&#8221; border_style=&#8221;&#8221; up=&#8221;40&#8243; down=&#8221;0&#8243;][\/vc_column_inner][\/vc_row_inner][vc_row_inner row_type=&#8221;row&#8221; type=&#8221;grid&#8221; use_row_as_full_screen_section_slide=&#8221;no&#8221; text_align=&#8221;left&#8221;...\" \/>\n<meta property=\"og:url\" content=\"https:\/\/sonnenanker.com\/se\/iden\/\" \/>\n<meta property=\"og:site_name\" content=\"sonnenanker | SE\" \/>\n<meta property=\"article:modified_time\" content=\"2021-11-24T13:52:38+00:00\" \/>\n<meta property=\"og:image\" content=\"https:\/\/sonnenanker.de\/wp-content\/uploads\/2015\/08\/sonnenanker.png\" \/>\n<meta name=\"twitter:card\" content=\"summary_large_image\" \/>\n<meta name=\"twitter:label1\" content=\"Ber\u00e4knad l\u00e4stid\" \/>\n\t<meta name=\"twitter:data1\" content=\"4 minuter\" \/>\n<script type=\"application\/ld+json\" class=\"yoast-schema-graph\">{\"@context\":\"https:\\\/\\\/schema.org\",\"@graph\":[{\"@type\":\"WebPage\",\"@id\":\"https:\\\/\\\/sonnenanker.com\\\/se\\\/iden\\\/\",\"url\":\"https:\\\/\\\/sonnenanker.com\\\/se\\\/iden\\\/\",\"name\":\"Id\u00e9n - sonnenanker | SE\",\"isPartOf\":{\"@id\":\"https:\\\/\\\/sonnenanker.com\\\/se\\\/#website\"},\"primaryImageOfPage\":{\"@id\":\"https:\\\/\\\/sonnenanker.com\\\/se\\\/iden\\\/#primaryimage\"},\"image\":{\"@id\":\"https:\\\/\\\/sonnenanker.com\\\/se\\\/iden\\\/#primaryimage\"},\"thumbnailUrl\":\"https:\\\/\\\/sonnenanker.de\\\/wp-content\\\/uploads\\\/2015\\\/08\\\/sonnenanker.png\",\"datePublished\":\"2018-01-30T21:33:18+00:00\",\"dateModified\":\"2021-11-24T13:52:38+00:00\",\"breadcrumb\":{\"@id\":\"https:\\\/\\\/sonnenanker.com\\\/se\\\/iden\\\/#breadcrumb\"},\"inLanguage\":\"sv-SE\",\"potentialAction\":[{\"@type\":\"ReadAction\",\"target\":[\"https:\\\/\\\/sonnenanker.com\\\/se\\\/iden\\\/\"]}]},{\"@type\":\"ImageObject\",\"inLanguage\":\"sv-SE\",\"@id\":\"https:\\\/\\\/sonnenanker.com\\\/se\\\/iden\\\/#primaryimage\",\"url\":\"https:\\\/\\\/sonnenanker.de\\\/wp-content\\\/uploads\\\/2015\\\/08\\\/sonnenanker.png\",\"contentUrl\":\"https:\\\/\\\/sonnenanker.de\\\/wp-content\\\/uploads\\\/2015\\\/08\\\/sonnenanker.png\"},{\"@type\":\"BreadcrumbList\",\"@id\":\"https:\\\/\\\/sonnenanker.com\\\/se\\\/iden\\\/#breadcrumb\",\"itemListElement\":[{\"@type\":\"ListItem\",\"position\":1,\"name\":\"Startseite\",\"item\":\"https:\\\/\\\/sonnenanker.com\\\/se\\\/\"},{\"@type\":\"ListItem\",\"position\":2,\"name\":\"Id\u00e9n\"}]},{\"@type\":\"WebSite\",\"@id\":\"https:\\\/\\\/sonnenanker.com\\\/se\\\/#website\",\"url\":\"https:\\\/\\\/sonnenanker.com\\\/se\\\/\",\"name\":\"sonnenanker | SE\",\"description\":\"Uppt\u00e4ck den unika principen f\u00f6r fasts\u00e4ttning av parasoll, bord och h\u00e4ngmattor p\u00e5 terrassgolv\",\"publisher\":{\"@id\":\"https:\\\/\\\/sonnenanker.com\\\/se\\\/#organization\"},\"potentialAction\":[{\"@type\":\"SearchAction\",\"target\":{\"@type\":\"EntryPoint\",\"urlTemplate\":\"https:\\\/\\\/sonnenanker.com\\\/se\\\/?s={search_term_string}\"},\"query-input\":{\"@type\":\"PropertyValueSpecification\",\"valueRequired\":true,\"valueName\":\"search_term_string\"}}],\"inLanguage\":\"sv-SE\"},{\"@type\":\"Organization\",\"@id\":\"https:\\\/\\\/sonnenanker.com\\\/se\\\/#organization\",\"name\":\"sonnenanker\",\"url\":\"https:\\\/\\\/sonnenanker.com\\\/se\\\/\",\"logo\":{\"@type\":\"ImageObject\",\"inLanguage\":\"sv-SE\",\"@id\":\"https:\\\/\\\/sonnenanker.com\\\/se\\\/#\\\/schema\\\/logo\\\/image\\\/\",\"url\":\"https:\\\/\\\/sonnenanker.com\\\/se\\\/wp-content\\\/uploads\\\/sites\\\/6\\\/2020\\\/05\\\/sonnenanker-picture-logo.png\",\"contentUrl\":\"https:\\\/\\\/sonnenanker.com\\\/se\\\/wp-content\\\/uploads\\\/sites\\\/6\\\/2020\\\/05\\\/sonnenanker-picture-logo.png\",\"width\":200,\"height\":392,\"caption\":\"sonnenanker\"},\"image\":{\"@id\":\"https:\\\/\\\/sonnenanker.com\\\/se\\\/#\\\/schema\\\/logo\\\/image\\\/\"}}]}<\/script>\n<!-- \/ Yoast SEO Premium plugin. -->","yoast_head_json":{"title":"Id\u00e9n - sonnenanker | SE","robots":{"index":"index","follow":"follow","max-snippet":"max-snippet:-1","max-image-preview":"max-image-preview:large","max-video-preview":"max-video-preview:-1"},"canonical":"https:\/\/sonnenanker.com\/se\/iden\/","og_locale":"sv_SE","og_type":"article","og_title":"Id\u00e9n","og_description":"[vc_row row_type=&#8221;row&#8221; use_row_as_full_screen_section=&#8221;no&#8221; type=&#8221;full_width&#8221; text_align=&#8221;left&#8221; background_color=&#8221;#f5f5f5&#8243; padding_top=&#8221;70&#8243; padding_bottom=&#8221;50&#8243; background_animation=&#8221;none&#8221;][vc_column][vc_row_inner row_type=&#8221;row&#8221; type=&#8221;grid&#8221; use_row_as_full_screen_section_slide=&#8221;no&#8221; text_align=&#8221;left&#8221; css_animation=&#8221;&#8221;][vc_column_inner][vc_column_text]En kort introduktion finns att l\u00e4sa p\u00e5 ditt spr\u00e5k.\u00a0Mer information hittar du p\u00e5 sonnenanker.de p\u00e5 tyska eller engelska.\u00a0D\u00e4r kan du ocks\u00e5 k\u00f6pa v\u00e5ra produkter.[\/vc_column_text][vc_separator type=&#8221;transparent&#8221; border_style=&#8221;&#8221; up=&#8221;40&#8243; down=&#8221;0&#8243;][\/vc_column_inner][\/vc_row_inner][vc_row_inner row_type=&#8221;row&#8221; type=&#8221;grid&#8221; use_row_as_full_screen_section_slide=&#8221;no&#8221; text_align=&#8221;left&#8221;...","og_url":"https:\/\/sonnenanker.com\/se\/iden\/","og_site_name":"sonnenanker | SE","article_modified_time":"2021-11-24T13:52:38+00:00","og_image":[{"url":"https:\/\/sonnenanker.de\/wp-content\/uploads\/2015\/08\/sonnenanker.png","type":"","width":"","height":""}],"twitter_card":"summary_large_image","twitter_misc":{"Ber\u00e4knad l\u00e4stid":"4 minuter"},"schema":{"@context":"https:\/\/schema.org","@graph":[{"@type":"WebPage","@id":"https:\/\/sonnenanker.com\/se\/iden\/","url":"https:\/\/sonnenanker.com\/se\/iden\/","name":"Id\u00e9n - sonnenanker | SE","isPartOf":{"@id":"https:\/\/sonnenanker.com\/se\/#website"},"primaryImageOfPage":{"@id":"https:\/\/sonnenanker.com\/se\/iden\/#primaryimage"},"image":{"@id":"https:\/\/sonnenanker.com\/se\/iden\/#primaryimage"},"thumbnailUrl":"https:\/\/sonnenanker.de\/wp-content\/uploads\/2015\/08\/sonnenanker.png","datePublished":"2018-01-30T21:33:18+00:00","dateModified":"2021-11-24T13:52:38+00:00","breadcrumb":{"@id":"https:\/\/sonnenanker.com\/se\/iden\/#breadcrumb"},"inLanguage":"sv-SE","potentialAction":[{"@type":"ReadAction","target":["https:\/\/sonnenanker.com\/se\/iden\/"]}]},{"@type":"ImageObject","inLanguage":"sv-SE","@id":"https:\/\/sonnenanker.com\/se\/iden\/#primaryimage","url":"https:\/\/sonnenanker.de\/wp-content\/uploads\/2015\/08\/sonnenanker.png","contentUrl":"https:\/\/sonnenanker.de\/wp-content\/uploads\/2015\/08\/sonnenanker.png"},{"@type":"BreadcrumbList","@id":"https:\/\/sonnenanker.com\/se\/iden\/#breadcrumb","itemListElement":[{"@type":"ListItem","position":1,"name":"Startseite","item":"https:\/\/sonnenanker.com\/se\/"},{"@type":"ListItem","position":2,"name":"Id\u00e9n"}]},{"@type":"WebSite","@id":"https:\/\/sonnenanker.com\/se\/#website","url":"https:\/\/sonnenanker.com\/se\/","name":"sonnenanker | SE","description":"Uppt\u00e4ck den unika principen f\u00f6r fasts\u00e4ttning av parasoll, bord och h\u00e4ngmattor p\u00e5 terrassgolv","publisher":{"@id":"https:\/\/sonnenanker.com\/se\/#organization"},"potentialAction":[{"@type":"SearchAction","target":{"@type":"EntryPoint","urlTemplate":"https:\/\/sonnenanker.com\/se\/?s={search_term_string}"},"query-input":{"@type":"PropertyValueSpecification","valueRequired":true,"valueName":"search_term_string"}}],"inLanguage":"sv-SE"},{"@type":"Organization","@id":"https:\/\/sonnenanker.com\/se\/#organization","name":"sonnenanker","url":"https:\/\/sonnenanker.com\/se\/","logo":{"@type":"ImageObject","inLanguage":"sv-SE","@id":"https:\/\/sonnenanker.com\/se\/#\/schema\/logo\/image\/","url":"https:\/\/sonnenanker.com\/se\/wp-content\/uploads\/sites\/6\/2020\/05\/sonnenanker-picture-logo.png","contentUrl":"https:\/\/sonnenanker.com\/se\/wp-content\/uploads\/sites\/6\/2020\/05\/sonnenanker-picture-logo.png","width":200,"height":392,"caption":"sonnenanker"},"image":{"@id":"https:\/\/sonnenanker.com\/se\/#\/schema\/logo\/image\/"}}]}},"_links":{"self":[{"href":"https:\/\/sonnenanker.com\/se\/wp-json\/wp\/v2\/pages\/10","targetHints":{"allow":["GET"]}}],"collection":[{"href":"https:\/\/sonnenanker.com\/se\/wp-json\/wp\/v2\/pages"}],"about":[{"href":"https:\/\/sonnenanker.com\/se\/wp-json\/wp\/v2\/types\/page"}],"author":[{"embeddable":true,"href":"https:\/\/sonnenanker.com\/se\/wp-json\/wp\/v2\/users\/1"}],"replies":[{"embeddable":true,"href":"https:\/\/sonnenanker.com\/se\/wp-json\/wp\/v2\/comments?post=10"}],"version-history":[{"count":12,"href":"https:\/\/sonnenanker.com\/se\/wp-json\/wp\/v2\/pages\/10\/revisions"}],"predecessor-version":[{"id":1053,"href":"https:\/\/sonnenanker.com\/se\/wp-json\/wp\/v2\/pages\/10\/revisions\/1053"}],"wp:attachment":[{"href":"https:\/\/sonnenanker.com\/se\/wp-json\/wp\/v2\/media?parent=10"}],"curies":[{"name":"wp","href":"https:\/\/api.w.org\/{rel}","templated":true}]}}