{"id":10,"date":"2018-02-01T00:15:56","date_gmt":"2018-01-31T23:15:56","guid":{"rendered":"https:\/\/sonnenanker.de\/it\/?page_id=10"},"modified":"2021-11-24T15:00:50","modified_gmt":"2021-11-24T14:00:50","slug":"idea","status":"publish","type":"page","link":"https:\/\/sonnenanker.com\/it\/idea\/","title":{"rendered":"L&#8217;idea"},"content":{"rendered":"<div class=\"wpb-content-wrapper\"><p>[vc_row row_type=&#8221;row&#8221; use_row_as_full_screen_section=&#8221;no&#8221; type=&#8221;full_width&#8221; text_align=&#8221;left&#8221; background_color=&#8221;#f5f5f5&#8243; background_animation=&#8221;none&#8221; padding_top=&#8221;70&#8243; padding_bottom=&#8221;50&#8243;][vc_column][vc_row_inner row_type=&#8221;row&#8221; type=&#8221;grid&#8221; use_row_as_full_screen_section_slide=&#8221;no&#8221; text_align=&#8221;left&#8221; css_animation=&#8221;&#8221;][vc_column_inner][vc_column_text]Attualmente in italiano \u00e8 disponibile solo questa breve presentazione.\u00a0Trovi maggiori informazioni in <a title=\"\" href=\"https:\/\/sonnenanker.de\" target=\"_blank\" rel=\"noopener\">tedesco<\/a> o in <a title=\"\" href=\"https:\/\/sonnenanker.com\" target=\"_blank\" rel=\"noopener\">inglese<\/a> su sonnenanker.de.\u00a0Qui puoi anche acquistare i nostri prodotti.[\/vc_column_text][vc_separator type=&#8221;transparent&#8221; border_style=&#8221;&#8221; up=&#8221;40&#8243; down=&#8221;0&#8243;][\/vc_column_inner][\/vc_row_inner][vc_row_inner row_type=&#8221;row&#8221; type=&#8221;grid&#8221; use_row_as_full_screen_section_slide=&#8221;no&#8221; text_align=&#8221;left&#8221; css_animation=&#8221;&#8221;][vc_column_inner width=&#8221;1\/2&#8243;][vc_single_image image=&#8221;36&#8243; img_size=&#8221;full&#8221; qode_css_animation=&#8221;&#8221;][vc_separator type=&#8221;transparent&#8221; border_style=&#8221;&#8221; up=&#8221;40&#8243; down=&#8221;0&#8243;][\/vc_column_inner][vc_column_inner width=&#8221;1\/2&#8243;][vc_column_text]<\/p>\n<h2>Elegante, stabile, facile da usare<\/h2>\n<p>[\/vc_column_text][vc_separator type=&#8221;transparent&#8221; border_style=&#8221;&#8221; up=&#8221;30&#8243; down=&#8221;0&#8243;][vc_column_text]In principio c\u2019era solo l\u2019ancora: un leggero ed elegante supporto per ombrellone per terrazze in legno.<\/p>\n<p>&nbsp;<\/p>\n<p>Spostare la premiata base per ombrellone \u00e8 <a title=\"Video\" href=\"https:\/\/sonnenanker.com\/it\/video\/\">un gioco da ragazzi<\/a>: grazie alla sua ancora in acciaio inossidabile, unica nel suo genere, puoi fissarla alle assi in legno della tua terrazza o del tuo balcone.<\/p>\n<p>&nbsp;<\/p>\n<p>Oggi la famiglia \u00e8 cresciuta: sospensioni per amache, tavoli, piccole pedane e basi per ombrellone. Funzionano in base al medesimo principio, perci\u00f2 li abbiamo contrassegnati tutti con l\u2019ancora del sole.<\/p>\n<p>&nbsp;<\/p>\n<p>sonnenanker = z \u0254 n \u0259 n a \u014b k \u0250 = ancora del sole<\/p>\n<audio class=\"wp-audio-shortcode\" id=\"audio-10-1\" preload=\"none\" style=\"width: 100%;\" controls=\"controls\"><source type=\"audio\/mpeg\" src=\"https:\/\/sonnenanker.de\/en\/wp-content\/uploads\/sites\/4\/2018\/01\/sonnenanker.mp3?_=1\" \/><a href=\"https:\/\/sonnenanker.de\/en\/wp-content\/uploads\/sites\/4\/2018\/01\/sonnenanker.mp3\">https:\/\/sonnenanker.de\/en\/wp-content\/uploads\/sites\/4\/2018\/01\/sonnenanker.mp3<\/a><\/audio>\n<p>[\/vc_column_text][\/vc_column_inner][\/vc_row_inner][\/vc_column][\/vc_row][vc_row row_type=&#8221;row&#8221; use_row_as_full_screen_section=&#8221;no&#8221; type=&#8221;full_width&#8221; text_align=&#8221;left&#8221; background_animation=&#8221;none&#8221; padding_top=&#8221;100&#8243; padding_bottom=&#8221;50&#8243;][vc_column][vc_row_inner row_type=&#8221;row&#8221; type=&#8221;grid&#8221; use_row_as_full_screen_section_slide=&#8221;no&#8221; text_align=&#8221;right&#8221; css_animation=&#8221;&#8221;][vc_column_inner width=&#8221;1\/2&#8243;][vc_column_text]<\/p>\n<h2 style=\"text-align: right;\">\u00c8 semplice: segui il sole<\/h2>\n<p>[\/vc_column_text][vc_separator type=&#8221;transparent&#8221; border_style=&#8221;&#8221; up=&#8221;30&#8243; down=&#8221;0&#8243;][vc_column_text]<\/p>\n<p style=\"text-align: right;\">Il sole si trova nell\u2019angolo sbagliato? Con un semplice <a title=\"Video\" href=\"https:\/\/sonnenanker.com\/it\/video\/\">movimento della mano<\/a> puoi spostare la base per ombrellone dove preferisci, agganciandola, con una rotazione, nella nuova posizione.<\/p>\n<p>&nbsp;<\/p>\n<p style=\"text-align: right;\">Non dovrai pi\u00f9 trascinare o sollevare pesanti supporti per ombrellone e avrai un ostacolo in meno a terra.<\/p>\n<p>&nbsp;<\/p>\n<p style=\"text-align: right;\">Gli altri accessori dell\u2019ancora del sole funzionano allo stesso modo: le sospensioni per amache si possono montare e smontare in un batter d\u2019occhio e i tavoli si spostano con un semplice gesto.<\/p>\n<p>[\/vc_column_text][vc_separator type=&#8221;transparent&#8221; border_style=&#8221;&#8221; up=&#8221;30&#8243; down=&#8221;0&#8243;][\/vc_column_inner][vc_column_inner width=&#8221;1\/2&#8243;][vc_single_image image=&#8221;37&#8243; img_size=&#8221;full&#8221; alignment=&#8221;right&#8221; qode_css_animation=&#8221;&#8221;][vc_separator type=&#8221;transparent&#8221; border_style=&#8221;&#8221; up=&#8221;40&#8243; down=&#8221;0&#8243;][\/vc_column_inner][\/vc_row_inner][\/vc_column][\/vc_row][vc_row row_type=&#8221;row&#8221; use_row_as_full_screen_section=&#8221;no&#8221; type=&#8221;full_width&#8221; text_align=&#8221;left&#8221; background_color=&#8221;#f5f5f5&#8243; background_animation=&#8221;none&#8221; padding_top=&#8221;100&#8243; padding_bottom=&#8221;50&#8243;][vc_column][vc_row_inner row_type=&#8221;row&#8221; type=&#8221;grid&#8221; use_row_as_full_screen_section_slide=&#8221;no&#8221; text_align=&#8221;left&#8221; css_animation=&#8221;&#8221;][vc_column_inner width=&#8221;1\/2&#8243;][vc_single_image image=&#8221;40&#8243; img_size=&#8221;full&#8221; qode_css_animation=&#8221;&#8221;][vc_separator type=&#8221;transparent&#8221; border_style=&#8221;&#8221; up=&#8221;50&#8243; down=&#8221;0&#8243;][\/vc_column_inner][vc_column_inner width=&#8221;1\/2&#8243;][vc_column_text]<\/p>\n<h2>Un piccolo oggetto, grandi risultati<\/h2>\n<p>[\/vc_column_text][vc_separator type=&#8221;transparent&#8221; border_style=&#8221;&#8221; up=&#8221;30&#8243; down=&#8221;0&#8243;][vc_column_text]L\u2019idea di fondo \u00e8 semplice quanto efficace: le assi delle terrazze in legno sono fissate in molti punti alla struttura sottostante con delle viti. Il rivestimento in legno \u00e8 una base molto ampia e molto pesante per il tuo ombrellone. Perci\u00f2 non ti resta che bloccare l\u2019ombrellone proprio al rivestimento in legno.<\/p>\n<p>&nbsp;<\/p>\n<p>Per farlo utilizzi una piccola ancora in acciaio inossidabile fissata alla parte inferiore del supporto per ombrellone. Inserisci l\u2019ancora in una fuga qualsiasi delle assi in legno e la agganci al rivestimento in legno con una lieve rotazione. Cos\u00ec bloccata, la base per ombrellone pu\u00f2 reggere ombrelloni con un diametro massimo di 4 m con un vento fino a forza 5. La puoi <a title=\"Video\" href=\"https:\/\/sonnenanker.com\/it\/video\/\">spostare<\/a>\u00a0facilmente, senza strumenti, in qualsiasi momento.<\/p>\n<p>&nbsp;<\/p>\n<p>Questa costruzione, unica nel suo genere, \u00e8 tutelata come modello di utilit\u00e0 e come disegno\/modello europeo.[\/vc_column_text][\/vc_column_inner][\/vc_row_inner][\/vc_column][\/vc_row][vc_row row_type=&#8221;row&#8221; use_row_as_full_screen_section=&#8221;no&#8221; type=&#8221;full_width&#8221; text_align=&#8221;left&#8221; background_animation=&#8221;none&#8221; padding_top=&#8221;100&#8243; padding_bottom=&#8221;50&#8243;][vc_column][vc_row_inner row_type=&#8221;row&#8221; type=&#8221;grid&#8221; use_row_as_full_screen_section_slide=&#8221;no&#8221; text_align=&#8221;left&#8221; css_animation=&#8221;&#8221;][vc_column_inner width=&#8221;1\/2&#8243;][vc_column_text]<\/p>\n<h2 style=\"text-align: right;\">Provare per credere!<\/h2>\n<p>[\/vc_column_text][vc_separator type=&#8221;transparent&#8221; border_style=&#8221;&#8221; up=&#8221;40&#8243; down=&#8221;0&#8243;][vc_column_text]<\/p>\n<p style=\"text-align: right;\">I nostri oggetti funzionano davvero? Sono di tuo gradimento? Giudica con i tuoi stessi occhi. Provali per due settimane sulla tua terrazza o sul tuo balcone.<\/p>\n<p>&nbsp;<\/p>\n<p style=\"text-align: right;\">Se non desideri tenerli, puoi restituirceli. Il prezzo d\u2019acquisto e le spese di spedizione ti saranno immediatamente rimborsati.<\/p>\n<p>&nbsp;<\/p>\n<p style=\"text-align: right;\">Restituire i prodotti \u00e8 semplicissimo. La scatola in cui \u00e8 contenuto il supporto per ombrellone che hai ricevuto \u00e8 robusta, compatta e, tra l\u2019altro, anche elegante. Non usiamo imballaggi. Perci\u00f2 ti basta riporre la base per ombrellone nella scatola, subito pronta per la spedizione.<\/p>\n<p>[\/vc_column_text][\/vc_column_inner][vc_column_inner width=&#8221;1\/2&#8243;][vc_single_image image=&#8221;39&#8243; img_size=&#8221;full&#8221; qode_css_animation=&#8221;&#8221;][vc_separator type=&#8221;transparent&#8221; border_style=&#8221;&#8221; up=&#8221;30&#8243; down=&#8221;0&#8243;][\/vc_column_inner][\/vc_row_inner][\/vc_column][\/vc_row][vc_row row_type=&#8221;row&#8221; use_row_as_full_screen_section=&#8221;no&#8221; type=&#8221;full_width&#8221; text_align=&#8221;left&#8221; background_color=&#8221;#f5f5f5&#8243; background_animation=&#8221;none&#8221; padding_top=&#8221;100&#8243; padding_bottom=&#8221;50&#8243;][vc_column][vc_row_inner row_type=&#8221;row&#8221; type=&#8221;grid&#8221; use_row_as_full_screen_section_slide=&#8221;no&#8221; text_align=&#8221;left&#8221; css_animation=&#8221;&#8221;][vc_column_inner width=&#8221;1\/2&#8243;][vc_single_image image=&#8221;38&#8243; img_size=&#8221;full&#8221; qode_css_animation=&#8221;&#8221;][vc_separator type=&#8221;transparent&#8221; border_style=&#8221;&#8221; up=&#8221;30&#8243; down=&#8221;0&#8243;][\/vc_column_inner][vc_column_inner width=&#8221;1\/2&#8243;][vc_column_text]<\/p>\n<h2>Premiati per il design e il meccanismo<\/h2>\n<p>[\/vc_column_text][vc_separator type=&#8221;transparent&#8221; border_style=&#8221;&#8221; up=&#8221;40&#8243; down=&#8221;0&#8243;][vc_column_text]Tutti gli oggetti di sonnenanker sono prodotti in Germania in acciaio inossidabile e sono disponibili in diverse versioni.<\/p>\n<p>&nbsp;<\/p>\n<p>Il supporto per ombrellone \u00e8 stato premiato nel 2011 con il <a title=\"Video\" href=\"https:\/\/en.red-dot.org\" target=\"_blank\" rel=\"noopener\">red dot design award<\/a> per l\u2019idea e per la realizzazione convincente e nel 2012 \u00e8 stato nominato per il <a title=\"Video\" href=\"http:\/\/www.german-design-award.com\/en\" target=\"_blank\" rel=\"noopener\">German Design Award<\/a>.<\/p>\n<p>&nbsp;<\/p>\n<p>Nel 2013 il supporto per ombrellone e il tavolo si sono aggiudicati il Premio di Design della Repubblica Federale Tedesca\u00a0(argento), il pi\u00f9 alto riconoscimento conferito dalla Repubblica Federale Tedesca per l\u2019eccezionale design.[\/vc_column_text][vc_separator type=&#8221;transparent&#8221; border_style=&#8221;&#8221; up=&#8221;30&#8243; down=&#8221;0&#8243;][\/vc_column_inner][\/vc_row_inner][\/vc_column][\/vc_row][vc_row row_type=&#8221;row&#8221; use_row_as_full_screen_section=&#8221;no&#8221; type=&#8221;full_width&#8221; text_align=&#8221;left&#8221; background_animation=&#8221;none&#8221; padding_top=&#8221;100&#8243; padding_bottom=&#8221;50&#8243;][vc_column][vc_row_inner row_type=&#8221;row&#8221; type=&#8221;grid&#8221; use_row_as_full_screen_section_slide=&#8221;no&#8221; text_align=&#8221;right&#8221; css_animation=&#8221;&#8221;][vc_column_inner width=&#8221;1\/2&#8243;][vc_column_text]<\/p>\n<h2 style=\"text-align: right;\">L\u2019ancora dura. Garantito.<\/h2>\n<p>[\/vc_column_text][vc_separator type=&#8221;transparent&#8221; border_style=&#8221;&#8221; up=&#8221;40&#8243; down=&#8221;0&#8243;][vc_column_text]<\/p>\n<p style=\"text-align: right;\">Un\u2019ancora cos\u00ec piccola \u00e8 davvero resistente? Certo. Per la sua forma, \u00e8 sottoposta solo a trazione e resiste a forze di trazione di almeno 500 kg (5 kN): pi\u00f9 di un ombrellone pesantissimo.<\/p>\n<p>&nbsp;<\/p>\n<p style=\"text-align: right;\">I supporti per ombrellone di sonnenanker resistono dunque senza problemi a forti raffiche di vento, contrariamente alla maggior parte degli ombrelloni: motivo per cui noi consigliamo, come quasi tutti i produttori di ombrelloni, di chiudere l\u2019ombrellone in caso di vento oltre forza 5 Beaufort.<\/p>\n<p>&nbsp;<\/p>\n<p style=\"text-align: right;\">Tutti i prodotti sono composti solo da pezzi essenziali. I componenti sono realizzati con precisione esclusivamente in Germania. Di ogni pezzo centrale, l\u2019ancora, viene testata la resilienza.<\/p>\n<p>&nbsp;<\/p>\n<p style=\"text-align: right;\">I nostri prodotti hanno dieci anni di garanzia sulle funzioni previste dalle disposizioni di impiego di tutti i componenti.<\/p>\n<p>[\/vc_column_text][vc_separator type=&#8221;transparent&#8221; border_style=&#8221;&#8221; up=&#8221;30&#8243; down=&#8221;0&#8243;][\/vc_column_inner][vc_column_inner width=&#8221;1\/2&#8243;][vc_single_image image=&#8221;35&#8243; img_size=&#8221;full&#8221; qode_css_animation=&#8221;&#8221;][vc_separator type=&#8221;transparent&#8221; border_style=&#8221;&#8221; up=&#8221;30&#8243; down=&#8221;0&#8243;][\/vc_column_inner][\/vc_row_inner][\/vc_column][\/vc_row][vc_row row_type=&#8221;row&#8221; use_row_as_full_screen_section=&#8221;no&#8221; type=&#8221;full_width&#8221; text_align=&#8221;left&#8221; background_color=&#8221;#f5f5f5&#8243; background_animation=&#8221;none&#8221; padding_top=&#8221;100&#8243; padding_bottom=&#8221;50&#8243;][vc_column][vc_row_inner row_type=&#8221;row&#8221; type=&#8221;grid&#8221; use_row_as_full_screen_section_slide=&#8221;no&#8221; text_align=&#8221;left&#8221; css_animation=&#8221;&#8221;][vc_column_inner width=&#8221;1\/2&#8243;][vc_single_image image=&#8221;34&#8243; img_size=&#8221;full&#8221; qode_css_animation=&#8221;&#8221;][vc_separator type=&#8221;transparent&#8221; border_style=&#8221;&#8221; up=&#8221;30&#8243; down=&#8221;0&#8243;][\/vc_column_inner][vc_column_inner width=&#8221;1\/2&#8243;][vc_column_text]<\/p>\n<h2>Si adatta alle tue esigenze<\/h2>\n<p>[\/vc_column_text][vc_separator type=&#8221;transparent&#8221; border_style=&#8221;&#8221; up=&#8221;40&#8243; down=&#8221;0&#8243;][vc_column_text]Un buon rivestimento in legno dura tanto, ma non in eterno. Se il tuo nuovo rivestimento in legno \u00e8 composto da assi molto pi\u00f9 spesse o pi\u00f9 sottili, occorrer\u00e0 sostituire l\u2019ancora. Sostituiamo gratuitamente la tua vecchia ancora con una nuova.<\/p>\n<p>&nbsp;<\/p>\n<p>Oppure acquisti un nuovo ombrellone con un bastone con diametro pi\u00f9 grande o pi\u00f9 piccolo. Sostituiamo l\u2019attacco per il bastone con uno pi\u00f9 grande o pi\u00f9 piccolo. Anche a distanza di diversi anni.<\/p>\n<p>&nbsp;<\/p>\n<p style=\"text-align: left;\">La nostra passione \u00e8 risolvere i problemi. Chiamaci o scrivici. Spesso \u00e8 possibile trovare una soluzione semplicemente adattando i componenti. Inoltre abbiamo alcune soluzioni che non sono ancora state pubblicate sul sito.<\/p>\n<p>[\/vc_column_text][vc_separator type=&#8221;transparent&#8221; border_style=&#8221;&#8221; up=&#8221;30&#8243; down=&#8221;0&#8243;][\/vc_column_inner][\/vc_row_inner][vc_column_text]<img loading=\"lazy\" decoding=\"async\" class=\"aligncenter wp-image-22071\" src=\"https:\/\/sonnenanker.de\/wp-content\/uploads\/2015\/08\/sonnenanker.png\" alt=\"sonnenanker\" width=\"70\" height=\"119\" \/>[\/vc_column_text][\/vc_column][\/vc_row]<\/p>\n<\/div>","protected":false},"excerpt":{"rendered":"<p>[vc_row row_type=&#8221;row&#8221; use_row_as_full_screen_section=&#8221;no&#8221; type=&#8221;full_width&#8221; text_align=&#8221;left&#8221; background_color=&#8221;#f5f5f5&#8243; background_animation=&#8221;none&#8221; padding_top=&#8221;70&#8243; padding_bottom=&#8221;50&#8243;][vc_column][vc_row_inner row_type=&#8221;row&#8221; type=&#8221;grid&#8221; use_row_as_full_screen_section_slide=&#8221;no&#8221; text_align=&#8221;left&#8221; css_animation=&#8221;&#8221;][vc_column_inner][vc_column_text]Attualmente in italiano \u00e8 disponibile solo questa breve presentazione.\u00a0Trovi maggiori informazioni in tedesco o in inglese su sonnenanker.de.\u00a0Qui puoi anche acquistare i nostri prodotti.[\/vc_column_text][vc_separator type=&#8221;transparent&#8221; border_style=&#8221;&#8221; up=&#8221;40&#8243; down=&#8221;0&#8243;][\/vc_column_inner][\/vc_row_inner][vc_row_inner row_type=&#8221;row&#8221; type=&#8221;grid&#8221; use_row_as_full_screen_section_slide=&#8221;no&#8221; text_align=&#8221;left&#8221;&#8230;<\/p>\n","protected":false},"author":1,"featured_media":0,"parent":0,"menu_order":0,"comment_status":"closed","ping_status":"closed","template":"full_width.php","meta":{"inline_featured_image":false,"footnotes":""},"class_list":["post-10","page","type-page","status-publish","hentry"],"yoast_head":"<!-- This site is optimized with the Yoast SEO Premium plugin v24.9 (Yoast SEO v27.3) - https:\/\/yoast.com\/product\/yoast-seo-premium-wordpress\/ -->\n<title>L&#039;idea - sonnenanker | IT<\/title>\n<meta name=\"robots\" content=\"index, follow, max-snippet:-1, max-image-preview:large, max-video-preview:-1\" \/>\n<link rel=\"canonical\" href=\"https:\/\/sonnenanker.com\/it\/idea\/\" \/>\n<meta property=\"og:locale\" content=\"it_IT\" \/>\n<meta property=\"og:type\" content=\"article\" \/>\n<meta property=\"og:title\" content=\"L&#039;idea\" \/>\n<meta property=\"og:description\" content=\"[vc_row row_type=&#8221;row&#8221; use_row_as_full_screen_section=&#8221;no&#8221; type=&#8221;full_width&#8221; text_align=&#8221;left&#8221; background_color=&#8221;#f5f5f5&#8243; background_animation=&#8221;none&#8221; padding_top=&#8221;70&#8243; padding_bottom=&#8221;50&#8243;][vc_column][vc_row_inner row_type=&#8221;row&#8221; type=&#8221;grid&#8221; use_row_as_full_screen_section_slide=&#8221;no&#8221; text_align=&#8221;left&#8221; css_animation=&#8221;&#8221;][vc_column_inner][vc_column_text]Attualmente in italiano \u00e8 disponibile solo questa breve presentazione.\u00a0Trovi maggiori informazioni in tedesco o in inglese su sonnenanker.de.\u00a0Qui puoi anche acquistare i nostri prodotti.[\/vc_column_text][vc_separator type=&#8221;transparent&#8221; border_style=&#8221;&#8221; up=&#8221;40&#8243; down=&#8221;0&#8243;][\/vc_column_inner][\/vc_row_inner][vc_row_inner row_type=&#8221;row&#8221; type=&#8221;grid&#8221; use_row_as_full_screen_section_slide=&#8221;no&#8221; text_align=&#8221;left&#8221;...\" \/>\n<meta property=\"og:url\" content=\"https:\/\/sonnenanker.com\/it\/idea\/\" \/>\n<meta property=\"og:site_name\" content=\"sonnenanker | IT\" \/>\n<meta property=\"article:modified_time\" content=\"2021-11-24T14:00:50+00:00\" \/>\n<meta property=\"og:image\" content=\"https:\/\/sonnenanker.de\/wp-content\/uploads\/2015\/08\/sonnenanker.png\" \/>\n<meta name=\"twitter:card\" content=\"summary_large_image\" \/>\n<meta name=\"twitter:label1\" content=\"Tempo di lettura stimato\" \/>\n\t<meta name=\"twitter:data1\" content=\"5 minutes\" \/>\n<script type=\"application\/ld+json\" class=\"yoast-schema-graph\">{\"@context\":\"https:\\\/\\\/schema.org\",\"@graph\":[{\"@type\":\"WebPage\",\"@id\":\"https:\\\/\\\/sonnenanker.com\\\/it\\\/idea\\\/\",\"url\":\"https:\\\/\\\/sonnenanker.com\\\/it\\\/idea\\\/\",\"name\":\"L'idea - sonnenanker | IT\",\"isPartOf\":{\"@id\":\"https:\\\/\\\/sonnenanker.com\\\/it\\\/#website\"},\"primaryImageOfPage\":{\"@id\":\"https:\\\/\\\/sonnenanker.com\\\/it\\\/idea\\\/#primaryimage\"},\"image\":{\"@id\":\"https:\\\/\\\/sonnenanker.com\\\/it\\\/idea\\\/#primaryimage\"},\"thumbnailUrl\":\"https:\\\/\\\/sonnenanker.de\\\/wp-content\\\/uploads\\\/2015\\\/08\\\/sonnenanker.png\",\"datePublished\":\"2018-01-31T23:15:56+00:00\",\"dateModified\":\"2021-11-24T14:00:50+00:00\",\"breadcrumb\":{\"@id\":\"https:\\\/\\\/sonnenanker.com\\\/it\\\/idea\\\/#breadcrumb\"},\"inLanguage\":\"it-IT\",\"potentialAction\":[{\"@type\":\"ReadAction\",\"target\":[\"https:\\\/\\\/sonnenanker.com\\\/it\\\/idea\\\/\"]}]},{\"@type\":\"ImageObject\",\"inLanguage\":\"it-IT\",\"@id\":\"https:\\\/\\\/sonnenanker.com\\\/it\\\/idea\\\/#primaryimage\",\"url\":\"https:\\\/\\\/sonnenanker.de\\\/wp-content\\\/uploads\\\/2015\\\/08\\\/sonnenanker.png\",\"contentUrl\":\"https:\\\/\\\/sonnenanker.de\\\/wp-content\\\/uploads\\\/2015\\\/08\\\/sonnenanker.png\"},{\"@type\":\"BreadcrumbList\",\"@id\":\"https:\\\/\\\/sonnenanker.com\\\/it\\\/idea\\\/#breadcrumb\",\"itemListElement\":[{\"@type\":\"ListItem\",\"position\":1,\"name\":\"Startseite\",\"item\":\"https:\\\/\\\/sonnenanker.com\\\/it\\\/\"},{\"@type\":\"ListItem\",\"position\":2,\"name\":\"L&#8217;idea\"}]},{\"@type\":\"WebSite\",\"@id\":\"https:\\\/\\\/sonnenanker.com\\\/it\\\/#website\",\"url\":\"https:\\\/\\\/sonnenanker.com\\\/it\\\/\",\"name\":\"sonnenanker | IT\",\"description\":\"Nuovo supporto per ombrellone per terrazze in legno\",\"publisher\":{\"@id\":\"https:\\\/\\\/sonnenanker.com\\\/it\\\/#organization\"},\"potentialAction\":[{\"@type\":\"SearchAction\",\"target\":{\"@type\":\"EntryPoint\",\"urlTemplate\":\"https:\\\/\\\/sonnenanker.com\\\/it\\\/?s={search_term_string}\"},\"query-input\":{\"@type\":\"PropertyValueSpecification\",\"valueRequired\":true,\"valueName\":\"search_term_string\"}}],\"inLanguage\":\"it-IT\"},{\"@type\":\"Organization\",\"@id\":\"https:\\\/\\\/sonnenanker.com\\\/it\\\/#organization\",\"name\":\"sonnenanker\",\"url\":\"https:\\\/\\\/sonnenanker.com\\\/it\\\/\",\"logo\":{\"@type\":\"ImageObject\",\"inLanguage\":\"it-IT\",\"@id\":\"https:\\\/\\\/sonnenanker.com\\\/it\\\/#\\\/schema\\\/logo\\\/image\\\/\",\"url\":\"https:\\\/\\\/sonnenanker.com\\\/it\\\/wp-content\\\/uploads\\\/sites\\\/10\\\/2020\\\/05\\\/sonnenanker-picture-logo.png\",\"contentUrl\":\"https:\\\/\\\/sonnenanker.com\\\/it\\\/wp-content\\\/uploads\\\/sites\\\/10\\\/2020\\\/05\\\/sonnenanker-picture-logo.png\",\"width\":200,\"height\":392,\"caption\":\"sonnenanker\"},\"image\":{\"@id\":\"https:\\\/\\\/sonnenanker.com\\\/it\\\/#\\\/schema\\\/logo\\\/image\\\/\"}}]}<\/script>\n<!-- \/ Yoast SEO Premium plugin. -->","yoast_head_json":{"title":"L'idea - sonnenanker | IT","robots":{"index":"index","follow":"follow","max-snippet":"max-snippet:-1","max-image-preview":"max-image-preview:large","max-video-preview":"max-video-preview:-1"},"canonical":"https:\/\/sonnenanker.com\/it\/idea\/","og_locale":"it_IT","og_type":"article","og_title":"L'idea","og_description":"[vc_row row_type=&#8221;row&#8221; use_row_as_full_screen_section=&#8221;no&#8221; type=&#8221;full_width&#8221; text_align=&#8221;left&#8221; background_color=&#8221;#f5f5f5&#8243; background_animation=&#8221;none&#8221; padding_top=&#8221;70&#8243; padding_bottom=&#8221;50&#8243;][vc_column][vc_row_inner row_type=&#8221;row&#8221; type=&#8221;grid&#8221; use_row_as_full_screen_section_slide=&#8221;no&#8221; text_align=&#8221;left&#8221; css_animation=&#8221;&#8221;][vc_column_inner][vc_column_text]Attualmente in italiano \u00e8 disponibile solo questa breve presentazione.\u00a0Trovi maggiori informazioni in tedesco o in inglese su sonnenanker.de.\u00a0Qui puoi anche acquistare i nostri prodotti.[\/vc_column_text][vc_separator type=&#8221;transparent&#8221; border_style=&#8221;&#8221; up=&#8221;40&#8243; down=&#8221;0&#8243;][\/vc_column_inner][\/vc_row_inner][vc_row_inner row_type=&#8221;row&#8221; type=&#8221;grid&#8221; use_row_as_full_screen_section_slide=&#8221;no&#8221; text_align=&#8221;left&#8221;...","og_url":"https:\/\/sonnenanker.com\/it\/idea\/","og_site_name":"sonnenanker | IT","article_modified_time":"2021-11-24T14:00:50+00:00","og_image":[{"url":"https:\/\/sonnenanker.de\/wp-content\/uploads\/2015\/08\/sonnenanker.png","type":"","width":"","height":""}],"twitter_card":"summary_large_image","twitter_misc":{"Tempo di lettura stimato":"5 minutes"},"schema":{"@context":"https:\/\/schema.org","@graph":[{"@type":"WebPage","@id":"https:\/\/sonnenanker.com\/it\/idea\/","url":"https:\/\/sonnenanker.com\/it\/idea\/","name":"L'idea - sonnenanker | IT","isPartOf":{"@id":"https:\/\/sonnenanker.com\/it\/#website"},"primaryImageOfPage":{"@id":"https:\/\/sonnenanker.com\/it\/idea\/#primaryimage"},"image":{"@id":"https:\/\/sonnenanker.com\/it\/idea\/#primaryimage"},"thumbnailUrl":"https:\/\/sonnenanker.de\/wp-content\/uploads\/2015\/08\/sonnenanker.png","datePublished":"2018-01-31T23:15:56+00:00","dateModified":"2021-11-24T14:00:50+00:00","breadcrumb":{"@id":"https:\/\/sonnenanker.com\/it\/idea\/#breadcrumb"},"inLanguage":"it-IT","potentialAction":[{"@type":"ReadAction","target":["https:\/\/sonnenanker.com\/it\/idea\/"]}]},{"@type":"ImageObject","inLanguage":"it-IT","@id":"https:\/\/sonnenanker.com\/it\/idea\/#primaryimage","url":"https:\/\/sonnenanker.de\/wp-content\/uploads\/2015\/08\/sonnenanker.png","contentUrl":"https:\/\/sonnenanker.de\/wp-content\/uploads\/2015\/08\/sonnenanker.png"},{"@type":"BreadcrumbList","@id":"https:\/\/sonnenanker.com\/it\/idea\/#breadcrumb","itemListElement":[{"@type":"ListItem","position":1,"name":"Startseite","item":"https:\/\/sonnenanker.com\/it\/"},{"@type":"ListItem","position":2,"name":"L&#8217;idea"}]},{"@type":"WebSite","@id":"https:\/\/sonnenanker.com\/it\/#website","url":"https:\/\/sonnenanker.com\/it\/","name":"sonnenanker | IT","description":"Nuovo supporto per ombrellone per terrazze in legno","publisher":{"@id":"https:\/\/sonnenanker.com\/it\/#organization"},"potentialAction":[{"@type":"SearchAction","target":{"@type":"EntryPoint","urlTemplate":"https:\/\/sonnenanker.com\/it\/?s={search_term_string}"},"query-input":{"@type":"PropertyValueSpecification","valueRequired":true,"valueName":"search_term_string"}}],"inLanguage":"it-IT"},{"@type":"Organization","@id":"https:\/\/sonnenanker.com\/it\/#organization","name":"sonnenanker","url":"https:\/\/sonnenanker.com\/it\/","logo":{"@type":"ImageObject","inLanguage":"it-IT","@id":"https:\/\/sonnenanker.com\/it\/#\/schema\/logo\/image\/","url":"https:\/\/sonnenanker.com\/it\/wp-content\/uploads\/sites\/10\/2020\/05\/sonnenanker-picture-logo.png","contentUrl":"https:\/\/sonnenanker.com\/it\/wp-content\/uploads\/sites\/10\/2020\/05\/sonnenanker-picture-logo.png","width":200,"height":392,"caption":"sonnenanker"},"image":{"@id":"https:\/\/sonnenanker.com\/it\/#\/schema\/logo\/image\/"}}]}},"_links":{"self":[{"href":"https:\/\/sonnenanker.com\/it\/wp-json\/wp\/v2\/pages\/10","targetHints":{"allow":["GET"]}}],"collection":[{"href":"https:\/\/sonnenanker.com\/it\/wp-json\/wp\/v2\/pages"}],"about":[{"href":"https:\/\/sonnenanker.com\/it\/wp-json\/wp\/v2\/types\/page"}],"author":[{"embeddable":true,"href":"https:\/\/sonnenanker.com\/it\/wp-json\/wp\/v2\/users\/1"}],"replies":[{"embeddable":true,"href":"https:\/\/sonnenanker.com\/it\/wp-json\/wp\/v2\/comments?post=10"}],"version-history":[{"count":11,"href":"https:\/\/sonnenanker.com\/it\/wp-json\/wp\/v2\/pages\/10\/revisions"}],"predecessor-version":[{"id":913,"href":"https:\/\/sonnenanker.com\/it\/wp-json\/wp\/v2\/pages\/10\/revisions\/913"}],"wp:attachment":[{"href":"https:\/\/sonnenanker.com\/it\/wp-json\/wp\/v2\/media?parent=10"}],"curies":[{"name":"wp","href":"https:\/\/api.w.org\/{rel}","templated":true}]}}