{"id":5,"date":"2018-01-31T21:23:31","date_gmt":"2018-01-31T20:23:31","guid":{"rendered":"https:\/\/sonnenanker.de\/es\/?page_id=5"},"modified":"2021-11-24T14:50:56","modified_gmt":"2021-11-24T13:50:56","slug":"la-idea","status":"publish","type":"page","link":"https:\/\/sonnenanker.com\/es\/la-idea\/","title":{"rendered":"La idea"},"content":{"rendered":"<div class=\"wpb-content-wrapper\"><p>[vc_row row_type=\u00bbrow\u00bb use_row_as_full_screen_section=\u00bbno\u00bb type=\u00bbfull_width\u00bb text_align=\u00bbleft\u00bb background_color=\u00bb#f5f5f5&#8243; padding_top=\u00bb70&#8243; padding_bottom=\u00bb50&#8243; background_animation=\u00bbnone\u00bb][vc_column][vc_row_inner row_type=\u00bbrow\u00bb type=\u00bbgrid\u00bb use_row_as_full_screen_section_slide=\u00bbno\u00bb text_align=\u00bbleft\u00bb css_animation=\u00bb\u00bb][vc_column_inner][vc_column_text]De momento hay solo una corta introducci\u00f3n en su idioma nacional.\u00a0Puede obtener m\u00e1s informaciones en la p\u00e1gina sonnenanker.de en <a title=\"\" href=\"https:\/\/sonnenanker.de\" target=\"_blank\" rel=\"noopener noreferrer\">alem\u00e1n<\/a> o <a title=\"\" href=\"https:\/\/sonnenanker.com\" target=\"_blank\" rel=\"noopener noreferrer\">ingl\u00e9s<\/a>.\u00a0Desde all\u00ed tambi\u00e9n puede comprar nuestros productos.[\/vc_column_text][vc_separator type=\u00bbtransparent\u00bb border_style=\u00bb\u00bb up=\u00bb40&#8243; down=\u00bb0&#8243;][\/vc_column_inner][\/vc_row_inner][vc_row_inner row_type=\u00bbrow\u00bb type=\u00bbgrid\u00bb use_row_as_full_screen_section_slide=\u00bbno\u00bb text_align=\u00bbleft\u00bb css_animation=\u00bb\u00bb][vc_column_inner width=\u00bb1\/2&#8243;][vc_single_image image=\u00bb39&#8243; img_size=\u00bbfull\u00bb qode_css_animation=\u00bb\u00bb][vc_separator type=\u00bbtransparent\u00bb border_style=\u00bb\u00bb up=\u00bb40&#8243; down=\u00bb0&#8243;][\/vc_column_inner][vc_column_inner width=\u00bb1\/2&#8243;][vc_column_text]<\/p>\n<h2>Elegante, estable y muy f\u00e1cil<\/h2>\n<p>[\/vc_column_text][vc_separator type=\u00bbtransparent\u00bb border_style=\u00bb\u00bb up=\u00bb30&#8243; down=\u00bb0&#8243;][vc_column_text]Originariamente hab\u00eda solo el montante de anclaje: un soporte para sombrilla ligero y elegante para terrazas de madera.<\/p>\n<p>&nbsp;<\/p>\n<p>El premiado soporte para sombrilla puede ser desplazado <a title=\"V\u00eddeos\" href=\"https:\/\/sonnenanker.com\/es\/videos\/\">f\u00e1cilmente<\/a> y se acopla a las tarimas de madera de su terraza o su balc\u00f3n con un anclaje \u00fanico de acero inoxidable.<\/p>\n<p>&nbsp;<\/p>\n<p>Mientras tanto la familia ha crecido: hay sujeciones para hamacas, mesas, peque\u00f1os podios y soportes para sombrillas: Todos funcionan con el mismo principio. Por eso los marcamos todos con el sonnenanker.<\/p>\n<p>&nbsp;<\/p>\n<p>sonnenanker = z \u0254 n \u0259 n a \u014b k \u0250 = ancla de sol<\/p>\n<audio class=\"wp-audio-shortcode\" id=\"audio-5-1\" preload=\"none\" style=\"width: 100%;\" controls=\"controls\"><source type=\"audio\/mpeg\" src=\"https:\/\/sonnenanker.de\/en\/wp-content\/uploads\/sites\/4\/2018\/01\/sonnenanker.mp3?_=1\" \/><a href=\"https:\/\/sonnenanker.de\/en\/wp-content\/uploads\/sites\/4\/2018\/01\/sonnenanker.mp3\">https:\/\/sonnenanker.de\/en\/wp-content\/uploads\/sites\/4\/2018\/01\/sonnenanker.mp3<\/a><\/audio>\n<p>[\/vc_column_text][\/vc_column_inner][\/vc_row_inner][\/vc_column][\/vc_row][vc_row row_type=\u00bbrow\u00bb use_row_as_full_screen_section=\u00bbno\u00bb type=\u00bbfull_width\u00bb text_align=\u00bbleft\u00bb padding_top=\u00bb100&#8243; padding_bottom=\u00bb50&#8243; background_animation=\u00bbnone\u00bb][vc_column][vc_row_inner row_type=\u00bbrow\u00bb type=\u00bbgrid\u00bb use_row_as_full_screen_section_slide=\u00bbno\u00bb text_align=\u00bbright\u00bb css_animation=\u00bb\u00bb][vc_column_inner width=\u00bb1\/2&#8243;][vc_column_text]<\/p>\n<h2 style=\"text-align: right;\">Sencillamente siga el sol<\/h2>\n<p>[\/vc_column_text][vc_separator type=\u00bbtransparent\u00bb border_style=\u00bb\u00bb up=\u00bb30&#8243; down=\u00bb0&#8243;][vc_column_text]<\/p>\n<p style=\"text-align: right;\">\u00bfEl sol se encuentra en un \u00e1ngulo desfavorable? Con un manubrio puede desplazar el soporte para sombrilla a d\u00f3nde lo necesite y con un giro lo puede <a title=\"V\u00eddeos\" href=\"https:\/\/sonnenanker.com\/es\/videos\/\">fijar<\/a> en su nueva posici\u00f3n.<\/p>\n<p>&nbsp;<\/p>\n<p style=\"text-align: right;\">Nunca m\u00e1s tendr\u00e1 que rodar o levantar un soporte para sombrilla pesado. Y tendr\u00e1 un tropiezo meno en medio.<\/p>\n<p>&nbsp;<\/p>\n<p style=\"text-align: right;\">As\u00ed mismo funcionan los otros miembros de la familia ancla de sol: las sujeciones para las hamacas se montan y desmontan f\u00e1cilmente, las mesas se desplazan con un solo movimiento.<\/p>\n<p>[\/vc_column_text][vc_separator type=\u00bbtransparent\u00bb border_style=\u00bb\u00bb up=\u00bb30&#8243; down=\u00bb0&#8243;][\/vc_column_inner][vc_column_inner width=\u00bb1\/2&#8243;][vc_single_image image=\u00bb40&#8243; img_size=\u00bbfull\u00bb alignment=\u00bbright\u00bb qode_css_animation=\u00bb\u00bb][vc_separator type=\u00bbtransparent\u00bb border_style=\u00bb\u00bb up=\u00bb40&#8243; down=\u00bb0&#8243;][\/vc_column_inner][\/vc_row_inner][\/vc_column][\/vc_row][vc_row row_type=\u00bbrow\u00bb use_row_as_full_screen_section=\u00bbno\u00bb type=\u00bbfull_width\u00bb text_align=\u00bbleft\u00bb background_color=\u00bb#f5f5f5&#8243; padding_top=\u00bb100&#8243; padding_bottom=\u00bb50&#8243; background_animation=\u00bbnone\u00bb][vc_column][vc_row_inner row_type=\u00bbrow\u00bb type=\u00bbgrid\u00bb use_row_as_full_screen_section_slide=\u00bbno\u00bb text_align=\u00bbleft\u00bb css_animation=\u00bb\u00bb][vc_column_inner width=\u00bb1\/2&#8243;][vc_single_image image=\u00bb43&#8243; img_size=\u00bbfull\u00bb qode_css_animation=\u00bb\u00bb][vc_separator type=\u00bbtransparent\u00bb border_style=\u00bb\u00bb up=\u00bb50&#8243; down=\u00bb0&#8243;][\/vc_column_inner][vc_column_inner width=\u00bb1\/2&#8243;][vc_column_text]<\/p>\n<h2>Peque\u00f1o componente, gran efecto<\/h2>\n<p>[\/vc_column_text][vc_separator type=\u00bbtransparent\u00bb border_style=\u00bb\u00bb up=\u00bb30&#8243; down=\u00bb0&#8243;][vc_column_text]La idea principal es tan f\u00e1cil como efectiva: Las tarimas de la subestructura de las terrazas de madera est\u00e1n atornilladas en varias partes. Su cubierta de madera es igualmente un muy grande y pesado pie para su sombrilla. Solamente falta sujetar su sombrilla a su cubierta de madera.<\/p>\n<p>&nbsp;<\/p>\n<p>Esto es hecho posible por un peque\u00f1o anclaje de acero fino en la parte inferior de su soporte para sombrilla. Este lo posiciona en cualquier juntura entre las tarimas de madera y lo acopla con un ligero giro a su cubierta de madera. Sujetado de esta manera, el soporte de sombrilla sostiene sombrillas con un di\u00e1metro de hasta 4 metros habiendo velocidades de viento de fuerza de nivel 5. Lo puede <a title=\"V\u00eddeos\" href=\"https:\/\/sonnenanker.com\/es\/videos\/\">desplazar<\/a> f\u00e1cilmente sin herramientas.<\/p>\n<p>&nbsp;<\/p>\n<p>Esta construcci\u00f3n excepcional es un modelo de utilidad y est\u00e1 protegida con un patente de dise\u00f1o europeo.[\/vc_column_text][\/vc_column_inner][\/vc_row_inner][\/vc_column][\/vc_row][vc_row row_type=\u00bbrow\u00bb use_row_as_full_screen_section=\u00bbno\u00bb type=\u00bbfull_width\u00bb text_align=\u00bbleft\u00bb padding_top=\u00bb100&#8243; padding_bottom=\u00bb50&#8243; background_animation=\u00bbnone\u00bb][vc_column][vc_row_inner row_type=\u00bbrow\u00bb type=\u00bbgrid\u00bb use_row_as_full_screen_section_slide=\u00bbno\u00bb text_align=\u00bbleft\u00bb css_animation=\u00bb\u00bb][vc_column_inner width=\u00bb1\/2&#8243;][vc_column_text]<\/p>\n<h2 style=\"text-align: right;\">\u00a1Para saber si algo es bueno hay que probarlo!<\/h2>\n<p>[\/vc_column_text][vc_separator type=\u00bbtransparent\u00bb border_style=\u00bb\u00bb up=\u00bb40&#8243; down=\u00bb0&#8243;][vc_column_text]<\/p>\n<p style=\"text-align: right;\">Puede averiguar r\u00e1pidamente si nuestras cosas sirven y si les gustan. \u00a1Simplemente pru\u00e9belas por dos semanas! En su propio balc\u00f3n o su propia terraza.<\/p>\n<p>&nbsp;<\/p>\n<p style=\"text-align: right;\">Si no quiere quedarse con las cosas, simplemente devu\u00e9lvalas. Le reembolsaremos inmediatamente el precio de compra y los gastos de env\u00edo.<\/p>\n<p>&nbsp;<\/p>\n<p style=\"text-align: right;\">El reenv\u00edo es f\u00e1cil. La caja en la que llega su sombrilla es robusta, compacta y, dicho sea de paso, bonita. Renunciamos a los residuos de envases. Por eso puede f\u00e1cilmente embalar el soporte para sombrilla de manera segura.<\/p>\n<p>[\/vc_column_text][\/vc_column_inner][vc_column_inner width=\u00bb1\/2&#8243;][vc_single_image image=\u00bb42&#8243; img_size=\u00bbfull\u00bb qode_css_animation=\u00bb\u00bb][vc_separator type=\u00bbtransparent\u00bb border_style=\u00bb\u00bb up=\u00bb30&#8243; down=\u00bb0&#8243;][\/vc_column_inner][\/vc_row_inner][\/vc_column][\/vc_row][vc_row row_type=\u00bbrow\u00bb use_row_as_full_screen_section=\u00bbno\u00bb type=\u00bbfull_width\u00bb text_align=\u00bbleft\u00bb background_color=\u00bb#f5f5f5&#8243; padding_top=\u00bb100&#8243; padding_bottom=\u00bb50&#8243; background_animation=\u00bbnone\u00bb][vc_column][vc_row_inner row_type=\u00bbrow\u00bb type=\u00bbgrid\u00bb use_row_as_full_screen_section_slide=\u00bbno\u00bb text_align=\u00bbleft\u00bb css_animation=\u00bb\u00bb][vc_column_inner width=\u00bb1\/2&#8243;][vc_single_image image=\u00bb41&#8243; img_size=\u00bbfull\u00bb qode_css_animation=\u00bb\u00bb][vc_separator type=\u00bbtransparent\u00bb border_style=\u00bb\u00bb up=\u00bb30&#8243; down=\u00bb0&#8243;][\/vc_column_inner][vc_column_inner width=\u00bb1\/2&#8243;][vc_column_text]<\/p>\n<h2>Premiado por su dise\u00f1o y funci\u00f3n.<\/h2>\n<p>[\/vc_column_text][vc_separator type=\u00bbtransparent\u00bb border_style=\u00bb\u00bb up=\u00bb40&#8243; down=\u00bb0&#8243;][vc_column_text]Todas las cosas de sonnenanker son manufacturadas en Alemania con acero fino y son disponibles en modelos diferentes.<\/p>\n<p>&nbsp;<\/p>\n<p>En 2011, el soporte de sombrilla fue premiado con el <a title=\"V\u00eddeos\" href=\"https:\/\/en.red-dot.org\" target=\"_blank\" rel=\"noopener\">red dot design award<\/a> por su concepto bien reflexionado y su contundente dise\u00f1o y en 2012 fue nominado para el <a title=\"V\u00eddeos\" href=\"http:\/\/www.german-design-award.com\/en.html\" target=\"_blank\" rel=\"noopener\">German Design Award<\/a>.<\/p>\n<p>&nbsp;<\/p>\n<p>En 2013 el soporte para sombrilla y la mesa alta fueron designados con el segundo plazo del Premio de Dise\u00f1o de la Rep\u00fablica Federal de Alemania, la distinci\u00f3n m\u00e1s alta de Alemania para el dise\u00f1o excelente.[\/vc_column_text][vc_separator type=\u00bbtransparent\u00bb border_style=\u00bb\u00bb up=\u00bb30&#8243; down=\u00bb0&#8243;][\/vc_column_inner][\/vc_row_inner][\/vc_column][\/vc_row][vc_row row_type=\u00bbrow\u00bb use_row_as_full_screen_section=\u00bbno\u00bb type=\u00bbfull_width\u00bb text_align=\u00bbleft\u00bb padding_top=\u00bb100&#8243; padding_bottom=\u00bb50&#8243; background_animation=\u00bbnone\u00bb][vc_column][vc_row_inner row_type=\u00bbrow\u00bb type=\u00bbgrid\u00bb use_row_as_full_screen_section_slide=\u00bbno\u00bb text_align=\u00bbright\u00bb css_animation=\u00bb\u00bb][vc_column_inner width=\u00bb1\/2&#8243;][vc_column_text]<\/p>\n<h2 style=\"text-align: right;\">El anclaje es resistente. Se lo garantizamos.<\/h2>\n<p>[\/vc_column_text][vc_separator type=\u00bbtransparent\u00bb border_style=\u00bb\u00bb up=\u00bb40&#8243; down=\u00bb0&#8243;][vc_column_text]<\/p>\n<p style=\"text-align: right;\">\u00bfUn anclaje tan peque\u00f1o puede ser resistente? Claro. Gracias a su modo de construcci\u00f3n el anclaje es cargado por tracci\u00f3n y resiste a fuerzas de tracci\u00f3n de al menos 500 kg (5 kN). Eso es m\u00e1s de lo que pesa el soporte para sombrilla m\u00e1s pesado.<\/p>\n<p>&nbsp;<\/p>\n<p style=\"text-align: right;\">Por eso los soportes para sombrilla de sonnenanker resisten f\u00e1cilmente a fuertes r\u00e1fagas \u2013 al contrario de la mayor\u00eda de las sombrillas. Por lo tanto &#8211; como la mayor\u00eda de los fabricantes de sombrilla &#8211; recomendamos cerrar las sombrillas cuando hay velocidades de viento de m\u00e1s de 5 en la escala de Beaufort.<\/p>\n<p>&nbsp;<\/p>\n<p style=\"text-align: right;\">Todos los productos est\u00e1n compuestos por componentes verdaderamente necesarios. Estos son fabricados con diligencia exclusivamente en Alemania. La resistencia del componente fundamental, el anclaje, es comprobada individualmente.<\/p>\n<p>&nbsp;<\/p>\n<p style=\"text-align: right;\">Le ofrecemos 10 a\u00f1os de garant\u00eda para la funci\u00f3n prevista de todos los componentes.<\/p>\n<p>[\/vc_column_text][vc_separator type=\u00bbtransparent\u00bb border_style=\u00bb\u00bb up=\u00bb30&#8243; down=\u00bb0&#8243;][\/vc_column_inner][vc_column_inner width=\u00bb1\/2&#8243;][vc_single_image image=\u00bb38&#8243; img_size=\u00bbfull\u00bb qode_css_animation=\u00bb\u00bb][vc_separator type=\u00bbtransparent\u00bb border_style=\u00bb\u00bb up=\u00bb30&#8243; down=\u00bb0&#8243;][\/vc_column_inner][\/vc_row_inner][\/vc_column][\/vc_row][vc_row row_type=\u00bbrow\u00bb use_row_as_full_screen_section=\u00bbno\u00bb type=\u00bbfull_width\u00bb text_align=\u00bbleft\u00bb background_color=\u00bb#f5f5f5&#8243; padding_top=\u00bb100&#8243; padding_bottom=\u00bb50&#8243; background_animation=\u00bbnone\u00bb][vc_column][vc_row_inner row_type=\u00bbrow\u00bb type=\u00bbgrid\u00bb use_row_as_full_screen_section_slide=\u00bbno\u00bb text_align=\u00bbleft\u00bb css_animation=\u00bb\u00bb][vc_column_inner width=\u00bb1\/2&#8243;][vc_single_image image=\u00bb37&#8243; img_size=\u00bbfull\u00bb qode_css_animation=\u00bb\u00bb][vc_separator type=\u00bbtransparent\u00bb border_style=\u00bb\u00bb up=\u00bb30&#8243; down=\u00bb0&#8243;][\/vc_column_inner][vc_column_inner width=\u00bb1\/2&#8243;][vc_column_text]<\/p>\n<h2>Una adaptaci\u00f3n siempre es posible<\/h2>\n<p>[\/vc_column_text][vc_separator type=\u00bbtransparent\u00bb border_style=\u00bb\u00bb up=\u00bb40&#8243; down=\u00bb0&#8243;][vc_column_text]Buenas cubiertas de madera duran mucho, pero no para siempre. Si su cubierta de madera tiene tarimas m\u00e1s gruesas o m\u00e1s finas, necesitar\u00e1 otro anclaje. Con nosotros puede cambiarlo por otro gratuitamente.<\/p>\n<p>&nbsp;<\/p>\n<p>O usted compra otra sombrilla y el m\u00e1stil nuevo es m\u00e1s grueso o m\u00e1s fino. Nosotros cambiamos su acoplamiento por uno m\u00e1s grande o m\u00e1s peque\u00f1o \u2013 incluso despu\u00e9s de a\u00f1os.<\/p>\n<p>&nbsp;<\/p>\n<p style=\"text-align: left;\">\u00a1Nos gusta resolver problemas! Escriba o ll\u00e1menos. En muchos casos tenemos ya una soluci\u00f3n con la adaptaci\u00f3n de nuestros componentes. Adem\u00e1s, tenemos algunas elaboraciones que no ofrecemos o todav\u00eda no ofrecemos p\u00fablicamente.<\/p>\n<p>[\/vc_column_text][vc_separator type=\u00bbtransparent\u00bb border_style=\u00bb\u00bb up=\u00bb30&#8243; down=\u00bb0&#8243;][\/vc_column_inner][\/vc_row_inner][vc_column_text]<img loading=\"lazy\" decoding=\"async\" class=\"aligncenter wp-image-22071\" src=\"https:\/\/sonnenanker.de\/wp-content\/uploads\/2015\/08\/sonnenanker.png\" alt=\"sonnenanker\" width=\"70\" height=\"119\" \/>[\/vc_column_text][\/vc_column][\/vc_row]<\/p>\n<\/div>","protected":false},"excerpt":{"rendered":"<p>[vc_row row_type=\u00bbrow\u00bb use_row_as_full_screen_section=\u00bbno\u00bb type=\u00bbfull_width\u00bb text_align=\u00bbleft\u00bb background_color=\u00bb#f5f5f5&#8243; padding_top=\u00bb70&#8243; padding_bottom=\u00bb50&#8243; background_animation=\u00bbnone\u00bb][vc_column][vc_row_inner row_type=\u00bbrow\u00bb type=\u00bbgrid\u00bb use_row_as_full_screen_section_slide=\u00bbno\u00bb text_align=\u00bbleft\u00bb css_animation=\u00bb\u00bb][vc_column_inner][vc_column_text]De momento hay solo una corta introducci\u00f3n en su idioma nacional.\u00a0Puede obtener m\u00e1s informaciones en la p\u00e1gina sonnenanker.de en alem\u00e1n o ingl\u00e9s.\u00a0Desde all\u00ed tambi\u00e9n puede comprar nuestros productos.[\/vc_column_text][vc_separator type=\u00bbtransparent\u00bb border_style=\u00bb\u00bb up=\u00bb40&#8243; down=\u00bb0&#8243;][\/vc_column_inner][\/vc_row_inner][vc_row_inner&#8230;<\/p>\n","protected":false},"author":1,"featured_media":0,"parent":0,"menu_order":0,"comment_status":"closed","ping_status":"closed","template":"full_width.php","meta":{"inline_featured_image":false,"footnotes":""},"class_list":["post-5","page","type-page","status-publish","hentry"],"yoast_head":"<!-- This site is optimized with the Yoast SEO Premium plugin v24.9 (Yoast SEO v27.3) - https:\/\/yoast.com\/product\/yoast-seo-premium-wordpress\/ -->\n<title>La idea - sonnenanker | ES<\/title>\n<meta name=\"robots\" content=\"index, follow, max-snippet:-1, max-image-preview:large, max-video-preview:-1\" \/>\n<link rel=\"canonical\" href=\"https:\/\/sonnenanker.com\/es\/la-idea\/\" \/>\n<meta property=\"og:locale\" content=\"es_ES\" \/>\n<meta property=\"og:type\" content=\"article\" \/>\n<meta property=\"og:title\" content=\"La idea\" \/>\n<meta property=\"og:description\" content=\"[vc_row row_type=\u00bbrow\u00bb use_row_as_full_screen_section=\u00bbno\u00bb type=\u00bbfull_width\u00bb text_align=\u00bbleft\u00bb background_color=\u00bb#f5f5f5&#8243; padding_top=\u00bb70&#8243; padding_bottom=\u00bb50&#8243; background_animation=\u00bbnone\u00bb][vc_column][vc_row_inner row_type=\u00bbrow\u00bb type=\u00bbgrid\u00bb use_row_as_full_screen_section_slide=\u00bbno\u00bb text_align=\u00bbleft\u00bb css_animation=\u00bb\u00bb][vc_column_inner][vc_column_text]De momento hay solo una corta introducci\u00f3n en su idioma nacional.\u00a0Puede obtener m\u00e1s informaciones en la p\u00e1gina sonnenanker.de en alem\u00e1n o ingl\u00e9s.\u00a0Desde all\u00ed tambi\u00e9n puede comprar nuestros productos.[\/vc_column_text][vc_separator type=\u00bbtransparent\u00bb border_style=\u00bb\u00bb up=\u00bb40&#8243; down=\u00bb0&#8243;][\/vc_column_inner][\/vc_row_inner][vc_row_inner...\" \/>\n<meta property=\"og:url\" content=\"https:\/\/sonnenanker.com\/es\/la-idea\/\" \/>\n<meta property=\"og:site_name\" content=\"sonnenanker | ES\" \/>\n<meta property=\"article:modified_time\" content=\"2021-11-24T13:50:56+00:00\" \/>\n<meta property=\"og:image\" content=\"https:\/\/sonnenanker.de\/wp-content\/uploads\/2015\/08\/sonnenanker.png\" \/>\n<meta name=\"twitter:card\" content=\"summary_large_image\" \/>\n<meta name=\"twitter:label1\" content=\"Tiempo de lectura\" \/>\n\t<meta name=\"twitter:data1\" content=\"5 minutos\" \/>\n<script type=\"application\/ld+json\" class=\"yoast-schema-graph\">{\"@context\":\"https:\\\/\\\/schema.org\",\"@graph\":[{\"@type\":\"WebPage\",\"@id\":\"https:\\\/\\\/sonnenanker.com\\\/es\\\/la-idea\\\/\",\"url\":\"https:\\\/\\\/sonnenanker.com\\\/es\\\/la-idea\\\/\",\"name\":\"La idea - sonnenanker | ES\",\"isPartOf\":{\"@id\":\"https:\\\/\\\/sonnenanker.com\\\/es\\\/#website\"},\"primaryImageOfPage\":{\"@id\":\"https:\\\/\\\/sonnenanker.com\\\/es\\\/la-idea\\\/#primaryimage\"},\"image\":{\"@id\":\"https:\\\/\\\/sonnenanker.com\\\/es\\\/la-idea\\\/#primaryimage\"},\"thumbnailUrl\":\"https:\\\/\\\/sonnenanker.de\\\/wp-content\\\/uploads\\\/2015\\\/08\\\/sonnenanker.png\",\"datePublished\":\"2018-01-31T20:23:31+00:00\",\"dateModified\":\"2021-11-24T13:50:56+00:00\",\"breadcrumb\":{\"@id\":\"https:\\\/\\\/sonnenanker.com\\\/es\\\/la-idea\\\/#breadcrumb\"},\"inLanguage\":\"es\",\"potentialAction\":[{\"@type\":\"ReadAction\",\"target\":[\"https:\\\/\\\/sonnenanker.com\\\/es\\\/la-idea\\\/\"]}]},{\"@type\":\"ImageObject\",\"inLanguage\":\"es\",\"@id\":\"https:\\\/\\\/sonnenanker.com\\\/es\\\/la-idea\\\/#primaryimage\",\"url\":\"https:\\\/\\\/sonnenanker.de\\\/wp-content\\\/uploads\\\/2015\\\/08\\\/sonnenanker.png\",\"contentUrl\":\"https:\\\/\\\/sonnenanker.de\\\/wp-content\\\/uploads\\\/2015\\\/08\\\/sonnenanker.png\"},{\"@type\":\"BreadcrumbList\",\"@id\":\"https:\\\/\\\/sonnenanker.com\\\/es\\\/la-idea\\\/#breadcrumb\",\"itemListElement\":[{\"@type\":\"ListItem\",\"position\":1,\"name\":\"Startseite\",\"item\":\"https:\\\/\\\/sonnenanker.com\\\/es\\\/\"},{\"@type\":\"ListItem\",\"position\":2,\"name\":\"La idea\"}]},{\"@type\":\"WebSite\",\"@id\":\"https:\\\/\\\/sonnenanker.com\\\/es\\\/#website\",\"url\":\"https:\\\/\\\/sonnenanker.com\\\/es\\\/\",\"name\":\"sonnenanker | ES\",\"description\":\"Cosas hermosas y buenas para terrazas de  madera\",\"publisher\":{\"@id\":\"https:\\\/\\\/sonnenanker.com\\\/es\\\/#organization\"},\"potentialAction\":[{\"@type\":\"SearchAction\",\"target\":{\"@type\":\"EntryPoint\",\"urlTemplate\":\"https:\\\/\\\/sonnenanker.com\\\/es\\\/?s={search_term_string}\"},\"query-input\":{\"@type\":\"PropertyValueSpecification\",\"valueRequired\":true,\"valueName\":\"search_term_string\"}}],\"inLanguage\":\"es\"},{\"@type\":\"Organization\",\"@id\":\"https:\\\/\\\/sonnenanker.com\\\/es\\\/#organization\",\"name\":\"sonnenanker\",\"url\":\"https:\\\/\\\/sonnenanker.com\\\/es\\\/\",\"logo\":{\"@type\":\"ImageObject\",\"inLanguage\":\"es\",\"@id\":\"https:\\\/\\\/sonnenanker.com\\\/es\\\/#\\\/schema\\\/logo\\\/image\\\/\",\"url\":\"https:\\\/\\\/sonnenanker.com\\\/es\\\/wp-content\\\/uploads\\\/sites\\\/8\\\/2020\\\/05\\\/sonnenanker-picture-logo.png\",\"contentUrl\":\"https:\\\/\\\/sonnenanker.com\\\/es\\\/wp-content\\\/uploads\\\/sites\\\/8\\\/2020\\\/05\\\/sonnenanker-picture-logo.png\",\"width\":200,\"height\":392,\"caption\":\"sonnenanker\"},\"image\":{\"@id\":\"https:\\\/\\\/sonnenanker.com\\\/es\\\/#\\\/schema\\\/logo\\\/image\\\/\"}}]}<\/script>\n<!-- \/ Yoast SEO Premium plugin. -->","yoast_head_json":{"title":"La idea - sonnenanker | ES","robots":{"index":"index","follow":"follow","max-snippet":"max-snippet:-1","max-image-preview":"max-image-preview:large","max-video-preview":"max-video-preview:-1"},"canonical":"https:\/\/sonnenanker.com\/es\/la-idea\/","og_locale":"es_ES","og_type":"article","og_title":"La idea","og_description":"[vc_row row_type=\u00bbrow\u00bb use_row_as_full_screen_section=\u00bbno\u00bb type=\u00bbfull_width\u00bb text_align=\u00bbleft\u00bb background_color=\u00bb#f5f5f5&#8243; padding_top=\u00bb70&#8243; padding_bottom=\u00bb50&#8243; background_animation=\u00bbnone\u00bb][vc_column][vc_row_inner row_type=\u00bbrow\u00bb type=\u00bbgrid\u00bb use_row_as_full_screen_section_slide=\u00bbno\u00bb text_align=\u00bbleft\u00bb css_animation=\u00bb\u00bb][vc_column_inner][vc_column_text]De momento hay solo una corta introducci\u00f3n en su idioma nacional.\u00a0Puede obtener m\u00e1s informaciones en la p\u00e1gina sonnenanker.de en alem\u00e1n o ingl\u00e9s.\u00a0Desde all\u00ed tambi\u00e9n puede comprar nuestros productos.[\/vc_column_text][vc_separator type=\u00bbtransparent\u00bb border_style=\u00bb\u00bb up=\u00bb40&#8243; down=\u00bb0&#8243;][\/vc_column_inner][\/vc_row_inner][vc_row_inner...","og_url":"https:\/\/sonnenanker.com\/es\/la-idea\/","og_site_name":"sonnenanker | ES","article_modified_time":"2021-11-24T13:50:56+00:00","og_image":[{"url":"https:\/\/sonnenanker.de\/wp-content\/uploads\/2015\/08\/sonnenanker.png","type":"","width":"","height":""}],"twitter_card":"summary_large_image","twitter_misc":{"Tiempo de lectura":"5 minutos"},"schema":{"@context":"https:\/\/schema.org","@graph":[{"@type":"WebPage","@id":"https:\/\/sonnenanker.com\/es\/la-idea\/","url":"https:\/\/sonnenanker.com\/es\/la-idea\/","name":"La idea - sonnenanker | ES","isPartOf":{"@id":"https:\/\/sonnenanker.com\/es\/#website"},"primaryImageOfPage":{"@id":"https:\/\/sonnenanker.com\/es\/la-idea\/#primaryimage"},"image":{"@id":"https:\/\/sonnenanker.com\/es\/la-idea\/#primaryimage"},"thumbnailUrl":"https:\/\/sonnenanker.de\/wp-content\/uploads\/2015\/08\/sonnenanker.png","datePublished":"2018-01-31T20:23:31+00:00","dateModified":"2021-11-24T13:50:56+00:00","breadcrumb":{"@id":"https:\/\/sonnenanker.com\/es\/la-idea\/#breadcrumb"},"inLanguage":"es","potentialAction":[{"@type":"ReadAction","target":["https:\/\/sonnenanker.com\/es\/la-idea\/"]}]},{"@type":"ImageObject","inLanguage":"es","@id":"https:\/\/sonnenanker.com\/es\/la-idea\/#primaryimage","url":"https:\/\/sonnenanker.de\/wp-content\/uploads\/2015\/08\/sonnenanker.png","contentUrl":"https:\/\/sonnenanker.de\/wp-content\/uploads\/2015\/08\/sonnenanker.png"},{"@type":"BreadcrumbList","@id":"https:\/\/sonnenanker.com\/es\/la-idea\/#breadcrumb","itemListElement":[{"@type":"ListItem","position":1,"name":"Startseite","item":"https:\/\/sonnenanker.com\/es\/"},{"@type":"ListItem","position":2,"name":"La idea"}]},{"@type":"WebSite","@id":"https:\/\/sonnenanker.com\/es\/#website","url":"https:\/\/sonnenanker.com\/es\/","name":"sonnenanker | ES","description":"Cosas hermosas y buenas para terrazas de  madera","publisher":{"@id":"https:\/\/sonnenanker.com\/es\/#organization"},"potentialAction":[{"@type":"SearchAction","target":{"@type":"EntryPoint","urlTemplate":"https:\/\/sonnenanker.com\/es\/?s={search_term_string}"},"query-input":{"@type":"PropertyValueSpecification","valueRequired":true,"valueName":"search_term_string"}}],"inLanguage":"es"},{"@type":"Organization","@id":"https:\/\/sonnenanker.com\/es\/#organization","name":"sonnenanker","url":"https:\/\/sonnenanker.com\/es\/","logo":{"@type":"ImageObject","inLanguage":"es","@id":"https:\/\/sonnenanker.com\/es\/#\/schema\/logo\/image\/","url":"https:\/\/sonnenanker.com\/es\/wp-content\/uploads\/sites\/8\/2020\/05\/sonnenanker-picture-logo.png","contentUrl":"https:\/\/sonnenanker.com\/es\/wp-content\/uploads\/sites\/8\/2020\/05\/sonnenanker-picture-logo.png","width":200,"height":392,"caption":"sonnenanker"},"image":{"@id":"https:\/\/sonnenanker.com\/es\/#\/schema\/logo\/image\/"}}]}},"_links":{"self":[{"href":"https:\/\/sonnenanker.com\/es\/wp-json\/wp\/v2\/pages\/5","targetHints":{"allow":["GET"]}}],"collection":[{"href":"https:\/\/sonnenanker.com\/es\/wp-json\/wp\/v2\/pages"}],"about":[{"href":"https:\/\/sonnenanker.com\/es\/wp-json\/wp\/v2\/types\/page"}],"author":[{"embeddable":true,"href":"https:\/\/sonnenanker.com\/es\/wp-json\/wp\/v2\/users\/1"}],"replies":[{"embeddable":true,"href":"https:\/\/sonnenanker.com\/es\/wp-json\/wp\/v2\/comments?post=5"}],"version-history":[{"count":14,"href":"https:\/\/sonnenanker.com\/es\/wp-json\/wp\/v2\/pages\/5\/revisions"}],"predecessor-version":[{"id":1124,"href":"https:\/\/sonnenanker.com\/es\/wp-json\/wp\/v2\/pages\/5\/revisions\/1124"}],"wp:attachment":[{"href":"https:\/\/sonnenanker.com\/es\/wp-json\/wp\/v2\/media?parent=5"}],"curies":[{"name":"wp","href":"https:\/\/api.w.org\/{rel}","templated":true}]}}