{"id":5,"date":"2018-01-31T21:37:03","date_gmt":"2018-01-31T20:37:03","guid":{"rendered":"https:\/\/sonnenanker.de\/dk\/?page_id=5"},"modified":"2021-11-24T14:55:24","modified_gmt":"2021-11-24T13:55:24","slug":"ideen","status":"publish","type":"page","link":"https:\/\/sonnenanker.com\/dk\/ideen\/","title":{"rendered":"ideen"},"content":{"rendered":"<div class=\"wpb-content-wrapper\"><p>[vc_row row_type=&#8221;row&#8221; use_row_as_full_screen_section=&#8221;no&#8221; type=&#8221;full_width&#8221; text_align=&#8221;left&#8221; background_color=&#8221;#f5f5f5&#8243; padding_top=&#8221;70&#8243; padding_bottom=&#8221;50&#8243; background_animation=&#8221;none&#8221;][vc_column][vc_row_inner row_type=&#8221;row&#8221; type=&#8221;grid&#8221; use_row_as_full_screen_section_slide=&#8221;no&#8221; text_align=&#8221;left&#8221; css_animation=&#8221;&#8221;][vc_column_inner][vc_column_text]Indtil videre findes der kun denne korte introduktion p\u00e5 dit sprog.\u00a0Find flere informationer p\u00e5 sonnenanker.de p\u00e5 <a title=\"\" href=\"https:\/\/sonnenanker.de\" target=\"_blank\" rel=\"noopener noreferrer\">tysk<\/a> eller <a title=\"\" href=\"https:\/\/sonnenanker.com\" target=\"_blank\" rel=\"noopener noreferrer\">engelsk<\/a>.\u00a0Der kan du ogs\u00e5 k\u00f8be vores produkter.[\/vc_column_text][vc_separator type=&#8221;transparent&#8221; border_style=&#8221;&#8221; up=&#8221;40&#8243; down=&#8221;0&#8243;][\/vc_column_inner][\/vc_row_inner][vc_row_inner row_type=&#8221;row&#8221; type=&#8221;grid&#8221; use_row_as_full_screen_section_slide=&#8221;no&#8221; text_align=&#8221;left&#8221; css_animation=&#8221;&#8221;][vc_column_inner width=&#8221;1\/2&#8243;][vc_single_image image=&#8221;38&#8243; img_size=&#8221;full&#8221; qode_css_animation=&#8221;&#8221;][vc_separator type=&#8221;transparent&#8221; border_style=&#8221;&#8221; up=&#8221;40&#8243; down=&#8221;0&#8243;][\/vc_column_inner][vc_column_inner width=&#8221;1\/2&#8243;][vc_column_text]<\/p>\n<h2>Stilfuld, stabil og let som en leg<\/h2>\n<p>[\/vc_column_text][vc_separator type=&#8221;transparent&#8221; border_style=&#8221;&#8221; up=&#8221;30&#8243; down=&#8221;0&#8243;][vc_column_text]Oprindeligt var der kun ankerstanderen: En let og elegant parasolstander til tr\u00e6terrasser.<\/p>\n<p>&nbsp;<\/p>\n<p>Den pr\u00e6mierede parasolstander er <a title=\"videorer\" href=\"https:\/\/sonnenanker.com\/dk\/videorer\/\">let som en leg<\/a> at flytte og kobler sig til tr\u00e6bj\u00e6lkerne p\u00e5 din terrasse eller p\u00e5 din balkon med sit unikke anker i rustfrit st\u00e5l.<\/p>\n<p>&nbsp;<\/p>\n<p>Familien er i mellemtiden vokset: Oph\u00e6ng til h\u00e6ngek\u00f8jer, borde, sm\u00e5 podier og parasolstandere: Alle fungerer efter det samme princip. Derfor m\u00e6rker vi alle med solankeret.<\/p>\n<p>&nbsp;<\/p>\n<p>sonnenanker = z \u0254 n \u0259 n a \u014b k \u0250 = solanker<\/p>\n<audio class=\"wp-audio-shortcode\" id=\"audio-5-1\" preload=\"none\" style=\"width: 100%;\" controls=\"controls\"><source type=\"audio\/mpeg\" src=\"https:\/\/sonnenanker.de\/en\/wp-content\/uploads\/sites\/4\/2018\/01\/sonnenanker.mp3?_=1\" \/><a href=\"https:\/\/sonnenanker.de\/en\/wp-content\/uploads\/sites\/4\/2018\/01\/sonnenanker.mp3\">https:\/\/sonnenanker.de\/en\/wp-content\/uploads\/sites\/4\/2018\/01\/sonnenanker.mp3<\/a><\/audio>\n<p>[\/vc_column_text][\/vc_column_inner][\/vc_row_inner][\/vc_column][\/vc_row][vc_row row_type=&#8221;row&#8221; use_row_as_full_screen_section=&#8221;no&#8221; type=&#8221;full_width&#8221; text_align=&#8221;left&#8221; padding_top=&#8221;100&#8243; padding_bottom=&#8221;50&#8243; background_animation=&#8221;none&#8221;][vc_column][vc_row_inner row_type=&#8221;row&#8221; type=&#8221;grid&#8221; use_row_as_full_screen_section_slide=&#8221;no&#8221; text_align=&#8221;right&#8221; css_animation=&#8221;&#8221;][vc_column_inner width=&#8221;1\/2&#8243;][vc_column_text]<\/p>\n<h2 style=\"text-align: right;\">F\u00f8lg blot solen<\/h2>\n<p>[\/vc_column_text][vc_separator type=&#8221;transparent&#8221; border_style=&#8221;&#8221; up=&#8221;30&#8243; down=&#8221;0&#8243;][vc_column_text]<\/p>\n<p style=\"text-align: right;\">St\u00e5r solen i en ugunstig vinkel? Med et snuptag flytter du parasolstanderen derhen, hvor du skal bruge den og forankrer den i dens nye position med en <a title=\"videorer\" href=\"https:\/\/sonnenanker.com\/dk\/videorer\/\">drejning<\/a>.<\/p>\n<p>&nbsp;<\/p>\n<p style=\"text-align: right;\">Du beh\u00f8ver aldrig mere at rulle eller l\u00f8fte en tung parasolstander. Og du har mindre at snuble over og som st\u00e5r i vejen.<\/p>\n<p>&nbsp;<\/p>\n<p style=\"text-align: right;\">Og lige pr\u00e6cis s\u00e5dan er det med de andre medlemmer af Sonnenanker-familien: Oph\u00e6ngene til h\u00e6ngek\u00f8jer monteres og afmonteres s\u00e5 let som en leg, og bordene flyttes i et snuptag.<\/p>\n<p>[\/vc_column_text][vc_separator type=&#8221;transparent&#8221; border_style=&#8221;&#8221; up=&#8221;30&#8243; down=&#8221;0&#8243;][\/vc_column_inner][vc_column_inner width=&#8221;1\/2&#8243;][vc_single_image image=&#8221;37&#8243; img_size=&#8221;full&#8221; alignment=&#8221;right&#8221; qode_css_animation=&#8221;&#8221;][vc_separator type=&#8221;transparent&#8221; border_style=&#8221;&#8221; up=&#8221;40&#8243; down=&#8221;0&#8243;][\/vc_column_inner][\/vc_row_inner][\/vc_column][\/vc_row][vc_row row_type=&#8221;row&#8221; use_row_as_full_screen_section=&#8221;no&#8221; type=&#8221;full_width&#8221; text_align=&#8221;left&#8221; background_color=&#8221;#f5f5f5&#8243; padding_top=&#8221;100&#8243; padding_bottom=&#8221;50&#8243; background_animation=&#8221;none&#8221;][vc_column][vc_row_inner row_type=&#8221;row&#8221; type=&#8221;grid&#8221; use_row_as_full_screen_section_slide=&#8221;no&#8221; text_align=&#8221;left&#8221; css_animation=&#8221;&#8221;][vc_column_inner width=&#8221;1\/2&#8243;][vc_single_image image=&#8221;40&#8243; img_size=&#8221;full&#8221; qode_css_animation=&#8221;&#8221;][vc_separator type=&#8221;transparent&#8221; border_style=&#8221;&#8221; up=&#8221;50&#8243; down=&#8221;0&#8243;][\/vc_column_inner][vc_column_inner width=&#8221;1\/2&#8243;][vc_column_text]<\/p>\n<h2>Lille komponent, stor virkning<\/h2>\n<p>[\/vc_column_text][vc_separator type=&#8221;transparent&#8221; border_style=&#8221;&#8221; up=&#8221;30&#8243; down=&#8221;0&#8243;][vc_column_text]Grundideen er lige s\u00e5 enkel som den er effektfuld: Bj\u00e6lkerne og underkonstruktionen p\u00e5 tr\u00e6terrasser er mange steder skruet sammen. Dit tr\u00e6d\u00e6k er s\u00e5 at sige en meget stor og meget tung fod til din parasol. Det eneste du skal g\u00f8re er at fastg\u00f8re parasollen til dit tr\u00e6d\u00e6k<\/p>\n<p>&nbsp;<\/p>\n<p>Det s\u00f8rger et lille anker i rustfrit st\u00e5l p\u00e5 undersiden af parasolstanderen for. Det s\u00e6tter du i en vilk\u00e5rlig fuge mellem tr\u00e6bj\u00e6lkerne og kobler det til dit tr\u00e6d\u00e6k med en let drejning. S\u00e5ledes fastgjort holder parasolstanderen solsk\u00e6rme med en diameter p\u00e5 op til 4 m sikkert fast ved en vindstyrke p\u00e5 op til 5. Uden brug af v\u00e6rkt\u00f8j kan det ganske enkelt og til enhver tid <a title=\"videorer\" href=\"https:\/\/sonnenanker.com\/dk\/videorer\/\">flyttes<\/a>.<\/p>\n<p>&nbsp;<\/p>\n<p>Den unikke konstruktion er beskyttet som brugsmodel og nyder europ\u00e6isk m\u00f8nsterbeskyttelse.[\/vc_column_text][\/vc_column_inner][\/vc_row_inner][\/vc_column][\/vc_row][vc_row row_type=&#8221;row&#8221; use_row_as_full_screen_section=&#8221;no&#8221; type=&#8221;full_width&#8221; text_align=&#8221;left&#8221; padding_top=&#8221;100&#8243; padding_bottom=&#8221;50&#8243; background_animation=&#8221;none&#8221;][vc_column][vc_row_inner row_type=&#8221;row&#8221; type=&#8221;grid&#8221; use_row_as_full_screen_section_slide=&#8221;no&#8221; text_align=&#8221;left&#8221; css_animation=&#8221;&#8221;][vc_column_inner width=&#8221;1\/2&#8243;][vc_column_text]<\/p>\n<h2 style=\"text-align: right;\">Det er bedre at pr\u00f8ve end bare at studere!<\/h2>\n<p>[\/vc_column_text][vc_separator type=&#8221;transparent&#8221; border_style=&#8221;&#8221; up=&#8221;40&#8243; down=&#8221;0&#8243;][vc_column_text]<\/p>\n<p style=\"text-align: right;\">Hvorvidt vores ting dur til noget og hvorvidt du kan lide dem, kan du hurtigt finde ud af. Pr\u00f8v dem ganske enkelt i to uger! P\u00e5 din egen terrasse eller p\u00e5 din egen balkon.<\/p>\n<p>&nbsp;<\/p>\n<p style=\"text-align: right;\">Hvis du ikke vil beholde tingene, skal du blot returnere dem. Vi refunderer omg\u00e5ende k\u00f8bsprisen og forsendelsesomkostningerne.<\/p>\n<p>&nbsp;<\/p>\n<p style=\"text-align: right;\">Returneringen sker uden problemer. Kartonen, som parasolstanderen ligger i, n\u00e5r den kommer til dig, er robust, kompakt og \u2013 derudover \u2013 ogs\u00e5 ganske p\u00e6n. Vi har givet afkald p\u00e5 emballageaffald. Derfor kan du sagtens pakke parasolstanderen sammen igen, s\u00e5 den er transportsikker.<\/p>\n<p>[\/vc_column_text][\/vc_column_inner][vc_column_inner width=&#8221;1\/2&#8243;][vc_single_image image=&#8221;36&#8243; img_size=&#8221;full&#8221; qode_css_animation=&#8221;&#8221;][vc_separator type=&#8221;transparent&#8221; border_style=&#8221;&#8221; up=&#8221;30&#8243; down=&#8221;0&#8243;][\/vc_column_inner][\/vc_row_inner][\/vc_column][\/vc_row][vc_row row_type=&#8221;row&#8221; use_row_as_full_screen_section=&#8221;no&#8221; type=&#8221;full_width&#8221; text_align=&#8221;left&#8221; background_color=&#8221;#f5f5f5&#8243; padding_top=&#8221;100&#8243; padding_bottom=&#8221;50&#8243; background_animation=&#8221;none&#8221;][vc_column][vc_row_inner row_type=&#8221;row&#8221; type=&#8221;grid&#8221; use_row_as_full_screen_section_slide=&#8221;no&#8221; text_align=&#8221;left&#8221; css_animation=&#8221;&#8221;][vc_column_inner width=&#8221;1\/2&#8243;][vc_single_image image=&#8221;35&#8243; img_size=&#8221;full&#8221; qode_css_animation=&#8221;&#8221;][vc_separator type=&#8221;transparent&#8221; border_style=&#8221;&#8221; up=&#8221;30&#8243; down=&#8221;0&#8243;][\/vc_column_inner][vc_column_inner width=&#8221;1\/2&#8243;][vc_column_text]<\/p>\n<h2>H\u00e6dret inden for design og funktion<\/h2>\n<p>[\/vc_column_text][vc_separator type=&#8221;transparent&#8221; border_style=&#8221;&#8221; up=&#8221;40&#8243; down=&#8221;0&#8243;][vc_column_text]Samtlige ting fra sonnenanker fremstilles af rustfrit st\u00e5l i Tyskland og f\u00e5s i forskellige udf\u00f8relser.<\/p>\n<p>&nbsp;<\/p>\n<p>For sit gennemt\u00e6nkte koncept og den overbevisende udformning blev parasolstanderen i 2011 bel\u00f8nnet med <a title=\"\" href=\"https:\/\/en.red-dot.org\" target=\"_blank\" rel=\"noopener\">red dot design award<\/a> og nomineret til <a title=\"\" href=\"https:\/\/en.red-dot.org\" target=\"_blank\" rel=\"noopener\">German Design Award<\/a> i 2012.<\/p>\n<p>&nbsp;<\/p>\n<p>I 2013 blev parasolstanderen og st\u00e5bordet tildelt Designpreis der Bundesrepublik Deutschland\u00a0i s\u00f8lv,\u00a0den st\u00f8rste udm\u00e6rkelse i Forbundsrepublikken for en fremragende udformning.[\/vc_column_text][vc_separator type=&#8221;transparent&#8221; border_style=&#8221;&#8221; up=&#8221;30&#8243; down=&#8221;0&#8243;][\/vc_column_inner][\/vc_row_inner][\/vc_column][\/vc_row][vc_row row_type=&#8221;row&#8221; use_row_as_full_screen_section=&#8221;no&#8221; type=&#8221;full_width&#8221; text_align=&#8221;left&#8221; padding_top=&#8221;100&#8243; padding_bottom=&#8221;50&#8243; background_animation=&#8221;none&#8221;][vc_column][vc_row_inner row_type=&#8221;row&#8221; type=&#8221;grid&#8221; use_row_as_full_screen_section_slide=&#8221;no&#8221; text_align=&#8221;right&#8221; css_animation=&#8221;&#8221;][vc_column_inner width=&#8221;1\/2&#8243;][vc_column_text]<\/p>\n<h2 style=\"text-align: right;\">Ankeret kan klare en hel del. Med garanti<strong>.<\/strong><\/h2>\n<p>[\/vc_column_text][vc_separator type=&#8221;transparent&#8221; border_style=&#8221;&#8221; up=&#8221;40&#8243; down=&#8221;0&#8243;][vc_column_text]<\/p>\n<p style=\"text-align: right;\">Kan s\u00e5dan et lille anker virkelig holde? Helt klart. Takket v\u00e6re dets konstruktionsmetode belastes ankeret kun ved tr\u00e6k og modst\u00e5r tr\u00e6kkr\u00e6fter p\u00e5 mindst 500 kg (5 kN). Det er mere end den tungeste parasolstander vejer.<\/p>\n<p>&nbsp;<\/p>\n<p style=\"text-align: right;\">Parasolstanderne fra sonnenanker klarer derfor st\u00e6rke vindst\u00f8d uden problemer \u2013 i mods\u00e6tning til de fleste parasoller. Hvorfor vi \u2013 som de fleste parasolproducenter \u2013 anbefaler at lukke parasollerne ved en vindstyrke p\u00e5 over 5 Beaufort.<\/p>\n<p>&nbsp;<\/p>\n<p style=\"text-align: right;\">Alle produkter best\u00e5r kun af de mest n\u00f8dvendige komponenter. Disse fremstilles uden undtagelse og med stor omhu i Tyskland. Den centrale komponent, ankeret, testes enkeltvis for sin b\u00e6reevne<\/p>\n<p>&nbsp;<\/p>\n<p style=\"text-align: right;\">Vi giver dig 10 \u00e5rs garanti p\u00e5 en funktion i overensstemmelse med bestemmelserne.<\/p>\n<p>[\/vc_column_text][vc_separator type=&#8221;transparent&#8221; border_style=&#8221;&#8221; up=&#8221;30&#8243; down=&#8221;0&#8243;][\/vc_column_inner][vc_column_inner width=&#8221;1\/2&#8243;][vc_single_image image=&#8221;41&#8243; img_size=&#8221;full&#8221; qode_css_animation=&#8221;&#8221;][vc_separator type=&#8221;transparent&#8221; border_style=&#8221;&#8221; up=&#8221;30&#8243; down=&#8221;0&#8243;][\/vc_column_inner][\/vc_row_inner][\/vc_column][\/vc_row][vc_row row_type=&#8221;row&#8221; use_row_as_full_screen_section=&#8221;no&#8221; type=&#8221;full_width&#8221; text_align=&#8221;left&#8221; background_color=&#8221;#f5f5f5&#8243; padding_top=&#8221;100&#8243; padding_bottom=&#8221;50&#8243; background_animation=&#8221;none&#8221;][vc_column][vc_row_inner row_type=&#8221;row&#8221; type=&#8221;grid&#8221; use_row_as_full_screen_section_slide=&#8221;no&#8221; text_align=&#8221;left&#8221; css_animation=&#8221;&#8221;][vc_column_inner width=&#8221;1\/2&#8243;][vc_single_image image=&#8221;39&#8243; img_size=&#8221;full&#8221; qode_css_animation=&#8221;&#8221;][vc_separator type=&#8221;transparent&#8221; border_style=&#8221;&#8221; up=&#8221;30&#8243; down=&#8221;0&#8243;][\/vc_column_inner][vc_column_inner width=&#8221;1\/2&#8243;][vc_column_text]<\/p>\n<h2>En tilpasning er altid mulig<\/h2>\n<p>[\/vc_column_text][vc_separator type=&#8221;transparent&#8221; border_style=&#8221;&#8221; up=&#8221;40&#8243; down=&#8221;0&#8243;][vc_column_text]Gode tr\u00e6d\u00e6k holder l\u00e6nge, men ikke evigt. Hvis dit nye tr\u00e6d\u00e6k har v\u00e6sentligt tykkere eller tyndere bj\u00e6lker, skal du bruge et andet anker. Det f\u00e5r du hos os til udskiftning uden beregning.<\/p>\n<p>&nbsp;<\/p>\n<p>Eller du f\u00e5r en anden parasol og den nye mast er tykkere eller tyndere. S\u00e5 udskifter vi din masteholder med en st\u00f8rre eller en mindre \u2013 og det endda efter flere \u00e5r.<\/p>\n<p>&nbsp;<\/p>\n<p style=\"text-align: left;\">Vi kan godt lide at l\u00f8se problemer! Ring eller skriv til os.\u00a0Ofte findes der en l\u00f8sning blot ved en tilpasning af vores enkelte komponenter.\u00a0 Desuden har vi enkelte udviklede produkter, som vi endnu ikke tilbyder offentligt.<\/p>\n<p>[\/vc_column_text][vc_separator type=&#8221;transparent&#8221; border_style=&#8221;&#8221; up=&#8221;30&#8243; down=&#8221;0&#8243;][\/vc_column_inner][\/vc_row_inner][vc_column_text]<img loading=\"lazy\" decoding=\"async\" class=\"aligncenter wp-image-22071\" src=\"https:\/\/sonnenanker.de\/wp-content\/uploads\/2015\/08\/sonnenanker.png\" alt=\"sonnenanker\" width=\"70\" height=\"119\" \/>[\/vc_column_text][\/vc_column][\/vc_row]<\/p>\n<\/div>","protected":false},"excerpt":{"rendered":"<p>[vc_row row_type=&#8221;row&#8221; use_row_as_full_screen_section=&#8221;no&#8221; type=&#8221;full_width&#8221; text_align=&#8221;left&#8221; background_color=&#8221;#f5f5f5&#8243; padding_top=&#8221;70&#8243; padding_bottom=&#8221;50&#8243; background_animation=&#8221;none&#8221;][vc_column][vc_row_inner row_type=&#8221;row&#8221; type=&#8221;grid&#8221; use_row_as_full_screen_section_slide=&#8221;no&#8221; text_align=&#8221;left&#8221; css_animation=&#8221;&#8221;][vc_column_inner][vc_column_text]Indtil videre findes der kun denne korte introduktion p\u00e5 dit sprog.\u00a0Find flere informationer p\u00e5 sonnenanker.de p\u00e5 tysk eller engelsk.\u00a0Der kan du ogs\u00e5 k\u00f8be vores produkter.[\/vc_column_text][vc_separator type=&#8221;transparent&#8221; border_style=&#8221;&#8221; up=&#8221;40&#8243; down=&#8221;0&#8243;][\/vc_column_inner][\/vc_row_inner][vc_row_inner row_type=&#8221;row&#8221; type=&#8221;grid&#8221; use_row_as_full_screen_section_slide=&#8221;no&#8221;&#8230;<\/p>\n","protected":false},"author":1,"featured_media":0,"parent":0,"menu_order":0,"comment_status":"closed","ping_status":"closed","template":"full_width.php","meta":{"inline_featured_image":false,"footnotes":""},"class_list":["post-5","page","type-page","status-publish","hentry"],"yoast_head":"<!-- This site is optimized with the Yoast SEO Premium plugin v24.9 (Yoast SEO v27.3) - https:\/\/yoast.com\/product\/yoast-seo-premium-wordpress\/ -->\n<title>ideen - sonnenanker | DK<\/title>\n<meta name=\"robots\" content=\"index, follow, max-snippet:-1, max-image-preview:large, max-video-preview:-1\" \/>\n<link rel=\"canonical\" href=\"https:\/\/sonnenanker.com\/dk\/ideen\/\" \/>\n<meta property=\"og:locale\" content=\"da_DK\" \/>\n<meta property=\"og:type\" content=\"article\" \/>\n<meta property=\"og:title\" content=\"ideen\" \/>\n<meta property=\"og:description\" content=\"[vc_row row_type=&#8221;row&#8221; use_row_as_full_screen_section=&#8221;no&#8221; type=&#8221;full_width&#8221; text_align=&#8221;left&#8221; background_color=&#8221;#f5f5f5&#8243; padding_top=&#8221;70&#8243; padding_bottom=&#8221;50&#8243; background_animation=&#8221;none&#8221;][vc_column][vc_row_inner row_type=&#8221;row&#8221; type=&#8221;grid&#8221; use_row_as_full_screen_section_slide=&#8221;no&#8221; text_align=&#8221;left&#8221; css_animation=&#8221;&#8221;][vc_column_inner][vc_column_text]Indtil videre findes der kun denne korte introduktion p\u00e5 dit sprog.\u00a0Find flere informationer p\u00e5 sonnenanker.de p\u00e5 tysk eller engelsk.\u00a0Der kan du ogs\u00e5 k\u00f8be vores produkter.[\/vc_column_text][vc_separator type=&#8221;transparent&#8221; border_style=&#8221;&#8221; up=&#8221;40&#8243; down=&#8221;0&#8243;][\/vc_column_inner][\/vc_row_inner][vc_row_inner row_type=&#8221;row&#8221; type=&#8221;grid&#8221; use_row_as_full_screen_section_slide=&#8221;no&#8221;...\" \/>\n<meta property=\"og:url\" content=\"https:\/\/sonnenanker.com\/dk\/ideen\/\" \/>\n<meta property=\"og:site_name\" content=\"sonnenanker | DK\" \/>\n<meta property=\"article:modified_time\" content=\"2021-11-24T13:55:24+00:00\" \/>\n<meta property=\"og:image\" content=\"https:\/\/sonnenanker.de\/wp-content\/uploads\/2015\/08\/sonnenanker.png\" \/>\n<meta name=\"twitter:card\" content=\"summary_large_image\" \/>\n<meta name=\"twitter:label1\" content=\"Estimeret l\u00e6setid\" \/>\n\t<meta name=\"twitter:data1\" content=\"5 minutter\" \/>\n<script type=\"application\/ld+json\" class=\"yoast-schema-graph\">{\"@context\":\"https:\\\/\\\/schema.org\",\"@graph\":[{\"@type\":\"WebPage\",\"@id\":\"https:\\\/\\\/sonnenanker.com\\\/dk\\\/ideen\\\/\",\"url\":\"https:\\\/\\\/sonnenanker.com\\\/dk\\\/ideen\\\/\",\"name\":\"ideen - sonnenanker | DK\",\"isPartOf\":{\"@id\":\"https:\\\/\\\/sonnenanker.com\\\/dk\\\/#website\"},\"primaryImageOfPage\":{\"@id\":\"https:\\\/\\\/sonnenanker.com\\\/dk\\\/ideen\\\/#primaryimage\"},\"image\":{\"@id\":\"https:\\\/\\\/sonnenanker.com\\\/dk\\\/ideen\\\/#primaryimage\"},\"thumbnailUrl\":\"https:\\\/\\\/sonnenanker.de\\\/wp-content\\\/uploads\\\/2015\\\/08\\\/sonnenanker.png\",\"datePublished\":\"2018-01-31T20:37:03+00:00\",\"dateModified\":\"2021-11-24T13:55:24+00:00\",\"breadcrumb\":{\"@id\":\"https:\\\/\\\/sonnenanker.com\\\/dk\\\/ideen\\\/#breadcrumb\"},\"inLanguage\":\"da-DK\",\"potentialAction\":[{\"@type\":\"ReadAction\",\"target\":[\"https:\\\/\\\/sonnenanker.com\\\/dk\\\/ideen\\\/\"]}]},{\"@type\":\"ImageObject\",\"inLanguage\":\"da-DK\",\"@id\":\"https:\\\/\\\/sonnenanker.com\\\/dk\\\/ideen\\\/#primaryimage\",\"url\":\"https:\\\/\\\/sonnenanker.de\\\/wp-content\\\/uploads\\\/2015\\\/08\\\/sonnenanker.png\",\"contentUrl\":\"https:\\\/\\\/sonnenanker.de\\\/wp-content\\\/uploads\\\/2015\\\/08\\\/sonnenanker.png\"},{\"@type\":\"BreadcrumbList\",\"@id\":\"https:\\\/\\\/sonnenanker.com\\\/dk\\\/ideen\\\/#breadcrumb\",\"itemListElement\":[{\"@type\":\"ListItem\",\"position\":1,\"name\":\"Startseite\",\"item\":\"https:\\\/\\\/sonnenanker.com\\\/dk\\\/\"},{\"@type\":\"ListItem\",\"position\":2,\"name\":\"ideen\"}]},{\"@type\":\"WebSite\",\"@id\":\"https:\\\/\\\/sonnenanker.com\\\/dk\\\/#website\",\"url\":\"https:\\\/\\\/sonnenanker.com\\\/dk\\\/\",\"name\":\"sonnenanker | DK\",\"description\":\"Smukt og godt til tr\u00e6terrasser\",\"publisher\":{\"@id\":\"https:\\\/\\\/sonnenanker.com\\\/dk\\\/#organization\"},\"potentialAction\":[{\"@type\":\"SearchAction\",\"target\":{\"@type\":\"EntryPoint\",\"urlTemplate\":\"https:\\\/\\\/sonnenanker.com\\\/dk\\\/?s={search_term_string}\"},\"query-input\":{\"@type\":\"PropertyValueSpecification\",\"valueRequired\":true,\"valueName\":\"search_term_string\"}}],\"inLanguage\":\"da-DK\"},{\"@type\":\"Organization\",\"@id\":\"https:\\\/\\\/sonnenanker.com\\\/dk\\\/#organization\",\"name\":\"sonnenanker\",\"url\":\"https:\\\/\\\/sonnenanker.com\\\/dk\\\/\",\"logo\":{\"@type\":\"ImageObject\",\"inLanguage\":\"da-DK\",\"@id\":\"https:\\\/\\\/sonnenanker.com\\\/dk\\\/#\\\/schema\\\/logo\\\/image\\\/\",\"url\":\"https:\\\/\\\/sonnenanker.com\\\/dk\\\/wp-content\\\/uploads\\\/sites\\\/9\\\/2020\\\/05\\\/sonnenanker-picture-logo.png\",\"contentUrl\":\"https:\\\/\\\/sonnenanker.com\\\/dk\\\/wp-content\\\/uploads\\\/sites\\\/9\\\/2020\\\/05\\\/sonnenanker-picture-logo.png\",\"width\":200,\"height\":392,\"caption\":\"sonnenanker\"},\"image\":{\"@id\":\"https:\\\/\\\/sonnenanker.com\\\/dk\\\/#\\\/schema\\\/logo\\\/image\\\/\"}}]}<\/script>\n<!-- \/ Yoast SEO Premium plugin. -->","yoast_head_json":{"title":"ideen - sonnenanker | DK","robots":{"index":"index","follow":"follow","max-snippet":"max-snippet:-1","max-image-preview":"max-image-preview:large","max-video-preview":"max-video-preview:-1"},"canonical":"https:\/\/sonnenanker.com\/dk\/ideen\/","og_locale":"da_DK","og_type":"article","og_title":"ideen","og_description":"[vc_row row_type=&#8221;row&#8221; use_row_as_full_screen_section=&#8221;no&#8221; type=&#8221;full_width&#8221; text_align=&#8221;left&#8221; background_color=&#8221;#f5f5f5&#8243; padding_top=&#8221;70&#8243; padding_bottom=&#8221;50&#8243; background_animation=&#8221;none&#8221;][vc_column][vc_row_inner row_type=&#8221;row&#8221; type=&#8221;grid&#8221; use_row_as_full_screen_section_slide=&#8221;no&#8221; text_align=&#8221;left&#8221; css_animation=&#8221;&#8221;][vc_column_inner][vc_column_text]Indtil videre findes der kun denne korte introduktion p\u00e5 dit sprog.\u00a0Find flere informationer p\u00e5 sonnenanker.de p\u00e5 tysk eller engelsk.\u00a0Der kan du ogs\u00e5 k\u00f8be vores produkter.[\/vc_column_text][vc_separator type=&#8221;transparent&#8221; border_style=&#8221;&#8221; up=&#8221;40&#8243; down=&#8221;0&#8243;][\/vc_column_inner][\/vc_row_inner][vc_row_inner row_type=&#8221;row&#8221; type=&#8221;grid&#8221; use_row_as_full_screen_section_slide=&#8221;no&#8221;...","og_url":"https:\/\/sonnenanker.com\/dk\/ideen\/","og_site_name":"sonnenanker | DK","article_modified_time":"2021-11-24T13:55:24+00:00","og_image":[{"url":"https:\/\/sonnenanker.de\/wp-content\/uploads\/2015\/08\/sonnenanker.png","type":"","width":"","height":""}],"twitter_card":"summary_large_image","twitter_misc":{"Estimeret l\u00e6setid":"5 minutter"},"schema":{"@context":"https:\/\/schema.org","@graph":[{"@type":"WebPage","@id":"https:\/\/sonnenanker.com\/dk\/ideen\/","url":"https:\/\/sonnenanker.com\/dk\/ideen\/","name":"ideen - sonnenanker | DK","isPartOf":{"@id":"https:\/\/sonnenanker.com\/dk\/#website"},"primaryImageOfPage":{"@id":"https:\/\/sonnenanker.com\/dk\/ideen\/#primaryimage"},"image":{"@id":"https:\/\/sonnenanker.com\/dk\/ideen\/#primaryimage"},"thumbnailUrl":"https:\/\/sonnenanker.de\/wp-content\/uploads\/2015\/08\/sonnenanker.png","datePublished":"2018-01-31T20:37:03+00:00","dateModified":"2021-11-24T13:55:24+00:00","breadcrumb":{"@id":"https:\/\/sonnenanker.com\/dk\/ideen\/#breadcrumb"},"inLanguage":"da-DK","potentialAction":[{"@type":"ReadAction","target":["https:\/\/sonnenanker.com\/dk\/ideen\/"]}]},{"@type":"ImageObject","inLanguage":"da-DK","@id":"https:\/\/sonnenanker.com\/dk\/ideen\/#primaryimage","url":"https:\/\/sonnenanker.de\/wp-content\/uploads\/2015\/08\/sonnenanker.png","contentUrl":"https:\/\/sonnenanker.de\/wp-content\/uploads\/2015\/08\/sonnenanker.png"},{"@type":"BreadcrumbList","@id":"https:\/\/sonnenanker.com\/dk\/ideen\/#breadcrumb","itemListElement":[{"@type":"ListItem","position":1,"name":"Startseite","item":"https:\/\/sonnenanker.com\/dk\/"},{"@type":"ListItem","position":2,"name":"ideen"}]},{"@type":"WebSite","@id":"https:\/\/sonnenanker.com\/dk\/#website","url":"https:\/\/sonnenanker.com\/dk\/","name":"sonnenanker | DK","description":"Smukt og godt til tr\u00e6terrasser","publisher":{"@id":"https:\/\/sonnenanker.com\/dk\/#organization"},"potentialAction":[{"@type":"SearchAction","target":{"@type":"EntryPoint","urlTemplate":"https:\/\/sonnenanker.com\/dk\/?s={search_term_string}"},"query-input":{"@type":"PropertyValueSpecification","valueRequired":true,"valueName":"search_term_string"}}],"inLanguage":"da-DK"},{"@type":"Organization","@id":"https:\/\/sonnenanker.com\/dk\/#organization","name":"sonnenanker","url":"https:\/\/sonnenanker.com\/dk\/","logo":{"@type":"ImageObject","inLanguage":"da-DK","@id":"https:\/\/sonnenanker.com\/dk\/#\/schema\/logo\/image\/","url":"https:\/\/sonnenanker.com\/dk\/wp-content\/uploads\/sites\/9\/2020\/05\/sonnenanker-picture-logo.png","contentUrl":"https:\/\/sonnenanker.com\/dk\/wp-content\/uploads\/sites\/9\/2020\/05\/sonnenanker-picture-logo.png","width":200,"height":392,"caption":"sonnenanker"},"image":{"@id":"https:\/\/sonnenanker.com\/dk\/#\/schema\/logo\/image\/"}}]}},"_links":{"self":[{"href":"https:\/\/sonnenanker.com\/dk\/wp-json\/wp\/v2\/pages\/5","targetHints":{"allow":["GET"]}}],"collection":[{"href":"https:\/\/sonnenanker.com\/dk\/wp-json\/wp\/v2\/pages"}],"about":[{"href":"https:\/\/sonnenanker.com\/dk\/wp-json\/wp\/v2\/types\/page"}],"author":[{"embeddable":true,"href":"https:\/\/sonnenanker.com\/dk\/wp-json\/wp\/v2\/users\/1"}],"replies":[{"embeddable":true,"href":"https:\/\/sonnenanker.com\/dk\/wp-json\/wp\/v2\/comments?post=5"}],"version-history":[{"count":11,"href":"https:\/\/sonnenanker.com\/dk\/wp-json\/wp\/v2\/pages\/5\/revisions"}],"predecessor-version":[{"id":870,"href":"https:\/\/sonnenanker.com\/dk\/wp-json\/wp\/v2\/pages\/5\/revisions\/870"}],"wp:attachment":[{"href":"https:\/\/sonnenanker.com\/dk\/wp-json\/wp\/v2\/media?parent=5"}],"curies":[{"name":"wp","href":"https:\/\/api.w.org\/{rel}","templated":true}]}}