{"id":2,"date":"2018-01-31T20:58:58","date_gmt":"2018-01-31T19:58:58","guid":{"rendered":"https:\/\/sonnenanker.de\/dk\/?page_id=2"},"modified":"2021-04-03T23:23:19","modified_gmt":"2021-04-03T21:23:19","slug":"beispiel-seite","status":"publish","type":"page","link":"https:\/\/sonnenanker.com\/dk\/","title":{"rendered":"start"},"content":{"rendered":"<div class=\"wpb-content-wrapper\"><p>[vc_row row_type=&#8221;row&#8221; use_row_as_full_screen_section=&#8221;no&#8221; type=&#8221;full_width&#8221; text_align=&#8221;left&#8221; background_animation=&#8221;none&#8221; css_animation=&#8221;&#8221;][vc_column]<div class='qode_image_gallery_no_space dark'><div class='qode_image_gallery_holder' style='height: 600px;'><ul><li><div style=\"height: 600px; width:2092px;\"><img decoding=\"async\" src=\"https:\/\/sonnenanker.com\/dk\/wp-content\/uploads\/sites\/9\/2018\/02\/start-sonnenanker-solanker-parasol-parasolstandere-rustfrit-st\u00e5l-terrassebj\u00e6lker-tr\u00e6terrasser-detalle.jpg\" alt=\"\" \/><\/div><\/li><li><div style=\"height: 600px; width:900px;\"><img decoding=\"async\" src=\"https:\/\/sonnenanker.com\/dk\/wp-content\/uploads\/sites\/9\/2018\/02\/start-sonnenanker-solanker-parasol-parasolstandere-rustfrit-st\u00e5l-terrassebj\u00e6lker-tr\u00e6terrasser-anl\u00f8bsbro.jpg\" alt=\"\" \/><\/div><\/li><li><div style=\"height: 600px; width:900px;\"><img decoding=\"async\" src=\"https:\/\/sonnenanker.com\/dk\/wp-content\/uploads\/sites\/9\/2018\/02\/start-sonnenanker-solanker-parasol-parasolstandere-rustfrit-st\u00e5l-terrassebj\u00e6lker-tr\u00e6terrasser-Mediterana-B.jpg\" alt=\"\" \/><\/div><\/li><li><div style=\"height: 600px; width:1100px;\"><img decoding=\"async\" src=\"https:\/\/sonnenanker.com\/dk\/wp-content\/uploads\/sites\/9\/2018\/02\/start-sonnenanker-solanker-parasol-parasolstandere-rustfrit-st\u00e5l-terrassebj\u00e6lker-tr\u00e6terrasser.jpg\" alt=\"\" \/><\/div><\/li><li><div style=\"height: 600px; width:1100px;\"><img decoding=\"async\" src=\"https:\/\/sonnenanker.com\/dk\/wp-content\/uploads\/sites\/9\/2018\/02\/start-sonnenanker-solanker-parasol-parasolstandere-rustfrit-st\u00e5l-terrassebj\u00e6lker-tr\u00e6terrasser-oph\u00e6ng-til-h\u00e6ngek\u00f8jer-anl\u00f8bsbro.jpg\" alt=\"\" \/><\/div><\/li><li><div style=\"height: 600px; width:1295px;\"><img decoding=\"async\" src=\"https:\/\/sonnenanker.com\/dk\/wp-content\/uploads\/sites\/9\/2018\/02\/start-sonnenanker-solanker-parasol-parasolstandere-rustfrit-st\u00e5l-terrassebj\u00e6lker-tr\u00e6terrasser-red-dot-award-pris.jpg\" alt=\"\" \/><\/div><\/li><li><div style=\"height: 600px; width:1100px;\"><img decoding=\"async\" src=\"https:\/\/sonnenanker.com\/dk\/wp-content\/uploads\/sites\/9\/2018\/02\/start-sonnenanker-solanker-parasol-parasolstandere-rustfrit-st\u00e5l-terrassebj\u00e6lker-tr\u00e6terrasser-oph\u00e6ng-til-h\u00e6ngek\u00f8jer-anl\u00f8bsbro2.jpg\" alt=\"\" \/><\/div><\/li><li><div style=\"height: 600px; width:900px;\"><img decoding=\"async\" src=\"https:\/\/sonnenanker.com\/dk\/wp-content\/uploads\/sites\/9\/2018\/02\/start-sonnenanker-solanker-parasol-parasolstandere-rustfrit-st\u00e5l-terrassebj\u00e6lker-tr\u00e6terrasser-mesas.jpg\" alt=\"\" \/><\/div><\/li><li><div style=\"height: 600px; width:900px;\"><img decoding=\"async\" src=\"https:\/\/sonnenanker.com\/dk\/wp-content\/uploads\/sites\/9\/2018\/02\/start-sonnenanker-solanker-parasol-parasolstandere-rustfrit-st\u00e5l-terrassebj\u00e6lker-tr\u00e6terrasser-kunde.jpg\" alt=\"\" \/><\/div><\/li><li><div style=\"height: 600px; width:900px;\"><img decoding=\"async\" src=\"https:\/\/sonnenanker.com\/dk\/wp-content\/uploads\/sites\/9\/2018\/02\/start-sonnenanker-solanker-parasol-parasolstandere-rustfrit-st\u00e5l-terrassebj\u00e6lker-tr\u00e6terrasser-sm\u00e5-podier.jpg\" alt=\"\" \/><\/div><\/li><li><div style=\"height: 600px; width:1100px;\"><img decoding=\"async\" src=\"https:\/\/sonnenanker.com\/dk\/wp-content\/uploads\/sites\/9\/2018\/02\/start-sonnenanker-solanker-rustfrit-st\u00e5l-terrassebj\u00e6lker-tr\u00e6terrasser-oph\u00e6ng-h\u00e6ngek\u00f8jer-gangbro.jpg\" alt=\"\" \/><\/div><\/li><\/ul><\/div><div class=\"controls\"><a class=\"prev-slide\" href=\"#\"><span class=\"arrow_carrot-left\"><\/span><\/a><a class=\"next-slide\" href=\"#\"><span class=\"arrow_carrot-right\"><\/span><\/a><\/div><\/div>[vc_row_inner row_type=&#8221;row&#8221; type=&#8221;grid&#8221; use_row_as_full_screen_section_slide=&#8221;no&#8221; text_align=&#8221;left&#8221; css_animation=&#8221;&#8221;][vc_column_inner][vc_empty_space height=&#8221;30px&#8221;][vc_column_text]<\/p>\n<h1 style=\"text-align: center;\">forankret sikkert pa TR\u00c6TERRASSER<\/h1>\n<p>[\/vc_column_text][vc_empty_space height=&#8221;15px&#8221;][vc_column_text]<img loading=\"lazy\" decoding=\"async\" class=\"aligncenter wp-image-22071\" src=\"https:\/\/sonnenanker.de\/wp-content\/uploads\/2015\/08\/sonnenanker.png\" alt=\"sonnenanker\" width=\"70\" height=\"119\" \/>[\/vc_column_text][\/vc_column_inner][\/vc_row_inner][\/vc_column][\/vc_row]<\/p>\n<\/div>","protected":false},"excerpt":{"rendered":"<p>[vc_row row_type=&#8221;row&#8221; use_row_as_full_screen_section=&#8221;no&#8221; type=&#8221;full_width&#8221; text_align=&#8221;left&#8221; background_animation=&#8221;none&#8221; css_animation=&#8221;&#8221;][vc_column][vc_row_inner row_type=&#8221;row&#8221; type=&#8221;grid&#8221; use_row_as_full_screen_section_slide=&#8221;no&#8221; text_align=&#8221;left&#8221; css_animation=&#8221;&#8221;][vc_column_inner][vc_empty_space height=&#8221;30px&#8221;][vc_column_text] forankret sikkert pa TR\u00c6TERRASSER [\/vc_column_text][vc_empty_space height=&#8221;15px&#8221;][vc_column_text][\/vc_column_text][\/vc_column_inner][\/vc_row_inner][\/vc_column][\/vc_row]<\/p>\n","protected":false},"author":1,"featured_media":0,"parent":0,"menu_order":0,"comment_status":"closed","ping_status":"open","template":"full_width.php","meta":{"inline_featured_image":false,"footnotes":""},"class_list":["post-2","page","type-page","status-publish","hentry"],"yoast_head":"<!-- This site is optimized with the Yoast SEO Premium plugin v24.9 (Yoast SEO v27.3) - https:\/\/yoast.com\/product\/yoast-seo-premium-wordpress\/ -->\n<title>start - sonnenanker | DK<\/title>\n<meta name=\"robots\" content=\"index, follow, max-snippet:-1, max-image-preview:large, max-video-preview:-1\" \/>\n<link rel=\"canonical\" href=\"https:\/\/sonnenanker.com\/dk\/\" \/>\n<meta property=\"og:locale\" content=\"da_DK\" \/>\n<meta property=\"og:type\" content=\"article\" \/>\n<meta property=\"og:title\" content=\"start\" \/>\n<meta property=\"og:description\" content=\"[vc_row row_type=&#8221;row&#8221; use_row_as_full_screen_section=&#8221;no&#8221; type=&#8221;full_width&#8221; text_align=&#8221;left&#8221; background_animation=&#8221;none&#8221; css_animation=&#8221;&#8221;][vc_column][vc_row_inner row_type=&#8221;row&#8221; type=&#8221;grid&#8221; use_row_as_full_screen_section_slide=&#8221;no&#8221; text_align=&#8221;left&#8221; css_animation=&#8221;&#8221;][vc_column_inner][vc_empty_space height=&#8221;30px&#8221;][vc_column_text] forankret sikkert pa TR\u00c6TERRASSER [\/vc_column_text][vc_empty_space height=&#8221;15px&#8221;][vc_column_text][\/vc_column_text][\/vc_column_inner][\/vc_row_inner][\/vc_column][\/vc_row]\" \/>\n<meta property=\"og:url\" content=\"https:\/\/sonnenanker.com\/dk\/\" \/>\n<meta property=\"og:site_name\" content=\"sonnenanker | DK\" \/>\n<meta property=\"article:modified_time\" content=\"2021-04-03T21:23:19+00:00\" \/>\n<meta property=\"og:image\" content=\"https:\/\/sonnenanker.de\/wp-content\/uploads\/2015\/08\/sonnenanker.png\" \/>\n<meta name=\"twitter:card\" content=\"summary_large_image\" \/>\n<script type=\"application\/ld+json\" class=\"yoast-schema-graph\">{\"@context\":\"https:\\\/\\\/schema.org\",\"@graph\":[{\"@type\":\"WebPage\",\"@id\":\"https:\\\/\\\/sonnenanker.com\\\/dk\\\/\",\"url\":\"https:\\\/\\\/sonnenanker.com\\\/dk\\\/\",\"name\":\"start - sonnenanker | DK\",\"isPartOf\":{\"@id\":\"https:\\\/\\\/sonnenanker.com\\\/dk\\\/#website\"},\"primaryImageOfPage\":{\"@id\":\"https:\\\/\\\/sonnenanker.com\\\/dk\\\/#primaryimage\"},\"image\":{\"@id\":\"https:\\\/\\\/sonnenanker.com\\\/dk\\\/#primaryimage\"},\"thumbnailUrl\":\"https:\\\/\\\/sonnenanker.de\\\/wp-content\\\/uploads\\\/2015\\\/08\\\/sonnenanker.png\",\"datePublished\":\"2018-01-31T19:58:58+00:00\",\"dateModified\":\"2021-04-03T21:23:19+00:00\",\"breadcrumb\":{\"@id\":\"https:\\\/\\\/sonnenanker.com\\\/dk\\\/#breadcrumb\"},\"inLanguage\":\"da-DK\",\"potentialAction\":[{\"@type\":\"ReadAction\",\"target\":[\"https:\\\/\\\/sonnenanker.com\\\/dk\\\/\"]}]},{\"@type\":\"ImageObject\",\"inLanguage\":\"da-DK\",\"@id\":\"https:\\\/\\\/sonnenanker.com\\\/dk\\\/#primaryimage\",\"url\":\"https:\\\/\\\/sonnenanker.de\\\/wp-content\\\/uploads\\\/2015\\\/08\\\/sonnenanker.png\",\"contentUrl\":\"https:\\\/\\\/sonnenanker.de\\\/wp-content\\\/uploads\\\/2015\\\/08\\\/sonnenanker.png\"},{\"@type\":\"BreadcrumbList\",\"@id\":\"https:\\\/\\\/sonnenanker.com\\\/dk\\\/#breadcrumb\",\"itemListElement\":[{\"@type\":\"ListItem\",\"position\":1,\"name\":\"Startseite\",\"item\":\"https:\\\/\\\/sonnenanker.com\\\/dk\\\/\"},{\"@type\":\"ListItem\",\"position\":2,\"name\":\"start\"}]},{\"@type\":\"WebSite\",\"@id\":\"https:\\\/\\\/sonnenanker.com\\\/dk\\\/#website\",\"url\":\"https:\\\/\\\/sonnenanker.com\\\/dk\\\/\",\"name\":\"sonnenanker | DK\",\"description\":\"Smukt og godt til tr\u00e6terrasser\",\"publisher\":{\"@id\":\"https:\\\/\\\/sonnenanker.com\\\/dk\\\/#organization\"},\"potentialAction\":[{\"@type\":\"SearchAction\",\"target\":{\"@type\":\"EntryPoint\",\"urlTemplate\":\"https:\\\/\\\/sonnenanker.com\\\/dk\\\/?s={search_term_string}\"},\"query-input\":{\"@type\":\"PropertyValueSpecification\",\"valueRequired\":true,\"valueName\":\"search_term_string\"}}],\"inLanguage\":\"da-DK\"},{\"@type\":\"Organization\",\"@id\":\"https:\\\/\\\/sonnenanker.com\\\/dk\\\/#organization\",\"name\":\"sonnenanker\",\"url\":\"https:\\\/\\\/sonnenanker.com\\\/dk\\\/\",\"logo\":{\"@type\":\"ImageObject\",\"inLanguage\":\"da-DK\",\"@id\":\"https:\\\/\\\/sonnenanker.com\\\/dk\\\/#\\\/schema\\\/logo\\\/image\\\/\",\"url\":\"https:\\\/\\\/sonnenanker.com\\\/dk\\\/wp-content\\\/uploads\\\/sites\\\/9\\\/2020\\\/05\\\/sonnenanker-picture-logo.png\",\"contentUrl\":\"https:\\\/\\\/sonnenanker.com\\\/dk\\\/wp-content\\\/uploads\\\/sites\\\/9\\\/2020\\\/05\\\/sonnenanker-picture-logo.png\",\"width\":200,\"height\":392,\"caption\":\"sonnenanker\"},\"image\":{\"@id\":\"https:\\\/\\\/sonnenanker.com\\\/dk\\\/#\\\/schema\\\/logo\\\/image\\\/\"}}]}<\/script>\n<!-- \/ Yoast SEO Premium plugin. -->","yoast_head_json":{"title":"start - sonnenanker | DK","robots":{"index":"index","follow":"follow","max-snippet":"max-snippet:-1","max-image-preview":"max-image-preview:large","max-video-preview":"max-video-preview:-1"},"canonical":"https:\/\/sonnenanker.com\/dk\/","og_locale":"da_DK","og_type":"article","og_title":"start","og_description":"[vc_row row_type=&#8221;row&#8221; use_row_as_full_screen_section=&#8221;no&#8221; type=&#8221;full_width&#8221; text_align=&#8221;left&#8221; background_animation=&#8221;none&#8221; css_animation=&#8221;&#8221;][vc_column][vc_row_inner row_type=&#8221;row&#8221; type=&#8221;grid&#8221; use_row_as_full_screen_section_slide=&#8221;no&#8221; text_align=&#8221;left&#8221; css_animation=&#8221;&#8221;][vc_column_inner][vc_empty_space height=&#8221;30px&#8221;][vc_column_text] forankret sikkert pa TR\u00c6TERRASSER [\/vc_column_text][vc_empty_space height=&#8221;15px&#8221;][vc_column_text][\/vc_column_text][\/vc_column_inner][\/vc_row_inner][\/vc_column][\/vc_row]","og_url":"https:\/\/sonnenanker.com\/dk\/","og_site_name":"sonnenanker | DK","article_modified_time":"2021-04-03T21:23:19+00:00","og_image":[{"url":"https:\/\/sonnenanker.de\/wp-content\/uploads\/2015\/08\/sonnenanker.png","type":"","width":"","height":""}],"twitter_card":"summary_large_image","schema":{"@context":"https:\/\/schema.org","@graph":[{"@type":"WebPage","@id":"https:\/\/sonnenanker.com\/dk\/","url":"https:\/\/sonnenanker.com\/dk\/","name":"start - sonnenanker | DK","isPartOf":{"@id":"https:\/\/sonnenanker.com\/dk\/#website"},"primaryImageOfPage":{"@id":"https:\/\/sonnenanker.com\/dk\/#primaryimage"},"image":{"@id":"https:\/\/sonnenanker.com\/dk\/#primaryimage"},"thumbnailUrl":"https:\/\/sonnenanker.de\/wp-content\/uploads\/2015\/08\/sonnenanker.png","datePublished":"2018-01-31T19:58:58+00:00","dateModified":"2021-04-03T21:23:19+00:00","breadcrumb":{"@id":"https:\/\/sonnenanker.com\/dk\/#breadcrumb"},"inLanguage":"da-DK","potentialAction":[{"@type":"ReadAction","target":["https:\/\/sonnenanker.com\/dk\/"]}]},{"@type":"ImageObject","inLanguage":"da-DK","@id":"https:\/\/sonnenanker.com\/dk\/#primaryimage","url":"https:\/\/sonnenanker.de\/wp-content\/uploads\/2015\/08\/sonnenanker.png","contentUrl":"https:\/\/sonnenanker.de\/wp-content\/uploads\/2015\/08\/sonnenanker.png"},{"@type":"BreadcrumbList","@id":"https:\/\/sonnenanker.com\/dk\/#breadcrumb","itemListElement":[{"@type":"ListItem","position":1,"name":"Startseite","item":"https:\/\/sonnenanker.com\/dk\/"},{"@type":"ListItem","position":2,"name":"start"}]},{"@type":"WebSite","@id":"https:\/\/sonnenanker.com\/dk\/#website","url":"https:\/\/sonnenanker.com\/dk\/","name":"sonnenanker | DK","description":"Smukt og godt til tr\u00e6terrasser","publisher":{"@id":"https:\/\/sonnenanker.com\/dk\/#organization"},"potentialAction":[{"@type":"SearchAction","target":{"@type":"EntryPoint","urlTemplate":"https:\/\/sonnenanker.com\/dk\/?s={search_term_string}"},"query-input":{"@type":"PropertyValueSpecification","valueRequired":true,"valueName":"search_term_string"}}],"inLanguage":"da-DK"},{"@type":"Organization","@id":"https:\/\/sonnenanker.com\/dk\/#organization","name":"sonnenanker","url":"https:\/\/sonnenanker.com\/dk\/","logo":{"@type":"ImageObject","inLanguage":"da-DK","@id":"https:\/\/sonnenanker.com\/dk\/#\/schema\/logo\/image\/","url":"https:\/\/sonnenanker.com\/dk\/wp-content\/uploads\/sites\/9\/2020\/05\/sonnenanker-picture-logo.png","contentUrl":"https:\/\/sonnenanker.com\/dk\/wp-content\/uploads\/sites\/9\/2020\/05\/sonnenanker-picture-logo.png","width":200,"height":392,"caption":"sonnenanker"},"image":{"@id":"https:\/\/sonnenanker.com\/dk\/#\/schema\/logo\/image\/"}}]}},"_links":{"self":[{"href":"https:\/\/sonnenanker.com\/dk\/wp-json\/wp\/v2\/pages\/2","targetHints":{"allow":["GET"]}}],"collection":[{"href":"https:\/\/sonnenanker.com\/dk\/wp-json\/wp\/v2\/pages"}],"about":[{"href":"https:\/\/sonnenanker.com\/dk\/wp-json\/wp\/v2\/types\/page"}],"author":[{"embeddable":true,"href":"https:\/\/sonnenanker.com\/dk\/wp-json\/wp\/v2\/users\/1"}],"replies":[{"embeddable":true,"href":"https:\/\/sonnenanker.com\/dk\/wp-json\/wp\/v2\/comments?post=2"}],"version-history":[{"count":9,"href":"https:\/\/sonnenanker.com\/dk\/wp-json\/wp\/v2\/pages\/2\/revisions"}],"predecessor-version":[{"id":868,"href":"https:\/\/sonnenanker.com\/dk\/wp-json\/wp\/v2\/pages\/2\/revisions\/868"}],"wp:attachment":[{"href":"https:\/\/sonnenanker.com\/dk\/wp-json\/wp\/v2\/media?parent=2"}],"curies":[{"name":"wp","href":"https:\/\/api.w.org\/{rel}","templated":true}]}}